{"id":3352,"date":"2025-08-23T03:09:25","date_gmt":"2025-08-23T03:09:25","guid":{"rendered":"https:\/\/xindasafety.com\/?post_type=product&#038;p=3352"},"modified":"2026-01-18T08:55:04","modified_gmt":"2026-01-18T08:55:04","slug":"mosquetao-multiuso","status":"publish","type":"product","link":"https:\/\/xindasafety.com\/pt_br\/product\/multi-purpose-carabiner\/","title":{"rendered":"HH8139TN"},"content":{"rendered":"<p><strong data-start=\"37\" data-end=\"54\">Nome do produto:<\/strong> Mosquet\u00e3o para ferramentas antirrota\u00e7\u00e3o<br data-start=\"83\" data-end=\"86\" \/><strong data-start=\"86\" data-end=\"96\">Marca:<\/strong> Xinda<br data-start=\"102\" data-end=\"105\" \/><strong data-start=\"105\" data-end=\"119\" data-is-only-node=\"\">Modelo n\u00ba:<\/strong> HH-8139TN<br data-start=\"129\" data-end=\"132\" \/><strong data-start=\"132\" data-end=\"145\">Material:<\/strong> Liga de alum\u00ednio de alta resist\u00eancia<br data-start=\"174\" data-end=\"177\" \/><strong data-start=\"177\" data-end=\"199\">For\u00e7a de ruptura:<\/strong> 5 kN (\u2248100 kg)<br data-start=\"214\" data-end=\"217\" \/><strong data-start=\"217\" data-end=\"238\">Padr\u00e3o do produto:<\/strong> XF494-2023<br data-start=\"249\" data-end=\"252\" \/><strong data-start=\"252\" data-end=\"269\">Abertura do port\u00e3o:<\/strong> \u226416 mm<br data-start=\"276\" data-end=\"279\" \/><strong data-start=\"279\" data-end=\"288\">Tamanho:<\/strong> 50 \u00d7 87 \u00d7 11,3 mm<br data-start=\"306\" data-end=\"309\" \/><strong data-start=\"309\" data-end=\"319\">Cor:<\/strong> Cinza pistola + verde grama<br data-start=\"342\" data-end=\"345\" \/><strong data-start=\"345\" data-end=\"356\">Peso:<\/strong> 34.5 g<br data-start=\"363\" data-end=\"366\" \/><strong data-start=\"366\" data-end=\"388\">Escopo do aplicativo:<\/strong> Al\u00e7as de p\u00e9, conex\u00f5es de cord\u00e3o, etc.<br data-start=\"426\" data-end=\"429\" \/><strong data-start=\"429\" data-end=\"450\">Fun\u00e7\u00e3o do produto:<\/strong> Trava antirrota\u00e7\u00e3o, mosquet\u00e3o sem EPI<\/p>","protected":false},"excerpt":{"rendered":"<p>Xinda 8139TN Mosquet\u00e3o multifuncional para ferramentas antirrota\u00e7\u00e3o para uso externo - Mosquet\u00e3o de travamento de seguran\u00e7a para uso externo para trabalho a\u00e9reo e conex\u00e3o de cord\u00e3o<\/p>","protected":false},"featured_media":3344,"template":"","meta":{"_acf_changed":false},"product_brand":[],"product_cat":[104],"product_tag":[69],"class_list":{"0":"post-3352","1":"product","2":"type-product","3":"status-publish","4":"has-post-thumbnail","6":"product_cat-carabiner-generation-3-carabiner","7":"product_tag-carabiner","9":"first","10":"instock","11":"shipping-taxable","12":"product-type-simple"},"acf":[],"_links":{"self":[{"href":"https:\/\/xindasafety.com\/pt_br\/wp-json\/wp\/v2\/product\/3352","targetHints":{"allow":["GET"]}}],"collection":[{"href":"https:\/\/xindasafety.com\/pt_br\/wp-json\/wp\/v2\/product"}],"about":[{"href":"https:\/\/xindasafety.com\/pt_br\/wp-json\/wp\/v2\/types\/product"}],"version-history":[{"count":2,"href":"https:\/\/xindasafety.com\/pt_br\/wp-json\/wp\/v2\/product\/3352\/revisions"}],"predecessor-version":[{"id":6787,"href":"https:\/\/xindasafety.com\/pt_br\/wp-json\/wp\/v2\/product\/3352\/revisions\/6787"}],"wp:featuredmedia":[{"embeddable":true,"href":"https:\/\/xindasafety.com\/pt_br\/wp-json\/wp\/v2\/media\/3344"}],"wp:attachment":[{"href":"https:\/\/xindasafety.com\/pt_br\/wp-json\/wp\/v2\/media?parent=3352"}],"wp:term":[{"taxonomy":"product_brand","embeddable":true,"href":"https:\/\/xindasafety.com\/pt_br\/wp-json\/wp\/v2\/product_brand?post=3352"},{"taxonomy":"product_cat","embeddable":true,"href":"https:\/\/xindasafety.com\/pt_br\/wp-json\/wp\/v2\/product_cat?post=3352"},{"taxonomy":"product_tag","embeddable":true,"href":"https:\/\/xindasafety.com\/pt_br\/wp-json\/wp\/v2\/product_tag?post=3352"}],"curies":[{"name":"wp","href":"https:\/\/api.w.org\/{rel}","templated":true}]}}