{"id":3292,"date":"2025-08-23T02:36:50","date_gmt":"2025-08-23T02:36:50","guid":{"rendered":"https:\/\/xindasafety.com\/?post_type=product&#038;p=3292"},"modified":"2026-04-18T05:48:09","modified_gmt":"2026-04-18T05:48:09","slug":"capacete-esportivo-leve","status":"publish","type":"product","link":"https:\/\/xindasafety.com\/pt_br\/product\/lightweight-sports-helmet\/","title":{"rendered":"HH9805"},"content":{"rendered":"<p><strong data-start=\"37\" data-end=\"54\">Nome do produto:<\/strong> Capacete esportivo leve Cool Shadow<br data-start=\"92\" data-end=\"95\" \/><strong data-start=\"95\" data-end=\"105\">Marca:<\/strong> Xinda<br data-start=\"111\" data-end=\"114\" \/><strong data-start=\"114\" data-end=\"128\" data-is-only-node=\"\">Modelo n\u00ba:<\/strong> HH-9805<br data-start=\"136\" data-end=\"139\" \/><strong data-start=\"139\" data-end=\"152\">Material:<\/strong> ABS + espuma de EPP<br data-start=\"167\" data-end=\"170\" \/><strong data-start=\"170\" data-end=\"181\">Peso:<\/strong> Pequeno: 230 g \/ Grande: 233 g<br data-start=\"209\" data-end=\"212\" \/><strong data-start=\"212\" data-end=\"221\">Tamanho:<\/strong> Pequeno: ajust\u00e1vel 52-55 cm \/ Grande: Ajust\u00e1vel 58-61 cm<br data-start=\"277\" data-end=\"280\" \/><strong data-start=\"280\" data-end=\"302\">Escopo do aplicativo:<\/strong> Montanhismo, escalada em rocha, resgate de combate a inc\u00eandio, treinamento ao ar livre, espeleologia, rapel, prote\u00e7\u00e3o para a cabe\u00e7a, etc.<\/p>","protected":false},"excerpt":{"rendered":"<p>Capacete leve de terceira gera\u00e7\u00e3o Xinda - Montanhismo ao ar livre, escalada em rocha, espeleologia, capacete de seguran\u00e7a para esportes de aventura, equipamento de trabalho a\u00e9reo<\/p>","protected":false},"featured_media":3279,"template":"","meta":{"_acf_changed":false},"product_brand":[],"product_cat":[119],"product_tag":[78],"class_list":{"0":"post-3292","1":"product","2":"type-product","3":"status-publish","4":"has-post-thumbnail","6":"product_cat-helmet-gen3","7":"product_tag-helmet","9":"first","10":"instock","11":"shipping-taxable","12":"product-type-variable"},"acf":[],"_links":{"self":[{"href":"https:\/\/xindasafety.com\/pt_br\/wp-json\/wp\/v2\/product\/3292","targetHints":{"allow":["GET"]}}],"collection":[{"href":"https:\/\/xindasafety.com\/pt_br\/wp-json\/wp\/v2\/product"}],"about":[{"href":"https:\/\/xindasafety.com\/pt_br\/wp-json\/wp\/v2\/types\/product"}],"version-history":[{"count":3,"href":"https:\/\/xindasafety.com\/pt_br\/wp-json\/wp\/v2\/product\/3292\/revisions"}],"predecessor-version":[{"id":7052,"href":"https:\/\/xindasafety.com\/pt_br\/wp-json\/wp\/v2\/product\/3292\/revisions\/7052"}],"wp:featuredmedia":[{"embeddable":true,"href":"https:\/\/xindasafety.com\/pt_br\/wp-json\/wp\/v2\/media\/3279"}],"wp:attachment":[{"href":"https:\/\/xindasafety.com\/pt_br\/wp-json\/wp\/v2\/media?parent=3292"}],"wp:term":[{"taxonomy":"product_brand","embeddable":true,"href":"https:\/\/xindasafety.com\/pt_br\/wp-json\/wp\/v2\/product_brand?post=3292"},{"taxonomy":"product_cat","embeddable":true,"href":"https:\/\/xindasafety.com\/pt_br\/wp-json\/wp\/v2\/product_cat?post=3292"},{"taxonomy":"product_tag","embeddable":true,"href":"https:\/\/xindasafety.com\/pt_br\/wp-json\/wp\/v2\/product_tag?post=3292"}],"curies":[{"name":"wp","href":"https:\/\/api.w.org\/{rel}","templated":true}]}}