{"id":3248,"date":"2025-08-22T06:11:22","date_gmt":"2025-08-22T06:11:22","guid":{"rendered":"https:\/\/xindasafety.com\/?post_type=product&#038;p=3248"},"modified":"2026-01-19T05:34:01","modified_gmt":"2026-01-19T05:34:01","slug":"cordao-de-corda-elastica","status":"publish","type":"product","link":"https:\/\/xindasafety.com\/pt_br\/product\/elastic-rope-lanyard\/","title":{"rendered":"HH9377"},"content":{"rendered":"<p data-start=\"23\" data-end=\"361\"><strong data-start=\"23\" data-end=\"39\">Nome do produto<\/strong>: Cord\u00e3o de absor\u00e7\u00e3o de choque Flying Fox<br data-start=\"75\" data-end=\"78\" \/><strong data-start=\"78\" data-end=\"87\">Marca<\/strong>: Xinda\u00a0<br data-start=\"99\" data-end=\"102\" \/><strong data-start=\"102\" data-end=\"115\">Modelo n\u00ba.<\/strong>: HH-9377<br data-start=\"124\" data-end=\"127\" data-is-only-node=\"\" \/><strong data-start=\"127\" data-end=\"139\">Material<\/strong>: Dyneema, poli\u00e9ster, etc.<br data-start=\"165\" data-end=\"168\" \/><strong data-start=\"168\" data-end=\"178\">Comprimento<\/strong>: Comprimento normal: 63 cm \/ Comprimento estendido: 89 cm<br data-start=\"223\" data-end=\"226\" \/><strong data-start=\"226\" data-end=\"235\">Cor<\/strong>: Verde-cinza<br data-start=\"247\" data-end=\"250\" \/><strong data-start=\"250\" data-end=\"260\">Peso<\/strong>: 184g<br data-start=\"266\" data-end=\"269\" \/><strong data-start=\"269\" data-end=\"293\">Comprimento do cord\u00e3o curto<\/strong>: 30cm<br data-start=\"299\" data-end=\"302\" \/><strong data-start=\"302\" data-end=\"314\">Padr\u00e3o<\/strong>: GB\/T24538-2009<br data-start=\"330\" data-end=\"333\" \/><strong data-start=\"333\" data-end=\"349\">Carga de trabalho<\/strong>: 40-120 kg<\/p>\n<p data-start=\"23\" data-end=\"361\"><strong data-start=\"363\" data-end=\"384\">Escopo do aplicativo<\/strong>: Travessia na selva, tirolesa, treinamento de escalada em rocha e aventura<\/p>","protected":false},"excerpt":{"rendered":"<p>Talabarte principal de travamento com mosquet\u00e3o de seguran\u00e7a substitu\u00edvel da s\u00e9rie H de 3\u00aa gera\u00e7\u00e3o da XINDA Forest Flying Elastic Continuous Fall Protection<\/p>","protected":false},"featured_media":3226,"template":"","meta":{"_acf_changed":false},"product_brand":[],"product_cat":[146],"product_tag":[],"class_list":{"0":"post-3248","1":"product","2":"type-product","3":"status-publish","4":"has-post-thumbnail","6":"product_cat-lanyard","8":"first","9":"instock","10":"shipping-taxable","11":"product-type-variable"},"acf":[],"_links":{"self":[{"href":"https:\/\/xindasafety.com\/pt_br\/wp-json\/wp\/v2\/product\/3248","targetHints":{"allow":["GET"]}}],"collection":[{"href":"https:\/\/xindasafety.com\/pt_br\/wp-json\/wp\/v2\/product"}],"about":[{"href":"https:\/\/xindasafety.com\/pt_br\/wp-json\/wp\/v2\/types\/product"}],"version-history":[{"count":2,"href":"https:\/\/xindasafety.com\/pt_br\/wp-json\/wp\/v2\/product\/3248\/revisions"}],"predecessor-version":[{"id":6887,"href":"https:\/\/xindasafety.com\/pt_br\/wp-json\/wp\/v2\/product\/3248\/revisions\/6887"}],"wp:featuredmedia":[{"embeddable":true,"href":"https:\/\/xindasafety.com\/pt_br\/wp-json\/wp\/v2\/media\/3226"}],"wp:attachment":[{"href":"https:\/\/xindasafety.com\/pt_br\/wp-json\/wp\/v2\/media?parent=3248"}],"wp:term":[{"taxonomy":"product_brand","embeddable":true,"href":"https:\/\/xindasafety.com\/pt_br\/wp-json\/wp\/v2\/product_brand?post=3248"},{"taxonomy":"product_cat","embeddable":true,"href":"https:\/\/xindasafety.com\/pt_br\/wp-json\/wp\/v2\/product_cat?post=3248"},{"taxonomy":"product_tag","embeddable":true,"href":"https:\/\/xindasafety.com\/pt_br\/wp-json\/wp\/v2\/product_tag?post=3248"}],"curies":[{"name":"wp","href":"https:\/\/api.w.org\/{rel}","templated":true}]}}