{"id":7400,"date":"2026-04-22T06:15:24","date_gmt":"2026-04-22T06:15:24","guid":{"rendered":"https:\/\/xindasafety.com\/?post_type=product&#038;p=7400"},"modified":"2026-04-22T06:15:24","modified_gmt":"2026-04-22T06:15:24","slug":"xd9602","status":"publish","type":"product","link":"https:\/\/xindasafety.com\/pt\/product\/xd9602\/","title":{"rendered":"XD9602"},"content":{"rendered":"<p class=\"ds-markdown-paragraph\"><strong>Marca:<\/strong> XINDA<br \/>\n<strong>Modelo n.\u00ba:<\/strong>\u00a0XD-Q9602<br \/>\n<strong>Nome do produto:<\/strong>\u00a0Polia girat\u00f3ria \/ Roda girat\u00f3ria<br \/>\n<strong>Carga de rutura:<\/strong>\u00a030kN<br \/>\n<strong>Material:<\/strong>\u00a0Liga de alum\u00ednio de alta resist\u00eancia<br \/>\n<strong>Dimens\u00f5es:<\/strong>\u00a05,5 \u00d7 10,8 cm<br \/>\n<strong>Cor:<\/strong>\u00a0Como indicado na imagem<br \/>\n<strong>Peso:<\/strong>\u00a0140g<\/p>\n<p class=\"ds-markdown-paragraph\"><strong>\u00c2mbito de aplica\u00e7\u00e3o:<\/strong>\u00a0Montanhismo, escalada em rocha, treino de expans\u00e3o, salvamento no exterior, trabalho em altitude, rapel, i\u00e7amento e outras actividades<br \/>\n<strong>Ponto de fixa\u00e7\u00e3o superior:<\/strong>\u00a0Evita o emaranhamento da corda<\/p>","protected":false},"excerpt":{"rendered":"<p><strong>Xinda Outdoor Rock Climbing Swivel, Conex\u00e3o Fixa Rotator, Polia de Corda Anti-Twist Swivel, Junta Universal<\/strong><\/p>","protected":false},"featured_media":7405,"template":"","meta":{"_acf_changed":false},"product_brand":[],"product_cat":[60,126],"product_tag":[169,338,340,345,147,267,326,343],"class_list":{"0":"post-7400","1":"product","2":"type-product","3":"status-publish","4":"has-post-thumbnail","6":"product_cat-pulley","7":"product_cat-pulley-gen1","8":"product_tag-pulley","9":"product_tag-ropeaccess","10":"product_tag-ropedevice-ropeequipment","11":"product_tag-ropeequipment","12":"product_tag-swivel","13":"product_tag-swivel-pulley","14":"product_tag-xinda","15":"product_tag-xinda-equipment","17":"first","18":"instock","19":"shipping-taxable","20":"product-type-simple"},"acf":[],"_links":{"self":[{"href":"https:\/\/xindasafety.com\/pt\/wp-json\/wp\/v2\/product\/7400","targetHints":{"allow":["GET"]}}],"collection":[{"href":"https:\/\/xindasafety.com\/pt\/wp-json\/wp\/v2\/product"}],"about":[{"href":"https:\/\/xindasafety.com\/pt\/wp-json\/wp\/v2\/types\/product"}],"version-history":[{"count":1,"href":"https:\/\/xindasafety.com\/pt\/wp-json\/wp\/v2\/product\/7400\/revisions"}],"predecessor-version":[{"id":7406,"href":"https:\/\/xindasafety.com\/pt\/wp-json\/wp\/v2\/product\/7400\/revisions\/7406"}],"wp:featuredmedia":[{"embeddable":true,"href":"https:\/\/xindasafety.com\/pt\/wp-json\/wp\/v2\/media\/7405"}],"wp:attachment":[{"href":"https:\/\/xindasafety.com\/pt\/wp-json\/wp\/v2\/media?parent=7400"}],"wp:term":[{"taxonomy":"product_brand","embeddable":true,"href":"https:\/\/xindasafety.com\/pt\/wp-json\/wp\/v2\/product_brand?post=7400"},{"taxonomy":"product_cat","embeddable":true,"href":"https:\/\/xindasafety.com\/pt\/wp-json\/wp\/v2\/product_cat?post=7400"},{"taxonomy":"product_tag","embeddable":true,"href":"https:\/\/xindasafety.com\/pt\/wp-json\/wp\/v2\/product_tag?post=7400"}],"curies":[{"name":"wp","href":"https:\/\/api.w.org\/{rel}","templated":true}]}}