{"id":7355,"date":"2026-04-22T01:50:29","date_gmt":"2026-04-22T01:50:29","guid":{"rendered":"https:\/\/xindasafety.com\/?post_type=product&#038;p=7355"},"modified":"2026-04-22T01:50:29","modified_gmt":"2026-04-22T01:50:29","slug":"xdd9307","status":"publish","type":"product","link":"https:\/\/xindasafety.com\/pt\/product\/xdd9307\/","title":{"rendered":"XDD9307"},"content":{"rendered":"<p><strong>Marca:<\/strong> XINDA<br \/>\n<strong>Modelo n.\u00ba:<\/strong>\u00a0XD-D9307<br \/>\n<strong>Cor:<\/strong>\u00a0Como indicado na imagem<br \/>\n<strong>Nome do produto:<\/strong>\u00a0Arn\u00eas de peito Al\u00e7a de ombro<br \/>\n<strong>Material:<\/strong>\u00a0Fio refor\u00e7ado com poli\u00e9ster<br \/>\n<strong>Peso:<\/strong>\u00a0101g<br \/>\n<strong>Dimens\u00f5es:<\/strong>\u00a0Largura 1,9 cm<br \/>\n<strong>Carater\u00edsticas:<\/strong>\u00a0A parte traseira \u00e9 ligada ao arn\u00eas atrav\u00e9s de um Maillon rapide. Depois de passar a correia da frente pelo orif\u00edcio de fixa\u00e7\u00e3o superior do ascensor peitoral e, em seguida, pela fivela de regula\u00e7\u00e3o, o comprimento pode ser ajustado com uma m\u00e3o para fixar com seguran\u00e7a o ascensor peitoral<\/p>","protected":false},"excerpt":{"rendered":"<p><strong>Xinda Correia de Fixa\u00e7\u00e3o de Ascensor de Peito, Correia de Ombro, Correia de Fixa\u00e7\u00e3o de Dispositivo de Escalada de Corda Ajust\u00e1vel Pr\u00e9-abdominal, Correia de Peito de Cinto de Seguran\u00e7a<\/strong><\/p>","protected":false},"featured_media":7357,"template":"","meta":{"_acf_changed":false},"product_brand":[],"product_cat":[68],"product_tag":[338,340,345,277,326,343],"class_list":{"0":"post-7355","1":"product","2":"type-product","3":"status-publish","4":"has-post-thumbnail","6":"product_cat-auxiliary-tools","7":"product_tag-ropeaccess","8":"product_tag-ropedevice-ropeequipment","9":"product_tag-ropeequipment","10":"product_tag-shoulder-straps","11":"product_tag-xinda","12":"product_tag-xinda-equipment","14":"first","15":"instock","16":"shipping-taxable","17":"product-type-simple"},"acf":[],"_links":{"self":[{"href":"https:\/\/xindasafety.com\/pt\/wp-json\/wp\/v2\/product\/7355","targetHints":{"allow":["GET"]}}],"collection":[{"href":"https:\/\/xindasafety.com\/pt\/wp-json\/wp\/v2\/product"}],"about":[{"href":"https:\/\/xindasafety.com\/pt\/wp-json\/wp\/v2\/types\/product"}],"version-history":[{"count":1,"href":"https:\/\/xindasafety.com\/pt\/wp-json\/wp\/v2\/product\/7355\/revisions"}],"predecessor-version":[{"id":7361,"href":"https:\/\/xindasafety.com\/pt\/wp-json\/wp\/v2\/product\/7355\/revisions\/7361"}],"wp:featuredmedia":[{"embeddable":true,"href":"https:\/\/xindasafety.com\/pt\/wp-json\/wp\/v2\/media\/7357"}],"wp:attachment":[{"href":"https:\/\/xindasafety.com\/pt\/wp-json\/wp\/v2\/media?parent=7355"}],"wp:term":[{"taxonomy":"product_brand","embeddable":true,"href":"https:\/\/xindasafety.com\/pt\/wp-json\/wp\/v2\/product_brand?post=7355"},{"taxonomy":"product_cat","embeddable":true,"href":"https:\/\/xindasafety.com\/pt\/wp-json\/wp\/v2\/product_cat?post=7355"},{"taxonomy":"product_tag","embeddable":true,"href":"https:\/\/xindasafety.com\/pt\/wp-json\/wp\/v2\/product_tag?post=7355"}],"curies":[{"name":"wp","href":"https:\/\/api.w.org\/{rel}","templated":true}]}}