{"id":7351,"date":"2026-04-22T01:38:57","date_gmt":"2026-04-22T01:38:57","guid":{"rendered":"https:\/\/xindasafety.com\/?post_type=product&#038;p=7351"},"modified":"2026-04-22T01:38:57","modified_gmt":"2026-04-22T01:38:57","slug":"xd8613","status":"publish","type":"product","link":"https:\/\/xindasafety.com\/pt\/product\/xd8613\/","title":{"rendered":"XD8613"},"content":{"rendered":"<p><strong>Marca:<\/strong>\u00a0XINDA<br \/>\n<strong>Modelo n.\u00ba:<\/strong>\u00a0XD-8613<br \/>\n<strong>Nome do produto:<\/strong>\u00a0Polia dupla de placa lateral<br \/>\n<strong>Carga de rutura:<\/strong>\u00a0Est\u00e1tico 24 kN \/ Din\u00e2mico 12 kN<br \/>\n<strong>Material:<\/strong>\u00a0Liga de alum\u00ednio de alta resist\u00eancia<br \/>\n<strong>Tamanho:<\/strong>\u00a0Largura 8,2 cm \u00d7 Altura 15 cm \u00d7 Espessura 5,8 cm<br \/>\n<strong>Cor:<\/strong>\u00a0Vermelho, preto<br \/>\n<strong>Peso:<\/strong>\u00a0415g<br \/>\n<strong>Di\u00e2metro do cabo aplic\u00e1vel:<\/strong>\u00a0\u226416 mm<br \/>\n<strong>Aplica\u00e7\u00f5es:<\/strong>\u00a0Passagem de telef\u00e9rico ao ar livre, carrinho de corda a\u00e9reo, transporte de carga, rapel de escalada, prote\u00e7\u00e3o contra expans\u00e3o, arrastamento, eleva\u00e7\u00e3o, sistemas de polias, etc.<\/p>","protected":false},"excerpt":{"rendered":"<div class=\"ds-message _63c77b1\">\n<div class=\"ds-markdown\">\n<p class=\"ds-markdown-paragraph\"><strong>Xinda Outdoor Rock Climbing Pulley, Conjunto de Polia Dupla de Placa Lateral de Cruzamento de Corda, Zipline de Transporte, Equipamento de Carrinho de Corda de Expans\u00e3o de Montanhismo<\/strong><\/p>\n<\/div>\n<\/div>","protected":false},"featured_media":7347,"template":"","meta":{"_acf_changed":false},"product_brand":[],"product_cat":[60,126],"product_tag":[302,212,338,340,345,343],"class_list":{"0":"post-7351","1":"product","2":"type-product","3":"status-publish","4":"has-post-thumbnail","6":"product_cat-pulley","7":"product_cat-pulley-gen1","8":"product_tag-pulley-system","9":"product_tag-rope","10":"product_tag-ropeaccess","11":"product_tag-ropedevice-ropeequipment","12":"product_tag-ropeequipment","13":"product_tag-xinda-equipment","15":"first","16":"instock","17":"shipping-taxable","18":"product-type-variable"},"acf":[],"_links":{"self":[{"href":"https:\/\/xindasafety.com\/pt\/wp-json\/wp\/v2\/product\/7351","targetHints":{"allow":["GET"]}}],"collection":[{"href":"https:\/\/xindasafety.com\/pt\/wp-json\/wp\/v2\/product"}],"about":[{"href":"https:\/\/xindasafety.com\/pt\/wp-json\/wp\/v2\/types\/product"}],"version-history":[{"count":1,"href":"https:\/\/xindasafety.com\/pt\/wp-json\/wp\/v2\/product\/7351\/revisions"}],"predecessor-version":[{"id":7354,"href":"https:\/\/xindasafety.com\/pt\/wp-json\/wp\/v2\/product\/7351\/revisions\/7354"}],"wp:featuredmedia":[{"embeddable":true,"href":"https:\/\/xindasafety.com\/pt\/wp-json\/wp\/v2\/media\/7347"}],"wp:attachment":[{"href":"https:\/\/xindasafety.com\/pt\/wp-json\/wp\/v2\/media?parent=7351"}],"wp:term":[{"taxonomy":"product_brand","embeddable":true,"href":"https:\/\/xindasafety.com\/pt\/wp-json\/wp\/v2\/product_brand?post=7351"},{"taxonomy":"product_cat","embeddable":true,"href":"https:\/\/xindasafety.com\/pt\/wp-json\/wp\/v2\/product_cat?post=7351"},{"taxonomy":"product_tag","embeddable":true,"href":"https:\/\/xindasafety.com\/pt\/wp-json\/wp\/v2\/product_tag?post=7351"}],"curies":[{"name":"wp","href":"https:\/\/api.w.org\/{rel}","templated":true}]}}