{"id":7126,"date":"2026-04-20T05:47:50","date_gmt":"2026-04-20T05:47:50","guid":{"rendered":"https:\/\/xindasafety.com\/?post_type=product&#038;p=7126"},"modified":"2026-04-20T05:47:50","modified_gmt":"2026-04-20T05:47:50","slug":"xd8616","status":"publish","type":"product","link":"https:\/\/xindasafety.com\/pt\/product\/xd8616\/","title":{"rendered":"XD8616"},"content":{"rendered":"<p class=\"ds-markdown-paragraph\"><strong>Nome do produto:<\/strong> Polia girat\u00f3ria<br \/>\n<strong>Marca:<\/strong>\u00a0Xinda<\/p>\n<p class=\"ds-markdown-paragraph\"><strong>Modelo n.\u00ba:<\/strong>\u00a0XD-8616<\/p>\n<p class=\"ds-markdown-paragraph\"><strong>Material:<\/strong>\u00a0Liga de alum\u00ednio de alta resist\u00eancia<\/p>\n<p class=\"ds-markdown-paragraph\"><strong>Carga de rutura:<\/strong>\u00a035 kN<\/p>\n<p class=\"ds-markdown-paragraph\"><strong>Peso:<\/strong>\u00a073 g<\/p>\n<p class=\"ds-markdown-paragraph\"><strong>Padr\u00e3o:<\/strong>\u00a0XF 494-2023<\/p>\n<p class=\"ds-markdown-paragraph\"><strong>Tamanho:<\/strong>\u00a0Comprimento 3,7 cm \u00d7 Largura 8,3 cm<\/p>\n<p class=\"ds-markdown-paragraph\"><strong>\u00c2mbito de aplica\u00e7\u00e3o:<\/strong><br \/>\nMontanhismo, escalada, actividades de expans\u00e3o, salvamento no exterior, trabalhos em altitude, rapel, eleva\u00e7\u00e3o e outros desportos.<\/p>","protected":false},"excerpt":{"rendered":"<p><strong>Xinda Swivel Pulley - Conector girat\u00f3rio universal, conetor fixo, roda girat\u00f3ria de alta altitude para escalada ao ar livre, montanhismo e opera\u00e7\u00f5es de resgate.<\/strong><\/p>","protected":false},"featured_media":7129,"template":"","meta":{"_acf_changed":false},"product_brand":[],"product_cat":[60,126],"product_tag":[169,338,340,345,147,267,343],"class_list":{"0":"post-7126","1":"product","2":"type-product","3":"status-publish","4":"has-post-thumbnail","6":"product_cat-pulley","7":"product_cat-pulley-gen1","8":"product_tag-pulley","9":"product_tag-ropeaccess","10":"product_tag-ropedevice-ropeequipment","11":"product_tag-ropeequipment","12":"product_tag-swivel","13":"product_tag-swivel-pulley","14":"product_tag-xinda-equipment","16":"first","17":"instock","18":"shipping-taxable","19":"product-type-simple"},"acf":[],"_links":{"self":[{"href":"https:\/\/xindasafety.com\/pt\/wp-json\/wp\/v2\/product\/7126","targetHints":{"allow":["GET"]}}],"collection":[{"href":"https:\/\/xindasafety.com\/pt\/wp-json\/wp\/v2\/product"}],"about":[{"href":"https:\/\/xindasafety.com\/pt\/wp-json\/wp\/v2\/types\/product"}],"version-history":[{"count":1,"href":"https:\/\/xindasafety.com\/pt\/wp-json\/wp\/v2\/product\/7126\/revisions"}],"predecessor-version":[{"id":7132,"href":"https:\/\/xindasafety.com\/pt\/wp-json\/wp\/v2\/product\/7126\/revisions\/7132"}],"wp:featuredmedia":[{"embeddable":true,"href":"https:\/\/xindasafety.com\/pt\/wp-json\/wp\/v2\/media\/7129"}],"wp:attachment":[{"href":"https:\/\/xindasafety.com\/pt\/wp-json\/wp\/v2\/media?parent=7126"}],"wp:term":[{"taxonomy":"product_brand","embeddable":true,"href":"https:\/\/xindasafety.com\/pt\/wp-json\/wp\/v2\/product_brand?post=7126"},{"taxonomy":"product_cat","embeddable":true,"href":"https:\/\/xindasafety.com\/pt\/wp-json\/wp\/v2\/product_cat?post=7126"},{"taxonomy":"product_tag","embeddable":true,"href":"https:\/\/xindasafety.com\/pt\/wp-json\/wp\/v2\/product_tag?post=7126"}],"curies":[{"name":"wp","href":"https:\/\/api.w.org\/{rel}","templated":true}]}}