{"id":7090,"date":"2026-04-20T03:34:01","date_gmt":"2026-04-20T03:34:01","guid":{"rendered":"https:\/\/xindasafety.com\/?post_type=product&#038;p=7090"},"modified":"2026-04-20T03:34:01","modified_gmt":"2026-04-20T03:34:01","slug":"xda9599","status":"publish","type":"product","link":"https:\/\/xindasafety.com\/pt\/product\/xda9599\/","title":{"rendered":"XDA9599"},"content":{"rendered":"<p class=\"ds-markdown-paragraph\"><strong>Nome do produto:<\/strong>\u00a0Arn\u00eas de corpo inteiro Via Ferrata<br \/>\n<strong>Marca:<\/strong>\u00a0Xinda<\/p>\n<p class=\"ds-markdown-paragraph\"><strong>Modelo n.\u00ba:<\/strong>\u00a0XD-9599<\/p>\n<p class=\"ds-markdown-paragraph\"><strong>Material:<\/strong>\u00a0Poli\u00e9ster de alta resist\u00eancia + liga de a\u00e7o<\/p>\n<p class=\"ds-markdown-paragraph\"><strong>Carga de rutura:<\/strong>\u00a0At\u00e9 100 kg<\/p>\n<p class=\"ds-markdown-paragraph\"><strong>Tamanho:<\/strong>\u00a0Largura 44,09 mm \u00d7 Espessura 4,06 mm<\/p>\n<p class=\"ds-markdown-paragraph\"><strong>\u00c2mbito de aplica\u00e7\u00e3o:<\/strong><br \/>\nExpans\u00e3o ao ar livre, Aventura na selva, Trekking em \u00e1rvores, Via Ferrata e outros projectos de divers\u00e3o a grande altitude em parques tem\u00e1ticos de aventura.<\/p>","protected":false},"excerpt":{"rendered":"<p><strong>Arn\u00eas Xinda para Adultos e Crian\u00e7as - Via Ferrata, Travessia da Selva, Escalada, Aventura, Treino de Expans\u00e3o ao Ar Livre em \u00c1reas C\u00e9nicas<\/strong><\/p>","protected":false},"featured_media":7092,"template":"","meta":{"_acf_changed":false},"product_brand":[],"product_cat":[61,114],"product_tag":[211,79,80,338,340,345],"class_list":{"0":"post-7090","1":"product","2":"type-product","3":"status-publish","4":"has-post-thumbnail","6":"product_cat-harness","7":"product_cat-harness-gen1","8":"product_tag-full-body-safety-harness","9":"product_tag-full-body-safty-harness","10":"product_tag-harness","11":"product_tag-ropeaccess","12":"product_tag-ropedevice-ropeequipment","13":"product_tag-ropeequipment","15":"first","16":"instock","17":"shipping-taxable","18":"product-type-variable"},"acf":[],"_links":{"self":[{"href":"https:\/\/xindasafety.com\/pt\/wp-json\/wp\/v2\/product\/7090","targetHints":{"allow":["GET"]}}],"collection":[{"href":"https:\/\/xindasafety.com\/pt\/wp-json\/wp\/v2\/product"}],"about":[{"href":"https:\/\/xindasafety.com\/pt\/wp-json\/wp\/v2\/types\/product"}],"version-history":[{"count":1,"href":"https:\/\/xindasafety.com\/pt\/wp-json\/wp\/v2\/product\/7090\/revisions"}],"predecessor-version":[{"id":7099,"href":"https:\/\/xindasafety.com\/pt\/wp-json\/wp\/v2\/product\/7090\/revisions\/7099"}],"wp:featuredmedia":[{"embeddable":true,"href":"https:\/\/xindasafety.com\/pt\/wp-json\/wp\/v2\/media\/7092"}],"wp:attachment":[{"href":"https:\/\/xindasafety.com\/pt\/wp-json\/wp\/v2\/media?parent=7090"}],"wp:term":[{"taxonomy":"product_brand","embeddable":true,"href":"https:\/\/xindasafety.com\/pt\/wp-json\/wp\/v2\/product_brand?post=7090"},{"taxonomy":"product_cat","embeddable":true,"href":"https:\/\/xindasafety.com\/pt\/wp-json\/wp\/v2\/product_cat?post=7090"},{"taxonomy":"product_tag","embeddable":true,"href":"https:\/\/xindasafety.com\/pt\/wp-json\/wp\/v2\/product_tag?post=7090"}],"curies":[{"name":"wp","href":"https:\/\/api.w.org\/{rel}","templated":true}]}}