{"id":7011,"date":"2026-04-18T03:36:51","date_gmt":"2026-04-18T03:36:51","guid":{"rendered":"https:\/\/xindasafety.com\/?post_type=product&#038;p=7011"},"modified":"2026-04-18T04:06:03","modified_gmt":"2026-04-18T04:06:03","slug":"hh-9769","status":"publish","type":"product","link":"https:\/\/xindasafety.com\/pt\/product\/hh-9769\/","title":{"rendered":"\u00a0HH-9769"},"content":{"rendered":"<p class=\"ds-markdown-paragraph\"><strong>Marca:<\/strong>\u00a0Xinda<\/p>\n<p class=\"ds-markdown-paragraph\"><strong>Modelo:<\/strong>\u00a0HH-9769<\/p>\n<p class=\"ds-markdown-paragraph\"><strong>Material:<\/strong>\u00a0Alum\u00ednio de alta resist\u00eancia + liga de a\u00e7o<\/p>\n<p class=\"ds-markdown-paragraph\"><strong>Padr\u00e3o:<\/strong> XF 494-2004 CE1019 EN12275<\/p>\n<p class=\"ds-markdown-paragraph\"><strong>Peso:<\/strong>\u00a054g \/ 58g \/ 64g \/ 64g<\/p>\n<p class=\"ds-markdown-paragraph\"><strong>Aplica\u00e7\u00e3o:<\/strong>\u00a0Montanhismo \/ Espeleologia \/ Escalada \/ Actividades de expans\u00e3o \/ Salvamento \/ Trabalhos em altitude \/ Prote\u00e7\u00e3o no trabalho \/ Rapel, etc.<\/p>","protected":false},"excerpt":{"rendered":"<p><strong>Xinda 3\u00aa Gera\u00e7\u00e3o H-Series O-Type Auto-Locking Compact Carabiner, Escalada ao Ar Livre e Travamento de Carga de Montanhismo<\/strong><\/p>","protected":false},"featured_media":7017,"template":"","meta":{"_acf_changed":false},"product_brand":[],"product_cat":[58,104],"product_tag":[69,70,338,340,326],"class_list":{"0":"post-7011","1":"product","2":"type-product","3":"status-publish","4":"has-post-thumbnail","6":"product_cat-carabiner","7":"product_cat-carabiner-generation-3-carabiner","8":"product_tag-carabiner","9":"product_tag-o-shape-carabiner","10":"product_tag-ropeaccess","11":"product_tag-ropedevice-ropeequipment","12":"product_tag-xinda","14":"first","15":"instock","16":"shipping-taxable","17":"product-type-variable"},"acf":[],"_links":{"self":[{"href":"https:\/\/xindasafety.com\/pt\/wp-json\/wp\/v2\/product\/7011","targetHints":{"allow":["GET"]}}],"collection":[{"href":"https:\/\/xindasafety.com\/pt\/wp-json\/wp\/v2\/product"}],"about":[{"href":"https:\/\/xindasafety.com\/pt\/wp-json\/wp\/v2\/types\/product"}],"version-history":[{"count":3,"href":"https:\/\/xindasafety.com\/pt\/wp-json\/wp\/v2\/product\/7011\/revisions"}],"predecessor-version":[{"id":7024,"href":"https:\/\/xindasafety.com\/pt\/wp-json\/wp\/v2\/product\/7011\/revisions\/7024"}],"wp:featuredmedia":[{"embeddable":true,"href":"https:\/\/xindasafety.com\/pt\/wp-json\/wp\/v2\/media\/7017"}],"wp:attachment":[{"href":"https:\/\/xindasafety.com\/pt\/wp-json\/wp\/v2\/media?parent=7011"}],"wp:term":[{"taxonomy":"product_brand","embeddable":true,"href":"https:\/\/xindasafety.com\/pt\/wp-json\/wp\/v2\/product_brand?post=7011"},{"taxonomy":"product_cat","embeddable":true,"href":"https:\/\/xindasafety.com\/pt\/wp-json\/wp\/v2\/product_cat?post=7011"},{"taxonomy":"product_tag","embeddable":true,"href":"https:\/\/xindasafety.com\/pt\/wp-json\/wp\/v2\/product_tag?post=7011"}],"curies":[{"name":"wp","href":"https:\/\/api.w.org\/{rel}","templated":true}]}}