{"id":6992,"date":"2026-04-17T08:32:51","date_gmt":"2026-04-17T08:32:51","guid":{"rendered":"https:\/\/xindasafety.com\/?post_type=product&#038;p=6992"},"modified":"2026-04-17T08:49:56","modified_gmt":"2026-04-17T08:49:56","slug":"xd6018bh","status":"publish","type":"product","link":"https:\/\/xindasafety.com\/pt\/product\/xd6018bh\/","title":{"rendered":"XD6018BH"},"content":{"rendered":"<p class=\"ds-markdown-paragraph\"><strong>Nome do produto:<\/strong>\u00a0Retractor el\u00e9trico de assist\u00eancia por corda<br \/>\n<strong>Marca:<\/strong>\u00a0Xinda<br \/>\n<strong>Modelo n.\u00ba:<\/strong>\u00a0XD6018BH<br \/>\n<strong>Material:<\/strong>\u00a0Liga de alum\u00ednio de alta resist\u00eancia<br \/>\n<strong>Carga de rutura (MBS):<\/strong>\u00a025 kN (aprox. 2550 kg)<br \/>\n<strong>Limite de carga de trabalho (WLL):<\/strong>\u00a05 kN (aprox. 510 kg)<br \/>\n<strong>Peso:<\/strong>\u00a0437 g<br \/>\n<strong>Di\u00e2metro do cabo aplic\u00e1vel:<\/strong>\u00a08-13 mm<br \/>\n<strong>Padr\u00e3o:<\/strong>\u00a0XF 494-2023<br \/>\n<strong>Tamanho:<\/strong>\u00a075 \u00d7 150 \u00d7 30 mm<\/p>\n<h3>\u00c2mbito de aplica\u00e7\u00e3o:<\/h3>\n<p class=\"ds-markdown-paragraph\">Trabalhos a grande altitude no exterior, repara\u00e7\u00e3o exterior de edif\u00edcios altos, limpeza de paredes de cortina de vidro, armazenamento de cordas e outras aplica\u00e7\u00f5es de acesso por corda.<\/p>","protected":false},"excerpt":{"rendered":"<p>Xinda Universal Electric Drill Rope Retractor \/ Rope Winder, uma eficiente ferramenta de enrolamento de corda el\u00e9trica para trabalhos em alta altitude e limpeza de paredes exteriores.<\/p>","protected":false},"featured_media":6995,"template":"","meta":{"_acf_changed":false},"product_brand":[],"product_cat":[68],"product_tag":[339,338,340,326],"class_list":{"0":"post-6992","1":"product","2":"type-product","3":"status-publish","4":"has-post-thumbnail","6":"product_cat-auxiliary-tools","7":"product_tag-electric-rope-assist-retractor","8":"product_tag-ropeaccess","9":"product_tag-ropedevice-ropeequipment","10":"product_tag-xinda","12":"first","13":"instock","14":"shipping-taxable","15":"product-type-simple"},"acf":[],"_links":{"self":[{"href":"https:\/\/xindasafety.com\/pt\/wp-json\/wp\/v2\/product\/6992","targetHints":{"allow":["GET"]}}],"collection":[{"href":"https:\/\/xindasafety.com\/pt\/wp-json\/wp\/v2\/product"}],"about":[{"href":"https:\/\/xindasafety.com\/pt\/wp-json\/wp\/v2\/types\/product"}],"version-history":[{"count":2,"href":"https:\/\/xindasafety.com\/pt\/wp-json\/wp\/v2\/product\/6992\/revisions"}],"predecessor-version":[{"id":7000,"href":"https:\/\/xindasafety.com\/pt\/wp-json\/wp\/v2\/product\/6992\/revisions\/7000"}],"wp:featuredmedia":[{"embeddable":true,"href":"https:\/\/xindasafety.com\/pt\/wp-json\/wp\/v2\/media\/6995"}],"wp:attachment":[{"href":"https:\/\/xindasafety.com\/pt\/wp-json\/wp\/v2\/media?parent=6992"}],"wp:term":[{"taxonomy":"product_brand","embeddable":true,"href":"https:\/\/xindasafety.com\/pt\/wp-json\/wp\/v2\/product_brand?post=6992"},{"taxonomy":"product_cat","embeddable":true,"href":"https:\/\/xindasafety.com\/pt\/wp-json\/wp\/v2\/product_cat?post=6992"},{"taxonomy":"product_tag","embeddable":true,"href":"https:\/\/xindasafety.com\/pt\/wp-json\/wp\/v2\/product_tag?post=6992"}],"curies":[{"name":"wp","href":"https:\/\/api.w.org\/{rel}","templated":true}]}}