{"id":6690,"date":"2025-12-24T07:21:53","date_gmt":"2025-12-24T07:21:53","guid":{"rendered":"https:\/\/xindasafety.com\/?post_type=product&#038;p=6690"},"modified":"2026-04-22T02:29:12","modified_gmt":"2026-04-22T02:29:12","slug":"ascensor-sem-cabo-xinda-h6","status":"publish","type":"product","link":"https:\/\/xindasafety.com\/pt\/product\/xinda-h6-handleless-ascender\/","title":{"rendered":"HH8649GG"},"content":{"rendered":"<p data-start=\"96\" data-end=\"391\"><strong data-start=\"96\" data-end=\"113\">Nome do produto:<\/strong> Ascensor de m\u00e3o sem punho<br data-start=\"138\" data-end=\"141\" \/><strong data-start=\"141\" data-end=\"151\">Marca:<\/strong> Xinda<br data-start=\"157\" data-end=\"160\" \/><strong data-start=\"160\" data-end=\"174\">Modelo n.\u00ba:<\/strong> HH-8649<br data-start=\"182\" data-end=\"185\" \/><strong data-start=\"185\" data-end=\"198\" data-is-only-node=\"\">Material:<\/strong> Liga de alum\u00ednio de alta resist\u00eancia + a\u00e7o inoxid\u00e1vel<br data-start=\"245\" data-end=\"248\" \/><strong data-start=\"248\" data-end=\"266\">Carga de rutura:<\/strong> 100 kg<br data-start=\"273\" data-end=\"276\" \/><strong data-start=\"276\" data-end=\"287\">Peso:<\/strong> 151 g<br data-start=\"293\" data-end=\"296\" \/><strong data-start=\"296\" data-end=\"325\">Di\u00e2metro do cabo aplic\u00e1vel:<\/strong> 8-13 mm<br data-start=\"333\" data-end=\"336\" \/><strong data-start=\"336\" data-end=\"349\">Padr\u00e3o:<\/strong> XF 494-2023<br data-start=\"361\" data-end=\"364\" \/><strong data-start=\"364\" data-end=\"373\">Tamanho:<\/strong> 11,7 \u00d7 8 \u00d7 3 cm<\/p>\n<p data-start=\"393\" data-end=\"583\"><strong data-start=\"393\" data-end=\"415\">\u00c2mbito de aplica\u00e7\u00e3o:<\/strong><br data-start=\"415\" data-end=\"418\" \/>Montanhismo, escalada em rocha, expedi\u00e7\u00e3o, espeleologia, SRT (Single Rope Technique), salvamento no exterior, treino de ascens\u00e3o em interiores, acesso por corda e outras actividades ao ar livre.<\/p>","protected":false},"excerpt":{"rendered":"<p>Ascensor manual sem punho da s\u00e9rie H de terceira gera\u00e7\u00e3o da XINDA para acesso por corda e escalada - Ascensor de corda H6<\/p>","protected":false},"featured_media":6691,"template":"","meta":{"_acf_changed":false},"product_brand":[],"product_cat":[101],"product_tag":[198,199,326],"class_list":{"0":"post-6690","1":"product","2":"type-product","3":"status-publish","4":"has-post-thumbnail","6":"product_cat-asender-generation-3","7":"product_tag-ascender","8":"product_tag-handleless-hand-ascender","9":"product_tag-xinda","11":"first","12":"instock","13":"shipping-taxable","14":"product-type-simple"},"acf":[],"_links":{"self":[{"href":"https:\/\/xindasafety.com\/pt\/wp-json\/wp\/v2\/product\/6690","targetHints":{"allow":["GET"]}}],"collection":[{"href":"https:\/\/xindasafety.com\/pt\/wp-json\/wp\/v2\/product"}],"about":[{"href":"https:\/\/xindasafety.com\/pt\/wp-json\/wp\/v2\/types\/product"}],"version-history":[{"count":4,"href":"https:\/\/xindasafety.com\/pt\/wp-json\/wp\/v2\/product\/6690\/revisions"}],"predecessor-version":[{"id":7376,"href":"https:\/\/xindasafety.com\/pt\/wp-json\/wp\/v2\/product\/6690\/revisions\/7376"}],"wp:featuredmedia":[{"embeddable":true,"href":"https:\/\/xindasafety.com\/pt\/wp-json\/wp\/v2\/media\/6691"}],"wp:attachment":[{"href":"https:\/\/xindasafety.com\/pt\/wp-json\/wp\/v2\/media?parent=6690"}],"wp:term":[{"taxonomy":"product_brand","embeddable":true,"href":"https:\/\/xindasafety.com\/pt\/wp-json\/wp\/v2\/product_brand?post=6690"},{"taxonomy":"product_cat","embeddable":true,"href":"https:\/\/xindasafety.com\/pt\/wp-json\/wp\/v2\/product_cat?post=6690"},{"taxonomy":"product_tag","embeddable":true,"href":"https:\/\/xindasafety.com\/pt\/wp-json\/wp\/v2\/product_tag?post=6690"}],"curies":[{"name":"wp","href":"https:\/\/api.w.org\/{rel}","templated":true}]}}