{"id":6539,"date":"2025-10-29T02:02:48","date_gmt":"2025-10-29T02:02:48","guid":{"rendered":"https:\/\/xindasafety.com\/?post_type=product&#038;p=6539"},"modified":"2026-01-18T08:07:26","modified_gmt":"2026-01-18T08:07:26","slug":"41-sistema-de-roldanas-amoviveis","status":"publish","type":"product","link":"https:\/\/xindasafety.com\/pt\/product\/41-releaseable-pulley-system\/","title":{"rendered":"XDCP9771GL"},"content":{"rendered":"<p data-start=\"95\" data-end=\"295\"><strong data-start=\"95\" data-end=\"105\">Marca:<\/strong> Xinda<br data-start=\"111\" data-end=\"114\" \/><strong data-start=\"114\" data-end=\"128\">Modelo n.\u00ba:<\/strong> XD-CP9771GL<br data-start=\"140\" data-end=\"143\" \/><strong data-start=\"143\" data-end=\"160\">Nome do produto:<\/strong> Sistema de polia desbloque\u00e1vel de bloqueio autom\u00e1tico 4:1<br data-start=\"203\" data-end=\"206\" \/><strong data-start=\"206\" data-end=\"219\">Material:<\/strong> Liga de alum\u00ednio \/ A\u00e7o inoxid\u00e1vel \/ Fibra de alta resist\u00eancia<br data-start=\"274\" data-end=\"277\" \/><strong data-start=\"277\" data-end=\"293\">Tamanho da polia:<\/strong><\/p>\n<ul data-start=\"296\" data-end=\"363\">\n<li data-start=\"296\" data-end=\"326\">\n<p data-start=\"298\" data-end=\"326\">Polia de liberta\u00e7\u00e3o: 48 \u00d7 113 mm<\/p>\n<\/li>\n<li data-start=\"327\" data-end=\"363\">\n<p data-start=\"329\" data-end=\"363\">Polia dupla girat\u00f3ria: 42 \u00d7 105 mm<\/p>\n<\/li>\n<\/ul>\n<p data-start=\"365\" data-end=\"399\"><strong data-start=\"365\" data-end=\"383\">Peso da polia:<\/strong><br data-start=\"383\" data-end=\"386\" \/>314g \/ 231g<\/p>\n<p data-start=\"401\" data-end=\"550\"><strong data-start=\"401\" data-end=\"424\">Compatibilidade da corda:<\/strong> Corda de 8,0-8,5 mm<br data-start=\"439\" data-end=\"442\" \/><strong data-start=\"442\" data-end=\"464\">Resist\u00eancia \u00e0 rutura:<\/strong> 45kN<br data-start=\"469\" data-end=\"472\" \/><strong data-start=\"472\" data-end=\"489\">Carga de trabalho:<\/strong> 5kN<br data-start=\"493\" data-end=\"496\" \/><strong data-start=\"496\" data-end=\"517\">Norma do produto:<\/strong> XF494-2023<br data-start=\"528\" data-end=\"531\" \/><strong data-start=\"531\" data-end=\"542\">Origem:<\/strong> China<\/p>\n<p data-start=\"552\" data-end=\"725\"><strong data-start=\"552\" data-end=\"568\">Aplica\u00e7\u00e3o:<\/strong> Montanhismo, escalada em rocha, espeleologia e rapel, forma\u00e7\u00e3o e team-building no exterior, salvamento no exterior, trabalho em altitude, acesso por corda, prote\u00e7\u00e3o da seguran\u00e7a no trabalho<\/p>","protected":false},"excerpt":{"rendered":"<p>Sistema de polia de vantagem mec\u00e2nica libert\u00e1vel bidirecional 4:1 XINDA<br data-start=\"133\" data-end=\"136\" \/>Conjunto de eleva\u00e7\u00e3o e transporte de resgate de alta efici\u00eancia<\/p>","protected":false},"featured_media":6547,"template":"","meta":{"_acf_changed":false},"product_brand":[],"product_cat":[128],"product_tag":[321,322],"class_list":{"0":"post-6539","1":"product","2":"type-product","3":"status-publish","4":"has-post-thumbnail","6":"product_cat-pulley-gen3","7":"product_tag-41-pulley-system","8":"product_tag-releaseable-pulley-system","10":"first","11":"instock","12":"shipping-taxable","13":"product-type-simple"},"acf":[],"_links":{"self":[{"href":"https:\/\/xindasafety.com\/pt\/wp-json\/wp\/v2\/product\/6539","targetHints":{"allow":["GET"]}}],"collection":[{"href":"https:\/\/xindasafety.com\/pt\/wp-json\/wp\/v2\/product"}],"about":[{"href":"https:\/\/xindasafety.com\/pt\/wp-json\/wp\/v2\/types\/product"}],"version-history":[{"count":4,"href":"https:\/\/xindasafety.com\/pt\/wp-json\/wp\/v2\/product\/6539\/revisions"}],"predecessor-version":[{"id":6722,"href":"https:\/\/xindasafety.com\/pt\/wp-json\/wp\/v2\/product\/6539\/revisions\/6722"}],"wp:featuredmedia":[{"embeddable":true,"href":"https:\/\/xindasafety.com\/pt\/wp-json\/wp\/v2\/media\/6547"}],"wp:attachment":[{"href":"https:\/\/xindasafety.com\/pt\/wp-json\/wp\/v2\/media?parent=6539"}],"wp:term":[{"taxonomy":"product_brand","embeddable":true,"href":"https:\/\/xindasafety.com\/pt\/wp-json\/wp\/v2\/product_brand?post=6539"},{"taxonomy":"product_cat","embeddable":true,"href":"https:\/\/xindasafety.com\/pt\/wp-json\/wp\/v2\/product_cat?post=6539"},{"taxonomy":"product_tag","embeddable":true,"href":"https:\/\/xindasafety.com\/pt\/wp-json\/wp\/v2\/product_tag?post=6539"}],"curies":[{"name":"wp","href":"https:\/\/api.w.org\/{rel}","templated":true}]}}