{"id":6372,"date":"2025-10-04T08:22:18","date_gmt":"2025-10-04T08:22:18","guid":{"rendered":"https:\/\/xindasafety.com\/?post_type=product&#038;p=6372"},"modified":"2026-01-18T08:23:30","modified_gmt":"2026-01-18T08:23:30","slug":"descendente-em-forma-de-8-com-chifres","status":"publish","type":"product","link":"https:\/\/xindasafety.com\/pt\/product\/horned-figure-8-descender\/","title":{"rendered":"XD8602"},"content":{"rendered":"<p><strong data-start=\"65\" data-end=\"74\">Nome:<\/strong> Descensor Figura 8 com chifres<br data-start=\"100\" data-end=\"103\" \/><strong data-start=\"103\" data-end=\"113\">Marca:<\/strong> Xinda<br data-start=\"119\" data-end=\"122\" data-is-only-node=\"\" \/><strong data-start=\"122\" data-end=\"144\">Resist\u00eancia \u00e0 rutura:<\/strong> 50 kN (aprox. 5000 kg)<br data-start=\"168\" data-end=\"171\" \/><strong data-start=\"171\" data-end=\"184\">Material:<\/strong> Liga de alum\u00ednio de alta resist\u00eancia<br data-start=\"213\" data-end=\"216\" \/><strong data-start=\"216\" data-end=\"227\">Peso:<\/strong> 240 g<br data-start=\"233\" data-end=\"236\" \/><strong data-start=\"236\" data-end=\"265\">Di\u00e2metro do cabo aplic\u00e1vel:<\/strong> 8 - 13 mm<br data-start=\"275\" data-end=\"278\" \/><strong data-start=\"278\" data-end=\"295\">Aplica\u00e7\u00f5es:<\/strong> Escalada ao ar livre, montanhismo, escalada em rocha, espeleologia, rapel, combate a inc\u00eandios e salvamento, trabalho a grande altitude, prote\u00e7\u00e3o de engenharia e muito mais.<\/p>","protected":false},"excerpt":{"rendered":"<p>XINDA Outdoor Mountaineering &amp; Rock Climbing Horned Figure 8 Descender - Dispositivo de rapel e descida controlada a grande altitude<\/p>","protected":false},"featured_media":6377,"template":"","meta":{"_acf_changed":false},"product_brand":[],"product_cat":[105],"product_tag":[92,315],"class_list":{"0":"post-6372","1":"product","2":"type-product","3":"status-publish","4":"has-post-thumbnail","6":"product_cat-descender-gen-1","7":"product_tag-descender","8":"product_tag-figure-8-descender","10":"first","11":"instock","12":"shipping-taxable","13":"product-type-variable"},"acf":[],"_links":{"self":[{"href":"https:\/\/xindasafety.com\/pt\/wp-json\/wp\/v2\/product\/6372","targetHints":{"allow":["GET"]}}],"collection":[{"href":"https:\/\/xindasafety.com\/pt\/wp-json\/wp\/v2\/product"}],"about":[{"href":"https:\/\/xindasafety.com\/pt\/wp-json\/wp\/v2\/types\/product"}],"version-history":[{"count":2,"href":"https:\/\/xindasafety.com\/pt\/wp-json\/wp\/v2\/product\/6372\/revisions"}],"predecessor-version":[{"id":6748,"href":"https:\/\/xindasafety.com\/pt\/wp-json\/wp\/v2\/product\/6372\/revisions\/6748"}],"wp:featuredmedia":[{"embeddable":true,"href":"https:\/\/xindasafety.com\/pt\/wp-json\/wp\/v2\/media\/6377"}],"wp:attachment":[{"href":"https:\/\/xindasafety.com\/pt\/wp-json\/wp\/v2\/media?parent=6372"}],"wp:term":[{"taxonomy":"product_brand","embeddable":true,"href":"https:\/\/xindasafety.com\/pt\/wp-json\/wp\/v2\/product_brand?post=6372"},{"taxonomy":"product_cat","embeddable":true,"href":"https:\/\/xindasafety.com\/pt\/wp-json\/wp\/v2\/product_cat?post=6372"},{"taxonomy":"product_tag","embeddable":true,"href":"https:\/\/xindasafety.com\/pt\/wp-json\/wp\/v2\/product_tag?post=6372"}],"curies":[{"name":"wp","href":"https:\/\/api.w.org\/{rel}","templated":true}]}}