{"id":6297,"date":"2025-10-04T07:19:26","date_gmt":"2025-10-04T07:19:26","guid":{"rendered":"https:\/\/xindasafety.com\/?post_type=product&#038;p=6297"},"modified":"2026-01-18T08:27:16","modified_gmt":"2026-01-18T08:27:16","slug":"mosquetao-em-forma-de-d-3","status":"publish","type":"product","link":"https:\/\/xindasafety.com\/pt\/product\/d-shaped-carabiner-3\/","title":{"rendered":"XD8128"},"content":{"rendered":"<p><strong data-start=\"81\" data-end=\"91\">Marca:<\/strong> XINDA<br data-start=\"97\" data-end=\"100\" \/><strong data-start=\"100\" data-end=\"117\">Nome do produto:<\/strong> Mosquet\u00e3o principal em forma de D<br data-start=\"141\" data-end=\"144\" data-is-only-node=\"\" \/><strong data-start=\"144\" data-end=\"158\">Modelo n.\u00ba:<\/strong> XD-8128N\/TN<br data-start=\"170\" data-end=\"173\" \/><strong data-start=\"173\" data-end=\"186\">Material:<\/strong> Liga de alum\u00ednio de alta resist\u00eancia<br data-start=\"215\" data-end=\"218\" \/><strong data-start=\"218\" data-end=\"227\">Tamanho:<\/strong> 7,3\u00d711,3cm<br data-start=\"238\" data-end=\"241\" \/><strong data-start=\"241\" data-end=\"258\">Abertura do port\u00e3o:<\/strong> 2,3 cm<br data-start=\"264\" data-end=\"267\" \/><strong data-start=\"267\" data-end=\"278\">Peso:<\/strong> Fecho autom\u00e1tico 88g \/ Fecho de rosca 83g<br data-start=\"309\" data-end=\"312\" \/><strong data-start=\"312\" data-end=\"322\">Cor:<\/strong> Cinzento, preto, caqui, azul, verde escuro<br data-start=\"359\" data-end=\"362\" \/><strong data-start=\"362\" data-end=\"375\">Padr\u00e3o:<\/strong> Norma nacional<br data-start=\"393\" data-end=\"396\" \/><strong data-start=\"396\" data-end=\"418\">Resist\u00eancia \u00e0 rutura:<\/strong> Maior 30kN \/ Menor 9kN<br data-start=\"441\" data-end=\"444\" \/><strong data-start=\"444\" data-end=\"461\">Aplica\u00e7\u00f5es:<\/strong> Montanhismo, escalada, rappel, espeleologia, trabalhos em altitude, prote\u00e7\u00e3o de engenharia, salvamento de bombeiros e forma\u00e7\u00e3o ao ar livre.<\/p>","protected":false},"excerpt":{"rendered":"<article class=\"text-token-text-primary w-full focus:outline-none scroll-mt-[calc(var(--header-height)+min(200px,max(70px,20svh)))]\" dir=\"auto\" tabindex=\"-1\" data-turn-id=\"request-WEB:64497e8a-4cda-4216-9b9f-bd0a306ab70d-68\" data-testid=\"conversation-turn-134\" data-scroll-anchor=\"true\" data-turn=\"assistant\">\n<div class=\"text-base my-auto mx-auto pb-10 [--thread-content-margin:--spacing(4)] thread-sm:[--thread-content-margin:--spacing(6)] thread-lg:[--thread-content-margin:--spacing(16)] px-(--thread-content-margin)\">\n<div class=\"[--thread-content-max-width:40rem] thread-lg:[--thread-content-max-width:48rem] mx-auto max-w-(--thread-content-max-width) flex-1 group\/turn-messages focus-visible:outline-hidden relative flex w-full min-w-0 flex-col agent-turn\" tabindex=\"-1\">\n<div class=\"flex max-w-full flex-col grow\">\n<div class=\"min-h-8 text-message relative flex w-full flex-col items-end gap-2 text-start break-words whitespace-normal [.text-message+&amp;]:mt-5\" dir=\"auto\" data-message-author-role=\"assistant\" data-message-id=\"6361479b-51ae-486c-8289-a614b9240718\" data-message-model-slug=\"gpt-5\">\n<div class=\"flex w-full flex-col gap-1 empty:hidden first:pt-[1px]\">\n<div class=\"markdown prose dark:prose-invert w-full break-words light markdown-new-styling\">\n<p data-start=\"0\" data-end=\"128\" data-is-last-node=\"\" data-is-only-node=\"\"><strong data-start=\"0\" data-end=\"128\" data-is-last-node=\"\" data-is-only-node=\"\">XINDA D-Shaped Main Carabiner \u2013 Heavy-Duty Locking Hook for Outdoor Climbing, Rappelling, and High-Altitude Work Safety Gear<\/strong><\/p>\n<\/div>\n<\/div>\n<\/div>\n<\/div>\n<\/div>\n<\/div>\n<\/article>\n","protected":false},"featured_media":6305,"template":"","meta":{"_acf_changed":false},"product_brand":[],"product_cat":[102],"product_tag":[69,304],"class_list":{"0":"post-6297","1":"product","2":"type-product","3":"status-publish","4":"has-post-thumbnail","6":"product_cat-carabiner-generation-1","7":"product_tag-carabiner","8":"product_tag-d-shaped-carabiner","10":"first","11":"instock","12":"shipping-taxable","13":"product-type-variable"},"acf":[],"_links":{"self":[{"href":"https:\/\/xindasafety.com\/pt\/wp-json\/wp\/v2\/product\/6297","targetHints":{"allow":["GET"]}}],"collection":[{"href":"https:\/\/xindasafety.com\/pt\/wp-json\/wp\/v2\/product"}],"about":[{"href":"https:\/\/xindasafety.com\/pt\/wp-json\/wp\/v2\/types\/product"}],"version-history":[{"count":3,"href":"https:\/\/xindasafety.com\/pt\/wp-json\/wp\/v2\/product\/6297\/revisions"}],"predecessor-version":[{"id":6753,"href":"https:\/\/xindasafety.com\/pt\/wp-json\/wp\/v2\/product\/6297\/revisions\/6753"}],"wp:featuredmedia":[{"embeddable":true,"href":"https:\/\/xindasafety.com\/pt\/wp-json\/wp\/v2\/media\/6305"}],"wp:attachment":[{"href":"https:\/\/xindasafety.com\/pt\/wp-json\/wp\/v2\/media?parent=6297"}],"wp:term":[{"taxonomy":"product_brand","embeddable":true,"href":"https:\/\/xindasafety.com\/pt\/wp-json\/wp\/v2\/product_brand?post=6297"},{"taxonomy":"product_cat","embeddable":true,"href":"https:\/\/xindasafety.com\/pt\/wp-json\/wp\/v2\/product_cat?post=6297"},{"taxonomy":"product_tag","embeddable":true,"href":"https:\/\/xindasafety.com\/pt\/wp-json\/wp\/v2\/product_tag?post=6297"}],"curies":[{"name":"wp","href":"https:\/\/api.w.org\/{rel}","templated":true}]}}