{"id":5769,"date":"2025-10-02T08:36:25","date_gmt":"2025-10-02T08:36:25","guid":{"rendered":"https:\/\/xindasafety.com\/?post_type=product&#038;p=5769"},"modified":"2026-04-21T01:42:55","modified_gmt":"2026-04-21T01:42:55","slug":"polia-tripla-3","status":"publish","type":"product","link":"https:\/\/xindasafety.com\/pt\/product\/triple-pulley-3\/","title":{"rendered":"HPU03B"},"content":{"rendered":"<p data-start=\"35\" data-end=\"363\">Marca:Xinda<br data-start=\"46\" data-end=\"49\" \/>Modelo n.\u00ba:H-PU03B<br data-start=\"66\" data-end=\"69\" \/>Nome de produto:Polia tripla<br data-start=\"95\" data-end=\"98\" \/>Material:Liga de alum\u00ednio de alta resist\u00eancia<br data-start=\"135\" data-end=\"138\" \/>Peso:160g<br data-start=\"149\" data-end=\"152\" \/>Di\u00e2metro do cabo:7-11mm<br data-start=\"172\" data-end=\"175\" \/>Efici\u00eancia: 0,92<br data-start=\"190\" data-end=\"193\" \/>Tipo de rolamento:Rolamento de esferas<br data-start=\"218\" data-end=\"221\" \/>Resist\u00eancia \u00e0 rutura:22kN (\u22482200kg)<br data-start=\"253\" data-end=\"256\" \/>Origem:China<br data-start=\"268\" data-end=\"271\" \/>Aplica\u00e7\u00e3o: Travessia tirolesa, telef\u00e9rico a\u00e9reo, forma\u00e7\u00e3o, transporte, rapel, transporte, eleva\u00e7\u00e3o<\/p>","protected":false},"excerpt":{"rendered":"<p>Polia tripla da s\u00e9rie XINDA Hua, bloco de polia de eleva\u00e7\u00e3o e eleva\u00e7\u00e3o com gancho, sistema de polia de vantagem mec\u00e2nica para tirolesa, telef\u00e9rico, alpinismo e equipamento de transporte de carga pesada<\/p>","protected":false},"featured_media":5770,"template":"","meta":{"_acf_changed":false},"product_brand":[],"product_cat":[127],"product_tag":[261],"class_list":{"0":"post-5769","1":"product","2":"type-product","3":"status-publish","4":"has-post-thumbnail","6":"product_cat-pulley-gen2","7":"product_tag-triple-pulley","9":"first","10":"instock","11":"shipping-taxable","12":"product-type-variable"},"acf":[],"_links":{"self":[{"href":"https:\/\/xindasafety.com\/pt\/wp-json\/wp\/v2\/product\/5769","targetHints":{"allow":["GET"]}}],"collection":[{"href":"https:\/\/xindasafety.com\/pt\/wp-json\/wp\/v2\/product"}],"about":[{"href":"https:\/\/xindasafety.com\/pt\/wp-json\/wp\/v2\/types\/product"}],"version-history":[{"count":3,"href":"https:\/\/xindasafety.com\/pt\/wp-json\/wp\/v2\/product\/5769\/revisions"}],"predecessor-version":[{"id":7238,"href":"https:\/\/xindasafety.com\/pt\/wp-json\/wp\/v2\/product\/5769\/revisions\/7238"}],"wp:featuredmedia":[{"embeddable":true,"href":"https:\/\/xindasafety.com\/pt\/wp-json\/wp\/v2\/media\/5770"}],"wp:attachment":[{"href":"https:\/\/xindasafety.com\/pt\/wp-json\/wp\/v2\/media?parent=5769"}],"wp:term":[{"taxonomy":"product_brand","embeddable":true,"href":"https:\/\/xindasafety.com\/pt\/wp-json\/wp\/v2\/product_brand?post=5769"},{"taxonomy":"product_cat","embeddable":true,"href":"https:\/\/xindasafety.com\/pt\/wp-json\/wp\/v2\/product_cat?post=5769"},{"taxonomy":"product_tag","embeddable":true,"href":"https:\/\/xindasafety.com\/pt\/wp-json\/wp\/v2\/product_tag?post=5769"}],"curies":[{"name":"wp","href":"https:\/\/api.w.org\/{rel}","templated":true}]}}