{"id":5678,"date":"2025-10-02T07:36:42","date_gmt":"2025-10-02T07:36:42","guid":{"rendered":"https:\/\/xindasafety.com\/?post_type=product&#038;p=5678"},"modified":"2026-01-18T09:05:37","modified_gmt":"2026-01-18T09:05:37","slug":"banco-de-trabalho-suspenso","status":"publish","type":"product","link":"https:\/\/xindasafety.com\/pt\/product\/suspension-work-seat\/","title":{"rendered":"HZB03RH"},"content":{"rendered":"<p>Marca:Xinda<br data-start=\"43\" data-end=\"46\" \/>Modelo n.\u00ba:H-ZB03<br data-start=\"62\" data-end=\"65\" \/>Nome de produto:Placa de assento de trabalho de alta altitude<br data-start=\"107\" data-end=\"110\" \/>Material:Liga de alum\u00ednio, a\u00e7o inoxid\u00e1vel, tecido revestido<br data-start=\"163\" data-end=\"166\" \/>Cor:Vermelho-preto<br data-start=\"181\" data-end=\"184\" \/>Peso:2860g<br data-start=\"196\" data-end=\"199\" \/>Tamanho do assento:20,5\u00d755\u00d718cm<br data-start=\"221\" data-end=\"224\" \/>Comprimento da correia:20-70cm<br data-start=\"244\" data-end=\"247\" \/>Carater\u00edsticas: assento em liga de alum\u00ednio para cargas elevadas, pegas laterais em a\u00e7o inoxid\u00e1vel para agarrar e manusear o cabo durante a suspens\u00e3o<\/p>","protected":false},"excerpt":{"rendered":"<article class=\"text-token-text-primary w-full focus:outline-none scroll-mt-[calc(var(--header-height)+min(200px,max(70px,20svh)))]\" dir=\"auto\" tabindex=\"-1\" data-turn-id=\"request-WEB:c61b7cf4-f3f1-493a-95ab-1fd795a4031e-67\" data-testid=\"conversation-turn-136\" data-scroll-anchor=\"true\" data-turn=\"assistant\">\n<div class=\"text-base my-auto mx-auto pb-10 [--thread-content-margin:--spacing(4)] thread-sm:[--thread-content-margin:--spacing(6)] thread-lg:[--thread-content-margin:--spacing(16)] px-(--thread-content-margin)\">\n<div class=\"[--thread-content-max-width:40rem] thread-lg:[--thread-content-max-width:48rem] mx-auto max-w-(--thread-content-max-width) flex-1 group\/turn-messages focus-visible:outline-hidden relative flex w-full min-w-0 flex-col agent-turn\" tabindex=\"-1\">\n<div class=\"flex max-w-full flex-col grow\">\n<div class=\"min-h-8 text-message relative flex w-full flex-col items-end gap-2 text-start break-words whitespace-normal [.text-message+&amp;]:mt-5\" dir=\"auto\" data-message-author-role=\"assistant\" data-message-id=\"c750c347-b6cc-40f2-aa56-73fdc4abb53a\" data-message-model-slug=\"gpt-5\">\n<div class=\"flex w-full flex-col gap-1 empty:hidden first:pt-[1px]\">\n<div class=\"markdown prose dark:prose-invert w-full break-words light markdown-new-styling\">\n<p data-start=\"0\" data-end=\"176\" data-is-last-node=\"\" data-is-only-node=\"\">XINDA Hua Series High-Altitude Work Safety Seat Board, Stainless Steel Bosun Chair for Industrial Rope Access, Window Cleaning, Air Conditioner Installation, and Spiderman Work<\/p>\n<\/div>\n<\/div>\n<\/div>\n<\/div>\n<\/div>\n<\/div>\n<\/article>\n","protected":false},"featured_media":5683,"template":"","meta":{"_acf_changed":false},"product_brand":[],"product_cat":[115],"product_tag":[300],"class_list":{"0":"post-5678","1":"product","2":"type-product","3":"status-publish","4":"has-post-thumbnail","6":"product_cat-harness-gen2","7":"product_tag-work-seat","9":"first","10":"instock","11":"shipping-taxable","12":"product-type-simple"},"acf":[],"_links":{"self":[{"href":"https:\/\/xindasafety.com\/pt\/wp-json\/wp\/v2\/product\/5678","targetHints":{"allow":["GET"]}}],"collection":[{"href":"https:\/\/xindasafety.com\/pt\/wp-json\/wp\/v2\/product"}],"about":[{"href":"https:\/\/xindasafety.com\/pt\/wp-json\/wp\/v2\/types\/product"}],"version-history":[{"count":2,"href":"https:\/\/xindasafety.com\/pt\/wp-json\/wp\/v2\/product\/5678\/revisions"}],"predecessor-version":[{"id":6814,"href":"https:\/\/xindasafety.com\/pt\/wp-json\/wp\/v2\/product\/5678\/revisions\/6814"}],"wp:featuredmedia":[{"embeddable":true,"href":"https:\/\/xindasafety.com\/pt\/wp-json\/wp\/v2\/media\/5683"}],"wp:attachment":[{"href":"https:\/\/xindasafety.com\/pt\/wp-json\/wp\/v2\/media?parent=5678"}],"wp:term":[{"taxonomy":"product_brand","embeddable":true,"href":"https:\/\/xindasafety.com\/pt\/wp-json\/wp\/v2\/product_brand?post=5678"},{"taxonomy":"product_cat","embeddable":true,"href":"https:\/\/xindasafety.com\/pt\/wp-json\/wp\/v2\/product_cat?post=5678"},{"taxonomy":"product_tag","embeddable":true,"href":"https:\/\/xindasafety.com\/pt\/wp-json\/wp\/v2\/product_tag?post=5678"}],"curies":[{"name":"wp","href":"https:\/\/api.w.org\/{rel}","templated":true}]}}