{"id":5465,"date":"2025-10-02T03:20:04","date_gmt":"2025-10-02T03:20:04","guid":{"rendered":"https:\/\/xindasafety.com\/?post_type=product&#038;p=5465"},"modified":"2026-01-18T08:58:18","modified_gmt":"2026-01-18T08:58:18","slug":"cordao-de-ferramentas","status":"publish","type":"product","link":"https:\/\/xindasafety.com\/pt\/product\/tool-lanyard\/","title":{"rendered":"XDA9582GYYH"},"content":{"rendered":"<p data-start=\"38\" data-end=\"331\">Marca:Xinda<br data-start=\"49\" data-end=\"52\" \/>Modelo n.\u00ba:XD-A9582<br data-start=\"70\" data-end=\"73\" \/>Nome de produto:Cord\u00e3o de ferramentas<br data-start=\"98\" data-end=\"101\" \/>Material:Dyneema,Liga de alum\u00ednio<br data-start=\"132\" data-end=\"135\" \/>Tamanho:Comprimento 185cm,Di\u00e2metro 5mm<br data-start=\"165\" data-end=\"168\" \/>Peso:38g<br data-start=\"178\" data-end=\"181\" \/>Fun\u00e7\u00e3o:Evita a queda acidental de ferramentas, pode pendurar ferramentas, pode ser utilizada como correia para os p\u00e9s<br data-start=\"260\" data-end=\"263\" \/>Aplica\u00e7\u00e3o:Montanhismo, Escalada em rocha, Resgate, Trabalho a grande altitude<\/p>\n<p data-start=\"333\" data-end=\"396\">\u26a0\ufe0fNote:Este produto n\u00e3o deve ser utilizado como cord\u00e3o de cauda de vaca!<\/p>","protected":false},"excerpt":{"rendered":"<article class=\"text-token-text-primary w-full focus:outline-none scroll-mt-[calc(var(--header-height)+min(200px,max(70px,20svh)))]\" dir=\"auto\" tabindex=\"-1\" data-turn-id=\"request-WEB:c61b7cf4-f3f1-493a-95ab-1fd795a4031e-17\" data-testid=\"conversation-turn-36\" data-scroll-anchor=\"true\" data-turn=\"assistant\">\n<div class=\"text-base my-auto mx-auto pb-10 [--thread-content-margin:--spacing(4)] thread-sm:[--thread-content-margin:--spacing(6)] thread-lg:[--thread-content-margin:--spacing(16)] px-(--thread-content-margin)\">\n<div class=\"[--thread-content-max-width:40rem] thread-lg:[--thread-content-max-width:48rem] mx-auto max-w-(--thread-content-max-width) flex-1 group\/turn-messages focus-visible:outline-hidden relative flex w-full min-w-0 flex-col agent-turn\" tabindex=\"-1\">\n<div class=\"flex max-w-full flex-col grow\">\n<div class=\"min-h-8 text-message relative flex w-full flex-col items-end gap-2 text-start break-words whitespace-normal [.text-message+&amp;]:mt-5\" dir=\"auto\" data-message-author-role=\"assistant\" data-message-id=\"9a4baaec-5774-4cc7-84be-66ee8d2b40c3\" data-message-model-slug=\"gpt-5\">\n<div class=\"flex w-full flex-col gap-1 empty:hidden first:pt-[1px]\">\n<div class=\"markdown prose dark:prose-invert w-full break-words light markdown-new-styling\">\n<p data-start=\"0\" data-end=\"152\" data-is-last-node=\"\" data-is-only-node=\"\">XINDA Dyneema Tool Lanyard, Anti-Drop Safety Leash for Tools, High-Altitude Work Fall Protection Lanyard, Mountaineering and Climbing Stretch Rope Strap<\/p>\n<\/div>\n<\/div>\n<\/div>\n<\/div>\n<\/div>\n<\/div>\n<\/article>\n","protected":false},"featured_media":5471,"template":"","meta":{"_acf_changed":false},"product_brand":[],"product_cat":[68],"product_tag":[291],"class_list":{"0":"post-5465","1":"product","2":"type-product","3":"status-publish","4":"has-post-thumbnail","6":"product_cat-auxiliary-tools","7":"product_tag-tool-lanyard","9":"first","10":"instock","11":"shipping-taxable","12":"product-type-simple"},"acf":[],"_links":{"self":[{"href":"https:\/\/xindasafety.com\/pt\/wp-json\/wp\/v2\/product\/5465","targetHints":{"allow":["GET"]}}],"collection":[{"href":"https:\/\/xindasafety.com\/pt\/wp-json\/wp\/v2\/product"}],"about":[{"href":"https:\/\/xindasafety.com\/pt\/wp-json\/wp\/v2\/types\/product"}],"version-history":[{"count":2,"href":"https:\/\/xindasafety.com\/pt\/wp-json\/wp\/v2\/product\/5465\/revisions"}],"predecessor-version":[{"id":6810,"href":"https:\/\/xindasafety.com\/pt\/wp-json\/wp\/v2\/product\/5465\/revisions\/6810"}],"wp:featuredmedia":[{"embeddable":true,"href":"https:\/\/xindasafety.com\/pt\/wp-json\/wp\/v2\/media\/5471"}],"wp:attachment":[{"href":"https:\/\/xindasafety.com\/pt\/wp-json\/wp\/v2\/media?parent=5465"}],"wp:term":[{"taxonomy":"product_brand","embeddable":true,"href":"https:\/\/xindasafety.com\/pt\/wp-json\/wp\/v2\/product_brand?post=5465"},{"taxonomy":"product_cat","embeddable":true,"href":"https:\/\/xindasafety.com\/pt\/wp-json\/wp\/v2\/product_cat?post=5465"},{"taxonomy":"product_tag","embeddable":true,"href":"https:\/\/xindasafety.com\/pt\/wp-json\/wp\/v2\/product_tag?post=5465"}],"curies":[{"name":"wp","href":"https:\/\/api.w.org\/{rel}","templated":true}]}}