{"id":5455,"date":"2025-10-02T03:14:10","date_gmt":"2025-10-02T03:14:10","guid":{"rendered":"https:\/\/xindasafety.com\/?post_type=product&#038;p=5455"},"modified":"2026-01-18T09:12:31","modified_gmt":"2026-01-18T09:12:31","slug":"protetor-de-corda-serie-hua-estrutura-de-protecao-de-corda","status":"publish","type":"product","link":"https:\/\/xindasafety.com\/pt\/product\/hua-series-rope-protector-rope-guard-frame\/","title":{"rendered":"H8633"},"content":{"rendered":"<p data-start=\"36\" data-end=\"71\"><strong data-start=\"36\" data-end=\"69\">Especifica\u00e7\u00f5es do protetor de corda<\/strong><\/p>\n<div class=\"_tableContainer_1rjym_1\">\n<div class=\"group _tableWrapper_1rjym_13 flex w-fit flex-col-reverse\" tabindex=\"-1\">\n<table class=\"w-fit min-w-(--thread-content-width)\" data-start=\"73\" data-end=\"908\">\n<thead data-start=\"73\" data-end=\"155\">\n<tr data-start=\"73\" data-end=\"155\">\n<th data-start=\"73\" data-end=\"96\" data-col-size=\"sm\">Par\u00e2metro<\/th>\n<th data-start=\"96\" data-end=\"124\" data-col-size=\"sm\">Protetor de cabo de quatro rodas<\/th>\n<th data-start=\"124\" data-end=\"155\" data-col-size=\"sm\">Protetor de corda de uma roda<\/th>\n<\/tr>\n<\/thead>\n<tbody data-start=\"239\" data-end=\"908\">\n<tr data-start=\"239\" data-end=\"321\">\n<td data-start=\"239\" data-end=\"262\" data-col-size=\"sm\"><strong data-start=\"241\" data-end=\"250\">Modelo<\/strong><\/td>\n<td data-start=\"262\" data-end=\"290\" data-col-size=\"sm\">H-8633ARHC<\/td>\n<td data-start=\"290\" data-end=\"321\" data-col-size=\"sm\">H-8633BRHX<\/td>\n<\/tr>\n<tr data-start=\"322\" data-end=\"404\">\n<td data-start=\"322\" data-end=\"345\" data-col-size=\"sm\"><strong data-start=\"324\" data-end=\"343\">Quantidade de ranhuras<\/strong><\/td>\n<td data-start=\"345\" data-end=\"373\" data-col-size=\"sm\">4 \u00d7 4 filas<\/td>\n<td data-start=\"373\" data-end=\"404\" data-col-size=\"sm\">1 \u00d7 4 filas<\/td>\n<\/tr>\n<tr data-start=\"405\" data-end=\"487\">\n<td data-start=\"405\" data-end=\"428\" data-col-size=\"sm\"><strong data-start=\"407\" data-end=\"416\">Cor<\/strong><\/td>\n<td data-start=\"428\" data-end=\"456\" data-col-size=\"sm\">Vermelho, prateado<\/td>\n<td data-start=\"456\" data-end=\"487\" data-col-size=\"sm\">Vermelho, prateado<\/td>\n<\/tr>\n<tr data-start=\"488\" data-end=\"574\">\n<td data-start=\"488\" data-end=\"511\" data-col-size=\"sm\"><strong data-start=\"490\" data-end=\"502\">Material<\/strong><\/td>\n<td data-start=\"511\" data-end=\"542\" data-col-size=\"sm\">Liga de alum\u00ednio de alta resist\u00eancia<\/td>\n<td data-start=\"542\" data-end=\"574\" data-col-size=\"sm\">Liga de alum\u00ednio de alta resist\u00eancia<\/td>\n<\/tr>\n<tr data-start=\"575\" data-end=\"657\">\n<td data-start=\"575\" data-end=\"598\" data-col-size=\"sm\"><strong data-start=\"577\" data-end=\"587\">Peso<\/strong><\/td>\n<td data-start=\"598\" data-end=\"626\" data-col-size=\"sm\">1328 g<\/td>\n<td data-start=\"626\" data-end=\"657\" data-col-size=\"sm\">933 g<\/td>\n<\/tr>\n<tr data-start=\"658\" data-end=\"740\">\n<td data-start=\"658\" data-end=\"681\" data-col-size=\"sm\"><strong data-start=\"660\" data-end=\"676\">Carga de trabalho<\/strong><\/td>\n<td data-start=\"681\" data-end=\"709\" data-col-size=\"sm\">3,5 kN<\/td>\n<td data-start=\"709\" data-end=\"740\" data-col-size=\"sm\">3,5 kN<\/td>\n<\/tr>\n<tr data-start=\"741\" data-end=\"823\">\n<td data-start=\"741\" data-end=\"764\" data-col-size=\"sm\"><strong data-start=\"743\" data-end=\"759\">Tipo de rolamento<\/strong><\/td>\n<td data-start=\"764\" data-end=\"792\" data-col-size=\"sm\">Rolamento de esferas<\/td>\n<td data-start=\"792\" data-end=\"823\" data-col-size=\"sm\">Rolamento de esferas<\/td>\n<\/tr>\n<tr data-start=\"824\" data-end=\"908\">\n<td data-start=\"824\" data-end=\"852\" data-col-size=\"sm\"><strong data-start=\"826\" data-end=\"851\">Processo de fabrico<\/strong><\/td>\n<td data-start=\"852\" data-end=\"877\" data-col-size=\"sm\">Forjado, Anodizado<\/td>\n<td data-start=\"877\" data-end=\"908\" data-col-size=\"sm\">Forjado, Anodizado<\/td>\n<\/tr>\n<\/tbody>\n<\/table>\n<\/div>\n<\/div>","protected":false},"excerpt":{"rendered":"<p>Protetor de corda da s\u00e9rie Hua da XINDA, manga de corda anti-abras\u00e3o, prote\u00e7\u00e3o de corda de canto, arma\u00e7\u00e3o de corda de borda de parede para equipamento de escalada e de alta altitude<\/p>","protected":false},"featured_media":5456,"template":"","meta":{"_acf_changed":false},"product_brand":[],"product_cat":[127],"product_tag":[290],"class_list":{"0":"post-5455","1":"product","2":"type-product","3":"status-publish","4":"has-post-thumbnail","6":"product_cat-pulley-gen2","7":"product_tag-rope-protector","9":"first","10":"instock","11":"shipping-taxable","12":"product-type-variable"},"acf":[],"_links":{"self":[{"href":"https:\/\/xindasafety.com\/pt\/wp-json\/wp\/v2\/product\/5455","targetHints":{"allow":["GET"]}}],"collection":[{"href":"https:\/\/xindasafety.com\/pt\/wp-json\/wp\/v2\/product"}],"about":[{"href":"https:\/\/xindasafety.com\/pt\/wp-json\/wp\/v2\/types\/product"}],"version-history":[{"count":2,"href":"https:\/\/xindasafety.com\/pt\/wp-json\/wp\/v2\/product\/5455\/revisions"}],"predecessor-version":[{"id":6828,"href":"https:\/\/xindasafety.com\/pt\/wp-json\/wp\/v2\/product\/5455\/revisions\/6828"}],"wp:featuredmedia":[{"embeddable":true,"href":"https:\/\/xindasafety.com\/pt\/wp-json\/wp\/v2\/media\/5456"}],"wp:attachment":[{"href":"https:\/\/xindasafety.com\/pt\/wp-json\/wp\/v2\/media?parent=5455"}],"wp:term":[{"taxonomy":"product_brand","embeddable":true,"href":"https:\/\/xindasafety.com\/pt\/wp-json\/wp\/v2\/product_brand?post=5455"},{"taxonomy":"product_cat","embeddable":true,"href":"https:\/\/xindasafety.com\/pt\/wp-json\/wp\/v2\/product_cat?post=5455"},{"taxonomy":"product_tag","embeddable":true,"href":"https:\/\/xindasafety.com\/pt\/wp-json\/wp\/v2\/product_tag?post=5455"}],"curies":[{"name":"wp","href":"https:\/\/api.w.org\/{rel}","templated":true}]}}