{"id":5269,"date":"2025-09-19T07:52:56","date_gmt":"2025-09-19T07:52:56","guid":{"rendered":"https:\/\/xindasafety.com\/?post_type=product&#038;p=5269"},"modified":"2026-01-18T09:16:53","modified_gmt":"2026-01-18T09:16:53","slug":"saco-de-equipamento-tpu","status":"publish","type":"product","link":"https:\/\/xindasafety.com\/pt\/product\/tpu-gear-bag\/","title":{"rendered":"XDBAG20"},"content":{"rendered":"<p data-start=\"0\" data-end=\"213\"><strong data-start=\"0\" data-end=\"17\">Nome do produto:<\/strong> Saco de equipamento dur\u00e1vel \u00e0 prova de \u00e1gua<br data-start=\"45\" data-end=\"48\" data-is-only-node=\"\" \/><strong data-start=\"48\" data-end=\"58\">Marca:<\/strong> Xinda<br data-start=\"64\" data-end=\"67\" \/><strong data-start=\"67\" data-end=\"81\">Modelo n.\u00ba:<\/strong> XD-BAG20<br data-start=\"90\" data-end=\"93\" \/><strong data-start=\"93\" data-end=\"106\">Material:<\/strong> TPU, XPE, revestimento, etc.<br data-start=\"130\" data-end=\"133\" \/><strong data-start=\"133\" data-end=\"146\">Capacidade:<\/strong> 32L \/ 38L \/ 45L<br data-start=\"162\" data-end=\"165\" \/><strong data-start=\"165\" data-end=\"183\">Artesanato:<\/strong> Veda\u00e7\u00e3o de ondas de alta frequ\u00eancia<\/p>\n<div class=\"_tableContainer_1rjym_1\">\n<div class=\"group _tableWrapper_1rjym_13 flex w-fit flex-col-reverse\" tabindex=\"-1\">\n<table class=\"w-fit min-w-(--thread-content-width)\" data-start=\"215\" data-end=\"670\" data-is-last-node=\"\" data-is-only-node=\"\">\n<thead data-start=\"215\" data-end=\"304\">\n<tr data-start=\"215\" data-end=\"304\">\n<th data-start=\"215\" data-end=\"226\" data-col-size=\"sm\">Capacidade<\/th>\n<th data-start=\"226\" data-end=\"238\" data-col-size=\"sm\">Tipo<\/th>\n<th data-start=\"238\" data-end=\"248\" data-col-size=\"sm\">Peso<\/th>\n<th data-start=\"248\" data-end=\"264\" data-col-size=\"sm\">Tamanho (cm)<\/th>\n<th data-start=\"264\" data-end=\"304\" data-col-size=\"sm\">Capacidade de armazenamento do cabo (cabo de 10,5 mm)<\/th>\n<\/tr>\n<\/thead>\n<tbody data-start=\"396\" data-end=\"670\" data-is-last-node=\"\">\n<tr data-start=\"396\" data-end=\"486\">\n<td data-start=\"396\" data-end=\"408\" data-col-size=\"sm\">32L<\/td>\n<td data-start=\"408\" data-end=\"420\" data-col-size=\"sm\">\u00c0 prova de \u00e1gua<\/td>\n<td data-start=\"420\" data-end=\"430\" data-col-size=\"sm\">1815 g<\/td>\n<td data-start=\"430\" data-end=\"446\" data-col-size=\"sm\">32 \u00d7 22 \u00d7 65<\/td>\n<td data-start=\"446\" data-end=\"486\" data-col-size=\"sm\">Suporta 100 m de corda de 10,5 mm<\/td>\n<\/tr>\n<tr data-start=\"487\" data-end=\"577\">\n<td data-start=\"487\" data-end=\"499\" data-col-size=\"sm\">38L<\/td>\n<td data-start=\"499\" data-end=\"511\" data-col-size=\"sm\">\u00c0 prova de \u00e1gua<\/td>\n<td data-start=\"511\" data-end=\"521\" data-col-size=\"sm\">1930 g<\/td>\n<td data-start=\"521\" data-end=\"537\" data-col-size=\"sm\">34 \u00d7 23 \u00d7 63<\/td>\n<td data-start=\"537\" data-end=\"577\" data-col-size=\"sm\">Suporta 150 m de corda de 10,5 mm<\/td>\n<\/tr>\n<tr data-start=\"578\" data-end=\"670\" data-is-last-node=\"\">\n<td data-start=\"578\" data-end=\"590\" data-col-size=\"sm\">45L<\/td>\n<td data-start=\"590\" data-end=\"602\" data-col-size=\"sm\">\u00c0 prova de \u00e1gua<\/td>\n<td data-start=\"602\" data-end=\"612\" data-col-size=\"sm\">1995 g<\/td>\n<td data-start=\"612\" data-end=\"628\" data-col-size=\"sm\">35 \u00d7 25 \u00d7 64<\/td>\n<td data-start=\"628\" data-end=\"670\" data-is-last-node=\"\" data-col-size=\"sm\">Suporta 200 m de corda de 10,5 mm<\/td>\n<\/tr>\n<\/tbody>\n<\/table>\n<\/div>\n<\/div>","protected":false},"excerpt":{"rendered":"<p>Xinda Outdoor Canyoning Bag - Mochila de equipamento imperme\u00e1vel para espeleologia, salvamento, caminhadas, montanhismo e escalada com grande capacidade para equipamento e cordas<\/p>","protected":false},"featured_media":5270,"template":"","meta":{"_acf_changed":false},"product_brand":[],"product_cat":[124],"product_tag":[283],"class_list":{"0":"post-5269","1":"product","2":"type-product","3":"status-publish","4":"has-post-thumbnail","6":"product_cat-packs-gen2","7":"product_tag-gear-bag","9":"first","10":"instock","11":"shipping-taxable","12":"product-type-variable"},"acf":[],"_links":{"self":[{"href":"https:\/\/xindasafety.com\/pt\/wp-json\/wp\/v2\/product\/5269","targetHints":{"allow":["GET"]}}],"collection":[{"href":"https:\/\/xindasafety.com\/pt\/wp-json\/wp\/v2\/product"}],"about":[{"href":"https:\/\/xindasafety.com\/pt\/wp-json\/wp\/v2\/types\/product"}],"version-history":[{"count":2,"href":"https:\/\/xindasafety.com\/pt\/wp-json\/wp\/v2\/product\/5269\/revisions"}],"predecessor-version":[{"id":6835,"href":"https:\/\/xindasafety.com\/pt\/wp-json\/wp\/v2\/product\/5269\/revisions\/6835"}],"wp:featuredmedia":[{"embeddable":true,"href":"https:\/\/xindasafety.com\/pt\/wp-json\/wp\/v2\/media\/5270"}],"wp:attachment":[{"href":"https:\/\/xindasafety.com\/pt\/wp-json\/wp\/v2\/media?parent=5269"}],"wp:term":[{"taxonomy":"product_brand","embeddable":true,"href":"https:\/\/xindasafety.com\/pt\/wp-json\/wp\/v2\/product_brand?post=5269"},{"taxonomy":"product_cat","embeddable":true,"href":"https:\/\/xindasafety.com\/pt\/wp-json\/wp\/v2\/product_cat?post=5269"},{"taxonomy":"product_tag","embeddable":true,"href":"https:\/\/xindasafety.com\/pt\/wp-json\/wp\/v2\/product_tag?post=5269"}],"curies":[{"name":"wp","href":"https:\/\/api.w.org\/{rel}","templated":true}]}}