{"id":5183,"date":"2025-09-19T07:12:59","date_gmt":"2025-09-19T07:12:59","guid":{"rendered":"https:\/\/xindasafety.com\/?post_type=product&#038;p=5183"},"modified":"2026-01-18T09:21:10","modified_gmt":"2026-01-18T09:21:10","slug":"ajustador-de-cordao","status":"publish","type":"product","link":"https:\/\/xindasafety.com\/pt\/product\/lanyard-adjuster\/","title":{"rendered":"HQ9730"},"content":{"rendered":"<p><strong data-start=\"0\" data-end=\"17\" data-is-only-node=\"\">Nome do produto:<\/strong> Ajustador de cord\u00e3o<br data-start=\"34\" data-end=\"37\" \/><strong data-start=\"37\" data-end=\"47\">Marca:<\/strong> Xinda<br data-start=\"53\" data-end=\"56\" \/><strong data-start=\"56\" data-end=\"70\">Modelo n.\u00ba:<\/strong> H-Q9730<br data-start=\"78\" data-end=\"81\" \/><strong data-start=\"81\" data-end=\"99\">Especifica\u00e7\u00e3o:<\/strong> Ver imagem abaixo<br data-start=\"115\" data-end=\"118\" \/><strong data-start=\"118\" data-end=\"131\">Material:<\/strong> Liga de alum\u00ednio de alta resist\u00eancia \/ Nylon 66<br data-start=\"171\" data-end=\"174\" \/><strong data-start=\"174\" data-end=\"196\">Resist\u00eancia \u00e0 rutura:<\/strong> Corda - 25kN (aproximadamente 2500 kgf)<br data-start=\"233\" data-end=\"236\" \/><strong data-start=\"236\" data-end=\"247\">Origem:<\/strong> China<br data-start=\"253\" data-end=\"256\" \/><strong data-start=\"256\" data-end=\"278\">\u00c2mbito de aplica\u00e7\u00e3o:<\/strong> Montanhismo, escalada, rapel, trabalhos em altitude, etc.<\/p>","protected":false},"excerpt":{"rendered":"<p>Ajustador de cord\u00e3o - Cord\u00e3o duplo de \u00e2ncora de liberta\u00e7\u00e3o ajust\u00e1vel para montanhismo ao ar livre, escalada em rocha, rapel, subida, descida e prote\u00e7\u00e3o de seguran\u00e7a<\/p>","protected":false},"featured_media":5205,"template":"","meta":{"_acf_changed":false},"product_brand":[],"product_cat":[68],"product_tag":[278],"class_list":{"0":"post-5183","1":"product","2":"type-product","3":"status-publish","4":"has-post-thumbnail","6":"product_cat-auxiliary-tools","7":"product_tag-lanyard-adjuster","9":"first","10":"instock","11":"shipping-taxable","12":"product-type-variable"},"acf":[],"_links":{"self":[{"href":"https:\/\/xindasafety.com\/pt\/wp-json\/wp\/v2\/product\/5183","targetHints":{"allow":["GET"]}}],"collection":[{"href":"https:\/\/xindasafety.com\/pt\/wp-json\/wp\/v2\/product"}],"about":[{"href":"https:\/\/xindasafety.com\/pt\/wp-json\/wp\/v2\/types\/product"}],"version-history":[{"count":2,"href":"https:\/\/xindasafety.com\/pt\/wp-json\/wp\/v2\/product\/5183\/revisions"}],"predecessor-version":[{"id":6840,"href":"https:\/\/xindasafety.com\/pt\/wp-json\/wp\/v2\/product\/5183\/revisions\/6840"}],"wp:featuredmedia":[{"embeddable":true,"href":"https:\/\/xindasafety.com\/pt\/wp-json\/wp\/v2\/media\/5205"}],"wp:attachment":[{"href":"https:\/\/xindasafety.com\/pt\/wp-json\/wp\/v2\/media?parent=5183"}],"wp:term":[{"taxonomy":"product_brand","embeddable":true,"href":"https:\/\/xindasafety.com\/pt\/wp-json\/wp\/v2\/product_brand?post=5183"},{"taxonomy":"product_cat","embeddable":true,"href":"https:\/\/xindasafety.com\/pt\/wp-json\/wp\/v2\/product_cat?post=5183"},{"taxonomy":"product_tag","embeddable":true,"href":"https:\/\/xindasafety.com\/pt\/wp-json\/wp\/v2\/product_tag?post=5183"}],"curies":[{"name":"wp","href":"https:\/\/api.w.org\/{rel}","templated":true}]}}