{"id":5137,"date":"2025-09-19T06:54:40","date_gmt":"2025-09-19T06:54:40","guid":{"rendered":"https:\/\/xindasafety.com\/?post_type=product&#038;p=5137"},"modified":"2026-04-21T01:56:19","modified_gmt":"2026-04-21T01:56:19","slug":"arnes-de-meio-corpo-cheetah-air","status":"publish","type":"product","link":"https:\/\/xindasafety.com\/pt\/product\/cheetah-air-half-body-harness\/","title":{"rendered":"HA9559C"},"content":{"rendered":"<p data-start=\"0\" data-end=\"255\"><strong data-start=\"0\" data-end=\"17\">Nome do produto:<\/strong> Arn\u00eas de meio corpo AIR<br data-start=\"39\" data-end=\"42\" data-is-only-node=\"\" \/><strong data-start=\"42\" data-end=\"52\">Marca:<\/strong> Xinda<br data-start=\"58\" data-end=\"61\" \/><strong data-start=\"61\" data-end=\"75\">Modelo n.\u00ba:<\/strong> H-A9559-C (PANTERA)<br data-start=\"95\" data-end=\"98\" \/><strong data-start=\"98\" data-end=\"111\">Material:<\/strong> Revestimento, alum\u00ednio de alta resist\u00eancia, a\u00e7o de alta resist\u00eancia, PP, PVC<br data-start=\"173\" data-end=\"176\" \/><strong data-start=\"176\" data-end=\"186\">Cor:<\/strong> Preto, preto + verde<br data-start=\"211\" data-end=\"214\" \/><strong data-start=\"214\" data-end=\"227\">Padr\u00e3o:<\/strong> CE EN358:2018, EN813:2008<\/p>\n<div class=\"_tableContainer_1rjym_1\">\n<div class=\"group _tableWrapper_1rjym_13 flex w-fit flex-col-reverse\" tabindex=\"-1\">\n<table class=\"w-fit min-w-(--thread-content-width)\" data-start=\"257\" data-end=\"643\" data-is-last-node=\"\" data-is-only-node=\"\">\n<thead data-start=\"257\" data-end=\"333\">\n<tr data-start=\"257\" data-end=\"333\">\n<th data-start=\"257\" data-end=\"264\" data-col-size=\"sm\">Tamanho<\/th>\n<th data-start=\"264\" data-end=\"273\" data-col-size=\"sm\">Peso<\/th>\n<th data-start=\"273\" data-end=\"288\" data-col-size=\"sm\">Gama de alturas<\/th>\n<th data-start=\"288\" data-end=\"310\" data-col-size=\"sm\">Circunfer\u00eancia da cintura<\/th>\n<th data-start=\"310\" data-end=\"333\" data-col-size=\"sm\">Circunfer\u00eancia da coxa<\/th>\n<\/tr>\n<\/thead>\n<tbody data-start=\"411\" data-end=\"643\" data-is-last-node=\"\">\n<tr data-start=\"411\" data-end=\"487\">\n<td data-start=\"411\" data-end=\"418\" data-col-size=\"sm\">M<\/td>\n<td data-start=\"418\" data-end=\"427\" data-col-size=\"sm\">1200 g<\/td>\n<td data-start=\"427\" data-end=\"442\" data-col-size=\"sm\">165-175 cm<\/td>\n<td data-start=\"442\" data-end=\"464\" data-col-size=\"sm\">74-108 cm<\/td>\n<td data-start=\"464\" data-end=\"487\" data-col-size=\"sm\">45-65 cm<\/td>\n<\/tr>\n<tr data-start=\"488\" data-end=\"564\">\n<td data-start=\"488\" data-end=\"495\" data-col-size=\"sm\">L<\/td>\n<td data-start=\"495\" data-end=\"504\" data-col-size=\"sm\">1260 g<\/td>\n<td data-start=\"504\" data-end=\"519\" data-col-size=\"sm\">170-185 cm<\/td>\n<td data-start=\"519\" data-end=\"541\" data-col-size=\"sm\">80-120 cm<\/td>\n<td data-start=\"541\" data-end=\"564\" data-col-size=\"sm\">55-85 cm<\/td>\n<\/tr>\n<tr data-start=\"565\" data-end=\"643\" data-is-last-node=\"\">\n<td data-start=\"565\" data-end=\"572\" data-col-size=\"sm\">XL<\/td>\n<td data-start=\"572\" data-end=\"581\" data-col-size=\"sm\">1300 g<\/td>\n<td data-start=\"581\" data-end=\"596\" data-col-size=\"sm\">175-200 cm<\/td>\n<td data-start=\"596\" data-end=\"618\" data-col-size=\"sm\">86-132 cm<\/td>\n<td data-start=\"618\" data-end=\"643\" data-is-last-node=\"\" data-col-size=\"sm\">55-85 cm<\/td>\n<\/tr>\n<\/tbody>\n<\/table>\n<\/div>\n<\/div>","protected":false},"excerpt":{"rendered":"<article class=\"text-token-text-primary w-full focus:outline-none scroll-mt-[calc(var(--header-height)+min(200px,max(70px,20svh)))]\" dir=\"auto\" tabindex=\"-1\" data-turn-id=\"request-WEB:16a98dc5-262d-46cc-b855-909969106096-44\" data-testid=\"conversation-turn-90\" data-scroll-anchor=\"true\" data-turn=\"assistant\">\n<div class=\"text-base my-auto mx-auto pb-10 [--thread-content-margin:--spacing(4)] thread-sm:[--thread-content-margin:--spacing(6)] thread-lg:[--thread-content-margin:--spacing(16)] px-(--thread-content-margin)\">\n<div class=\"[--thread-content-max-width:40rem] thread-lg:[--thread-content-max-width:48rem] mx-auto max-w-(--thread-content-max-width) flex-1 group\/turn-messages focus-visible:outline-hidden relative flex w-full min-w-0 flex-col agent-turn\" tabindex=\"-1\">\n<div class=\"flex max-w-full flex-col grow\">\n<div class=\"min-h-8 text-message relative flex w-full flex-col items-end gap-2 text-start break-words whitespace-normal [.text-message+&amp;]:mt-5\" dir=\"auto\" data-message-author-role=\"assistant\" data-message-id=\"0f263bd1-95b7-4dda-bc2c-6562bf5ca082\" data-message-model-slug=\"gpt-5\">\n<div class=\"flex w-full flex-col gap-1 empty:hidden first:pt-[3px]\">\n<div class=\"markdown prose dark:prose-invert w-full break-words light markdown-new-styling\">\n<p data-start=\"0\" data-end=\"155\" data-is-last-node=\"\" data-is-only-node=\"\">Xinda Hua Series Cheetah Harness AIR \u2013 Breathable, Multifunctional, Comfortable Half Body Harness for Mountaineering, Rock Climbing, and High-Altitude Work<\/p>\n<\/div>\n<\/div>\n<\/div>\n<\/div>\n<\/div>\n<\/div>\n<\/article>\n","protected":false},"featured_media":5141,"template":"","meta":{"_acf_changed":false},"product_brand":[],"product_cat":[115],"product_tag":[226],"class_list":{"0":"post-5137","1":"product","2":"type-product","3":"status-publish","4":"has-post-thumbnail","6":"product_cat-harness-gen2","7":"product_tag-half-body-harness","9":"first","10":"instock","11":"shipping-taxable","12":"product-type-variable"},"acf":[],"_links":{"self":[{"href":"https:\/\/xindasafety.com\/pt\/wp-json\/wp\/v2\/product\/5137","targetHints":{"allow":["GET"]}}],"collection":[{"href":"https:\/\/xindasafety.com\/pt\/wp-json\/wp\/v2\/product"}],"about":[{"href":"https:\/\/xindasafety.com\/pt\/wp-json\/wp\/v2\/types\/product"}],"version-history":[{"count":3,"href":"https:\/\/xindasafety.com\/pt\/wp-json\/wp\/v2\/product\/5137\/revisions"}],"predecessor-version":[{"id":7251,"href":"https:\/\/xindasafety.com\/pt\/wp-json\/wp\/v2\/product\/5137\/revisions\/7251"}],"wp:featuredmedia":[{"embeddable":true,"href":"https:\/\/xindasafety.com\/pt\/wp-json\/wp\/v2\/media\/5141"}],"wp:attachment":[{"href":"https:\/\/xindasafety.com\/pt\/wp-json\/wp\/v2\/media?parent=5137"}],"wp:term":[{"taxonomy":"product_brand","embeddable":true,"href":"https:\/\/xindasafety.com\/pt\/wp-json\/wp\/v2\/product_brand?post=5137"},{"taxonomy":"product_cat","embeddable":true,"href":"https:\/\/xindasafety.com\/pt\/wp-json\/wp\/v2\/product_cat?post=5137"},{"taxonomy":"product_tag","embeddable":true,"href":"https:\/\/xindasafety.com\/pt\/wp-json\/wp\/v2\/product_tag?post=5137"}],"curies":[{"name":"wp","href":"https:\/\/api.w.org\/{rel}","templated":true}]}}