{"id":5032,"date":"2025-09-19T06:15:34","date_gmt":"2025-09-19T06:15:34","guid":{"rendered":"https:\/\/xindasafety.com\/?post_type=product&#038;p=5032"},"modified":"2026-04-21T01:57:34","modified_gmt":"2026-04-21T01:57:34","slug":"arnes-de-meio-corpo-flying-eagle","status":"publish","type":"product","link":"https:\/\/xindasafety.com\/pt\/product\/flying-eagle-half-body-harness\/","title":{"rendered":"HA9558C"},"content":{"rendered":"<ul data-start=\"101\" data-end=\"353\">\n<li data-start=\"101\" data-end=\"140\">\n<p data-start=\"103\" data-end=\"140\"><strong data-start=\"103\" data-end=\"120\">N\u00famero do modelo:<\/strong> H-A9558-B (\u00c1GUIA)<\/p>\n<\/li>\n<li data-start=\"141\" data-end=\"220\">\n<p data-start=\"143\" data-end=\"220\"><strong data-start=\"143\" data-end=\"156\">Material:<\/strong> Revestimento, EVA, alum\u00ednio de alta resist\u00eancia, a\u00e7o de alta resist\u00eancia, PP<\/p>\n<\/li>\n<li data-start=\"221\" data-end=\"266\">\n<p data-start=\"223\" data-end=\"266\"><strong data-start=\"223\" data-end=\"241\">Op\u00e7\u00f5es de cor:<\/strong> Tudo preto, preto-verde<\/p>\n<\/li>\n<li data-start=\"267\" data-end=\"353\">\n<p data-start=\"269\" data-end=\"293\"><strong data-start=\"269\" data-end=\"291\">Normas do produto:<\/strong><\/p>\n<ul data-start=\"296\" data-end=\"353\">\n<li data-start=\"339\" data-end=\"353\">\n<p data-start=\"341\" data-end=\"353\">XF494-2004<\/p>\n<\/li>\n<li data-start=\"339\" data-end=\"353\">\n<table class=\"w-fit min-w-(--thread-content-width)\" style=\"height: 161px;\" width=\"664\" data-start=\"380\" data-end=\"857\">\n<thead data-start=\"380\" data-end=\"458\">\n<tr data-start=\"380\" data-end=\"458\">\n<th data-start=\"380\" data-end=\"387\" data-col-size=\"sm\">Tamanho<\/th>\n<th data-start=\"387\" data-end=\"397\" data-col-size=\"sm\">Peso<\/th>\n<th data-start=\"397\" data-end=\"413\" data-col-size=\"sm\">Gama de alturas<\/th>\n<th data-start=\"413\" data-end=\"435\" data-col-size=\"sm\">Circunfer\u00eancia da cintura<\/th>\n<th data-start=\"435\" data-end=\"458\" data-col-size=\"sm\">Circunfer\u00eancia da coxa<\/th>\n<\/tr>\n<\/thead>\n<tbody data-start=\"538\" data-end=\"857\">\n<tr data-start=\"538\" data-end=\"617\">\n<td data-start=\"538\" data-end=\"546\" data-col-size=\"sm\"><strong data-start=\"540\" data-end=\"545\">S<\/strong><\/td>\n<td data-start=\"546\" data-end=\"556\" data-col-size=\"sm\">995 g<\/td>\n<td data-start=\"556\" data-end=\"572\" data-col-size=\"sm\">160-170 cm<\/td>\n<td data-start=\"572\" data-end=\"594\" data-col-size=\"sm\">68-96 cm<\/td>\n<td data-start=\"594\" data-end=\"617\" data-col-size=\"sm\">45-65 cm<\/td>\n<\/tr>\n<tr data-start=\"618\" data-end=\"697\">\n<td data-start=\"618\" data-end=\"626\" data-col-size=\"sm\"><strong data-start=\"620\" data-end=\"625\">M<\/strong><\/td>\n<td data-start=\"626\" data-end=\"636\" data-col-size=\"sm\">1025 g<\/td>\n<td data-start=\"636\" data-end=\"652\" data-col-size=\"sm\">165-175 cm<\/td>\n<td data-start=\"652\" data-end=\"674\" data-col-size=\"sm\">74-108 cm<\/td>\n<td data-start=\"674\" data-end=\"697\" data-col-size=\"sm\">45-65 cm<\/td>\n<\/tr>\n<tr data-start=\"698\" data-end=\"777\">\n<td data-start=\"698\" data-end=\"706\" data-col-size=\"sm\"><strong data-start=\"700\" data-end=\"705\">L<\/strong><\/td>\n<td data-start=\"706\" data-end=\"716\" data-col-size=\"sm\">1075 g<\/td>\n<td data-start=\"716\" data-end=\"732\" data-col-size=\"sm\">170-185 cm<\/td>\n<td data-start=\"732\" data-end=\"754\" data-col-size=\"sm\">80-120 cm<\/td>\n<td data-start=\"754\" data-end=\"777\" data-col-size=\"sm\">55-85 cm<\/td>\n<\/tr>\n<tr data-start=\"778\" data-end=\"857\">\n<td data-start=\"778\" data-end=\"786\" data-col-size=\"sm\"><strong data-start=\"780\" data-end=\"786\">XL<\/strong><\/td>\n<td data-start=\"786\" data-end=\"796\" data-col-size=\"sm\">1115 g<\/td>\n<td data-start=\"796\" data-end=\"812\" data-col-size=\"sm\">175-200 cm<\/td>\n<td data-start=\"812\" data-end=\"834\" data-col-size=\"sm\">86-132 cm<\/td>\n<td data-start=\"834\" data-end=\"857\" data-col-size=\"sm\">55-85 cm<\/td>\n<\/tr>\n<\/tbody>\n<\/table>\n<\/li>\n<\/ul>\n<\/li>\n<\/ul>","protected":false},"excerpt":{"rendered":"<p>Xinda Hua Series Flying Eagle Harness - Arn\u00eas multifuncional e confort\u00e1vel de meio corpo para montanhismo, escalada, rapel e trabalho em alta altitude<\/p>","protected":false},"featured_media":5033,"template":"","meta":{"_acf_changed":false},"product_brand":[],"product_cat":[115],"product_tag":[226],"class_list":{"0":"post-5032","1":"product","2":"type-product","3":"status-publish","4":"has-post-thumbnail","6":"product_cat-harness-gen2","7":"product_tag-half-body-harness","9":"first","10":"instock","11":"shipping-taxable","12":"product-type-variable"},"acf":[],"_links":{"self":[{"href":"https:\/\/xindasafety.com\/pt\/wp-json\/wp\/v2\/product\/5032","targetHints":{"allow":["GET"]}}],"collection":[{"href":"https:\/\/xindasafety.com\/pt\/wp-json\/wp\/v2\/product"}],"about":[{"href":"https:\/\/xindasafety.com\/pt\/wp-json\/wp\/v2\/types\/product"}],"version-history":[{"count":4,"href":"https:\/\/xindasafety.com\/pt\/wp-json\/wp\/v2\/product\/5032\/revisions"}],"predecessor-version":[{"id":7256,"href":"https:\/\/xindasafety.com\/pt\/wp-json\/wp\/v2\/product\/5032\/revisions\/7256"}],"wp:featuredmedia":[{"embeddable":true,"href":"https:\/\/xindasafety.com\/pt\/wp-json\/wp\/v2\/media\/5033"}],"wp:attachment":[{"href":"https:\/\/xindasafety.com\/pt\/wp-json\/wp\/v2\/media?parent=5032"}],"wp:term":[{"taxonomy":"product_brand","embeddable":true,"href":"https:\/\/xindasafety.com\/pt\/wp-json\/wp\/v2\/product_brand?post=5032"},{"taxonomy":"product_cat","embeddable":true,"href":"https:\/\/xindasafety.com\/pt\/wp-json\/wp\/v2\/product_cat?post=5032"},{"taxonomy":"product_tag","embeddable":true,"href":"https:\/\/xindasafety.com\/pt\/wp-json\/wp\/v2\/product_tag?post=5032"}],"curies":[{"name":"wp","href":"https:\/\/api.w.org\/{rel}","templated":true}]}}