{"id":4890,"date":"2025-09-08T09:28:35","date_gmt":"2025-09-08T09:28:35","guid":{"rendered":"https:\/\/xindasafety.com\/?post_type=product&#038;p=4890"},"modified":"2026-04-21T01:50:32","modified_gmt":"2026-04-21T01:50:32","slug":"arnes-desportivo-de-meio-corpo","status":"publish","type":"product","link":"https:\/\/xindasafety.com\/pt\/product\/half-body-sport-harness\/","title":{"rendered":"HA9553"},"content":{"rendered":"<p data-start=\"35\" data-end=\"382\"><strong data-start=\"35\" data-end=\"52\">Nome do produto:<\/strong> Arn\u00eas de meio corpo<br data-start=\"70\" data-end=\"73\" \/><strong data-start=\"73\" data-end=\"83\">Marca:<\/strong> Xinda<br data-start=\"89\" data-end=\"92\" \/><strong data-start=\"92\" data-end=\"106\">Modelo n.\u00ba:<\/strong> H-A9553<br data-start=\"114\" data-end=\"117\" data-is-only-node=\"\" \/><strong data-start=\"117\" data-end=\"130\">Material:<\/strong> Nylon, poli\u00e9ster, liga de alum\u00ednio<br data-start=\"163\" data-end=\"166\" \/><strong data-start=\"166\" data-end=\"176\">Cor:<\/strong> Azul lago, vermelho rosa<br data-start=\"196\" data-end=\"199\" \/><strong data-start=\"199\" data-end=\"208\">Tamanho:<\/strong> S \/ M \/ L \/ XL<br data-start=\"223\" data-end=\"226\" \/><strong data-start=\"226\" data-end=\"237\">Peso:<\/strong> 297 g \/ 311 g \/ 337 g \/ 355 g<br data-start=\"267\" data-end=\"270\" \/><strong data-start=\"270\" data-end=\"283\">Carater\u00edsticas:<\/strong> Leve, altamente respir\u00e1vel<br data-start=\"314\" data-end=\"317\" \/><strong data-start=\"317\" data-end=\"330\">Padr\u00e3o:<\/strong> CE EN12277<br data-start=\"341\" data-end=\"344\" \/><strong data-start=\"344\" data-end=\"358\">Embalagem:<\/strong> Bolsa de malha, Manual do utilizador<\/p>\n<p data-start=\"384\" data-end=\"497\"><strong data-start=\"384\" data-end=\"406\">\u00c2mbito de aplica\u00e7\u00e3o:<\/strong><br data-start=\"406\" data-end=\"409\" \/>Escalada em corda, escalada com chumbo, escalada no gelo, canyoning, rapel, via ferrata, etc.<\/p>","protected":false},"excerpt":{"rendered":"<article class=\"text-token-text-primary w-full focus:outline-none scroll-mt-[calc(var(--header-height)+min(200px,max(70px,20svh)))]\" dir=\"auto\" tabindex=\"-1\" data-turn-id=\"request-68be36bc-3770-832b-8d52-77a8b94ee8c8-1\" data-testid=\"conversation-turn-100\" data-scroll-anchor=\"true\" data-turn=\"assistant\">\n<div class=\"text-base my-auto mx-auto pb-10 [--thread-content-margin:--spacing(4)] thread-sm:[--thread-content-margin:--spacing(6)] thread-lg:[--thread-content-margin:--spacing(16)] px-(--thread-content-margin)\">\n<div class=\"[--thread-content-max-width:40rem] thread-sm:[--thread-content-max-width:40rem] thread-lg:[--thread-content-max-width:48rem] mx-auto max-w-(--thread-content-max-width) flex-1 group\/turn-messages focus-visible:outline-hidden relative flex w-full min-w-0 flex-col agent-turn\" tabindex=\"-1\">\n<div class=\"flex max-w-full flex-col grow\">\n<div class=\"min-h-8 text-message relative flex w-full flex-col items-end gap-2 text-start break-words whitespace-normal [.text-message+&amp;]:mt-5\" dir=\"auto\" data-message-author-role=\"assistant\" data-message-id=\"0045cf6d-beea-4936-ac7a-dbbbf013bb14\" data-message-model-slug=\"gpt-5\">\n<div class=\"flex w-full flex-col gap-1 empty:hidden first:pt-[3px]\">\n<div class=\"markdown prose dark:prose-invert w-full break-words light markdown-new-styling\">\n<p data-start=\"0\" data-end=\"128\" data-is-last-node=\"\" data-is-only-node=\"\"><strong data-start=\"0\" data-end=\"126\" data-is-only-node=\"\">Xinda Hua Series Half Body Sport Harness \u2013 Lightweight Outdoor Climbing, Rappelling, and Competition Rock Climbing Harness<\/strong><\/p>\n<\/div>\n<\/div>\n<\/div>\n<\/div>\n<div class=\"flex min-h-[46px] justify-start\"><\/div>\n<div class=\"mt-3 w-full empty:hidden\">\n<div class=\"text-center\"><\/div>\n<\/div>\n<\/div>\n<\/div>\n<\/article>\n<div class=\"pointer-events-none h-px w-px\" aria-hidden=\"true\" data-edge=\"true\"><\/div>\n","protected":false},"featured_media":4894,"template":"","meta":{"_acf_changed":false},"product_brand":[],"product_cat":[115],"product_tag":[226],"class_list":{"0":"post-4890","1":"product","2":"type-product","3":"status-publish","4":"has-post-thumbnail","6":"product_cat-harness-gen2","7":"product_tag-half-body-harness","9":"first","10":"instock","11":"shipping-taxable","12":"product-type-variable"},"acf":[],"_links":{"self":[{"href":"https:\/\/xindasafety.com\/pt\/wp-json\/wp\/v2\/product\/4890","targetHints":{"allow":["GET"]}}],"collection":[{"href":"https:\/\/xindasafety.com\/pt\/wp-json\/wp\/v2\/product"}],"about":[{"href":"https:\/\/xindasafety.com\/pt\/wp-json\/wp\/v2\/types\/product"}],"version-history":[{"count":4,"href":"https:\/\/xindasafety.com\/pt\/wp-json\/wp\/v2\/product\/4890\/revisions"}],"predecessor-version":[{"id":7247,"href":"https:\/\/xindasafety.com\/pt\/wp-json\/wp\/v2\/product\/4890\/revisions\/7247"}],"wp:featuredmedia":[{"embeddable":true,"href":"https:\/\/xindasafety.com\/pt\/wp-json\/wp\/v2\/media\/4894"}],"wp:attachment":[{"href":"https:\/\/xindasafety.com\/pt\/wp-json\/wp\/v2\/media?parent=4890"}],"wp:term":[{"taxonomy":"product_brand","embeddable":true,"href":"https:\/\/xindasafety.com\/pt\/wp-json\/wp\/v2\/product_brand?post=4890"},{"taxonomy":"product_cat","embeddable":true,"href":"https:\/\/xindasafety.com\/pt\/wp-json\/wp\/v2\/product_cat?post=4890"},{"taxonomy":"product_tag","embeddable":true,"href":"https:\/\/xindasafety.com\/pt\/wp-json\/wp\/v2\/product_tag?post=4890"}],"curies":[{"name":"wp","href":"https:\/\/api.w.org\/{rel}","templated":true}]}}