{"id":4808,"date":"2025-09-08T07:40:47","date_gmt":"2025-09-08T07:40:47","guid":{"rendered":"https:\/\/xindasafety.com\/?post_type=product&#038;p=4808"},"modified":"2026-01-19T05:19:33","modified_gmt":"2026-01-19T05:19:33","slug":"corda-de-tracao-dyneema","status":"publish","type":"product","link":"https:\/\/xindasafety.com\/pt\/product\/dyneema-traction-rope\/","title":{"rendered":"XDS9820"},"content":{"rendered":"<p data-start=\"41\" data-end=\"202\"><strong data-start=\"41\" data-end=\"58\">Nome do produto:<\/strong> Corda de tra\u00e7\u00e3o Dyneema<br data-start=\"80\" data-end=\"83\" \/><strong data-start=\"83\" data-end=\"93\">Marca:<\/strong> Xinda<br data-start=\"99\" data-end=\"102\" \/><strong data-start=\"102\" data-end=\"116\">Modelo n.\u00ba:<\/strong> XD-S9820<br data-start=\"125\" data-end=\"128\" data-is-only-node=\"\" \/><strong data-start=\"128\" data-end=\"141\">Material:<\/strong> Dyneema<br data-start=\"149\" data-end=\"152\" \/><strong data-start=\"152\" data-end=\"165\">Di\u00e2metro:<\/strong> 2 mm<br data-start=\"170\" data-end=\"173\" \/><strong data-start=\"173\" data-end=\"183\">Cor:<\/strong> Azul, Vermelho, C\u00e1qui<\/p>\n<p data-start=\"204\" data-end=\"436\"><strong data-start=\"204\" data-end=\"226\">\u00c2mbito de aplica\u00e7\u00e3o:<\/strong><br data-start=\"226\" data-end=\"229\" \/>Escalada em \u00e1rvores, escalada em rocha e outros desportos de aventura com corda de tra\u00e7\u00e3o.<br data-start=\"300\" data-end=\"303\" \/>Tamb\u00e9m adequado para sobreviv\u00eancia ao ar livre, pegas de cord\u00f5es, fixa\u00e7\u00e3o de tendas, embalagem, transporte, amarra\u00e7\u00e3o de roupa e tecelagem de artigos decorativos.<\/p>","protected":false},"excerpt":{"rendered":"<p>Linha de lan\u00e7amento Dyneema de 2 mm - Corda fina e dur\u00e1vel para escalada ao ar livre, escalada em \u00e1rvores, tra\u00e7\u00e3o e aplica\u00e7\u00f5es de lan\u00e7amento<\/p>","protected":false},"featured_media":4809,"template":"","meta":{"_acf_changed":false},"product_brand":[],"product_cat":[132],"product_tag":[269],"class_list":{"0":"post-4808","1":"product","2":"type-product","3":"status-publish","4":"has-post-thumbnail","6":"product_cat-rope-gen1","7":"product_tag-dyneema-traction-rope","9":"first","10":"instock","11":"shipping-taxable","12":"product-type-variable"},"acf":[],"_links":{"self":[{"href":"https:\/\/xindasafety.com\/pt\/wp-json\/wp\/v2\/product\/4808","targetHints":{"allow":["GET"]}}],"collection":[{"href":"https:\/\/xindasafety.com\/pt\/wp-json\/wp\/v2\/product"}],"about":[{"href":"https:\/\/xindasafety.com\/pt\/wp-json\/wp\/v2\/types\/product"}],"version-history":[{"count":2,"href":"https:\/\/xindasafety.com\/pt\/wp-json\/wp\/v2\/product\/4808\/revisions"}],"predecessor-version":[{"id":6856,"href":"https:\/\/xindasafety.com\/pt\/wp-json\/wp\/v2\/product\/4808\/revisions\/6856"}],"wp:featuredmedia":[{"embeddable":true,"href":"https:\/\/xindasafety.com\/pt\/wp-json\/wp\/v2\/media\/4809"}],"wp:attachment":[{"href":"https:\/\/xindasafety.com\/pt\/wp-json\/wp\/v2\/media?parent=4808"}],"wp:term":[{"taxonomy":"product_brand","embeddable":true,"href":"https:\/\/xindasafety.com\/pt\/wp-json\/wp\/v2\/product_brand?post=4808"},{"taxonomy":"product_cat","embeddable":true,"href":"https:\/\/xindasafety.com\/pt\/wp-json\/wp\/v2\/product_cat?post=4808"},{"taxonomy":"product_tag","embeddable":true,"href":"https:\/\/xindasafety.com\/pt\/wp-json\/wp\/v2\/product_tag?post=4808"}],"curies":[{"name":"wp","href":"https:\/\/api.w.org\/{rel}","templated":true}]}}