{"id":4728,"date":"2025-09-08T03:06:33","date_gmt":"2025-09-08T03:06:33","guid":{"rendered":"https:\/\/xindasafety.com\/?post_type=product&#038;p=4728"},"modified":"2026-04-21T01:34:53","modified_gmt":"2026-04-21T01:34:53","slug":"no-que-passa-a-roldana","status":"publish","type":"product","link":"https:\/\/xindasafety.com\/pt\/product\/knot-passing-pulley\/","title":{"rendered":"H8628RH"},"content":{"rendered":"<p data-start=\"40\" data-end=\"340\"><strong data-start=\"40\" data-end=\"57\">Nome do produto:<\/strong> Polia grande de passagem de n\u00f3s<br data-start=\"83\" data-end=\"86\" \/><strong data-start=\"86\" data-end=\"96\">Marca:<\/strong> Xinda<br data-start=\"102\" data-end=\"105\" \/><strong data-start=\"105\" data-end=\"119\">Modelo n.\u00ba:<\/strong> H-8628<br data-start=\"126\" data-end=\"129\" data-is-only-node=\"\" \/><strong data-start=\"129\" data-end=\"142\">Material:<\/strong> Liga de alum\u00ednio de alta resist\u00eancia<br data-start=\"171\" data-end=\"174\" \/><strong data-start=\"174\" data-end=\"184\">Cor:<\/strong> Vermelho e preto<br data-start=\"196\" data-end=\"199\" \/><strong data-start=\"199\" data-end=\"210\">Peso:<\/strong> 776 g<br data-start=\"216\" data-end=\"219\" \/><strong data-start=\"219\" data-end=\"241\">Resist\u00eancia \u00e0 rutura:<\/strong> 39 kN<br data-start=\"247\" data-end=\"250\" \/><strong data-start=\"250\" data-end=\"267\">Carga de trabalho:<\/strong> 12 kN<br data-start=\"273\" data-end=\"276\" \/><strong data-start=\"276\" data-end=\"303\">Di\u00e2metro do cabo adequado:<\/strong> 8-19 mm<br data-start=\"311\" data-end=\"314\" \/><strong data-start=\"314\" data-end=\"327\">Padr\u00e3o:<\/strong> CE EN12278<\/p>\n<p data-start=\"342\" data-end=\"453\"><strong data-start=\"342\" data-end=\"364\">\u00c2mbito de aplica\u00e7\u00e3o:<\/strong> Trabalho a\u00e9reo, montanhismo, salvamento ao ar livre, treino de expans\u00e3o, travessia, tirolesa, etc.<\/p>","protected":false},"excerpt":{"rendered":"<p>Xinda Hua Series Knot-Passing Large Pulley System - Montanhismo ao ar livre, escalada em rocha, travessia, transporte e equipamento de resgate<\/p>","protected":false},"featured_media":4729,"template":"","meta":{"_acf_changed":false},"product_brand":[],"product_cat":[127],"product_tag":[263,169],"class_list":{"0":"post-4728","1":"product","2":"type-product","3":"status-publish","4":"has-post-thumbnail","6":"product_cat-pulley-gen2","7":"product_tag-knot-passing-pulley","8":"product_tag-pulley","10":"first","11":"instock","12":"shipping-taxable","13":"product-type-simple"},"acf":[],"_links":{"self":[{"href":"https:\/\/xindasafety.com\/pt\/wp-json\/wp\/v2\/product\/4728","targetHints":{"allow":["GET"]}}],"collection":[{"href":"https:\/\/xindasafety.com\/pt\/wp-json\/wp\/v2\/product"}],"about":[{"href":"https:\/\/xindasafety.com\/pt\/wp-json\/wp\/v2\/types\/product"}],"version-history":[{"count":4,"href":"https:\/\/xindasafety.com\/pt\/wp-json\/wp\/v2\/product\/4728\/revisions"}],"predecessor-version":[{"id":7231,"href":"https:\/\/xindasafety.com\/pt\/wp-json\/wp\/v2\/product\/4728\/revisions\/7231"}],"wp:featuredmedia":[{"embeddable":true,"href":"https:\/\/xindasafety.com\/pt\/wp-json\/wp\/v2\/media\/4729"}],"wp:attachment":[{"href":"https:\/\/xindasafety.com\/pt\/wp-json\/wp\/v2\/media?parent=4728"}],"wp:term":[{"taxonomy":"product_brand","embeddable":true,"href":"https:\/\/xindasafety.com\/pt\/wp-json\/wp\/v2\/product_brand?post=4728"},{"taxonomy":"product_cat","embeddable":true,"href":"https:\/\/xindasafety.com\/pt\/wp-json\/wp\/v2\/product_cat?post=4728"},{"taxonomy":"product_tag","embeddable":true,"href":"https:\/\/xindasafety.com\/pt\/wp-json\/wp\/v2\/product_tag?post=4728"}],"curies":[{"name":"wp","href":"https:\/\/api.w.org\/{rel}","templated":true}]}}