{"id":4722,"date":"2025-09-08T03:01:04","date_gmt":"2025-09-08T03:01:04","guid":{"rendered":"https:\/\/xindasafety.com\/?post_type=product&#038;p=4722"},"modified":"2026-04-21T01:43:11","modified_gmt":"2026-04-21T01:43:11","slug":"polia-em-forma-de-coracao","status":"publish","type":"product","link":"https:\/\/xindasafety.com\/pt\/product\/heart-shaped-pulley\/","title":{"rendered":"HPU05"},"content":{"rendered":"<p data-start=\"39\" data-end=\"277\"><strong data-start=\"39\" data-end=\"56\">Nome do produto:<\/strong> Polia de eixo duplo<br data-start=\"75\" data-end=\"78\" \/><strong data-start=\"78\" data-end=\"88\">Marca:<\/strong> Xinda<br data-start=\"94\" data-end=\"97\" \/><strong data-start=\"97\" data-end=\"111\">Modelo n.\u00ba:<\/strong> H-PU05<br data-start=\"118\" data-end=\"121\" data-is-only-node=\"\" \/><strong data-start=\"121\" data-end=\"134\">Material:<\/strong> Liga de alum\u00ednio de alta resist\u00eancia<br data-start=\"163\" data-end=\"166\" \/><strong data-start=\"166\" data-end=\"177\">Peso:<\/strong> 289 g<br data-start=\"183\" data-end=\"186\" \/><strong data-start=\"186\" data-end=\"201\">Efici\u00eancia:<\/strong> 0.92<br data-start=\"206\" data-end=\"209\" \/><strong data-start=\"209\" data-end=\"231\">Resist\u00eancia \u00e0 rutura:<\/strong> 25 kN (aprox. 2500 kg)<br data-start=\"255\" data-end=\"258\" \/><strong data-start=\"258\" data-end=\"269\">Origem:<\/strong> China<\/p>\n<p data-start=\"279\" data-end=\"390\"><strong data-start=\"279\" data-end=\"301\">\u00c2mbito de aplica\u00e7\u00e3o:<\/strong> Travessia, tirolesa a\u00e9rea, forma\u00e7\u00e3o, transporte, rapel, equipamento de eleva\u00e7\u00e3o, etc.<\/p>","protected":false},"excerpt":{"rendered":"<p>Xinda Outdoor Double Zipline Pulley System - Polia de cabo para i\u00e7amento a\u00e9reo, transporte e travessia com rolamento<\/p>","protected":false},"featured_media":4712,"template":"","meta":{"_acf_changed":false},"product_brand":[],"product_cat":[127],"product_tag":[262,169],"class_list":{"0":"post-4722","1":"product","2":"type-product","3":"status-publish","4":"has-post-thumbnail","6":"product_cat-pulley-gen2","7":"product_tag-heart-shaped-pulley","8":"product_tag-pulley","10":"first","11":"instock","12":"shipping-taxable","13":"product-type-variable"},"acf":[],"_links":{"self":[{"href":"https:\/\/xindasafety.com\/pt\/wp-json\/wp\/v2\/product\/4722","targetHints":{"allow":["GET"]}}],"collection":[{"href":"https:\/\/xindasafety.com\/pt\/wp-json\/wp\/v2\/product"}],"about":[{"href":"https:\/\/xindasafety.com\/pt\/wp-json\/wp\/v2\/types\/product"}],"version-history":[{"count":3,"href":"https:\/\/xindasafety.com\/pt\/wp-json\/wp\/v2\/product\/4722\/revisions"}],"predecessor-version":[{"id":7239,"href":"https:\/\/xindasafety.com\/pt\/wp-json\/wp\/v2\/product\/4722\/revisions\/7239"}],"wp:featuredmedia":[{"embeddable":true,"href":"https:\/\/xindasafety.com\/pt\/wp-json\/wp\/v2\/media\/4712"}],"wp:attachment":[{"href":"https:\/\/xindasafety.com\/pt\/wp-json\/wp\/v2\/media?parent=4722"}],"wp:term":[{"taxonomy":"product_brand","embeddable":true,"href":"https:\/\/xindasafety.com\/pt\/wp-json\/wp\/v2\/product_brand?post=4722"},{"taxonomy":"product_cat","embeddable":true,"href":"https:\/\/xindasafety.com\/pt\/wp-json\/wp\/v2\/product_cat?post=4722"},{"taxonomy":"product_tag","embeddable":true,"href":"https:\/\/xindasafety.com\/pt\/wp-json\/wp\/v2\/product_tag?post=4722"}],"curies":[{"name":"wp","href":"https:\/\/api.w.org\/{rel}","templated":true}]}}