{"id":4195,"date":"2025-10-05T02:33:19","date_gmt":"2025-10-05T02:33:19","guid":{"rendered":"https:\/\/xindasafety.com\/?post_type=product&#038;p=4195"},"modified":"2026-04-18T05:41:58","modified_gmt":"2026-04-18T05:41:58","slug":"ascensor-eletrico","status":"publish","type":"product","link":"https:\/\/xindasafety.com\/pt\/product\/electric-ascender\/","title":{"rendered":"XDT8653"},"content":{"rendered":"<p data-start=\"38\" data-end=\"131\"><strong data-start=\"38\" data-end=\"55\">Nome do produto:<\/strong> S\u00e9rie H de 3\u00aa gera\u00e7\u00e3o - Ascensor el\u00e9trico Rope Beast<br data-start=\"110\" data-end=\"113\" \/><strong data-start=\"113\" data-end=\"123\">Marca:<\/strong> Xinda<\/p>\n<p data-start=\"133\" data-end=\"204\"><strong data-start=\"133\" data-end=\"156\">Limite de carga de eleva\u00e7\u00e3o:<\/strong> 200 kg<br data-start=\"163\" data-end=\"166\" \/><strong data-start=\"166\" data-end=\"192\">Gama de carga descendente:<\/strong> 30-200 kg<\/p>\n<p data-start=\"206\" data-end=\"330\"><strong data-start=\"206\" data-end=\"235\">Velocidade de eleva\u00e7\u00e3o\/descida:<\/strong> \u2264 2,0 m\/s<br data-start=\"245\" data-end=\"248\" \/><strong data-start=\"248\" data-end=\"280\">Berbequim el\u00e9trico Gama de bin\u00e1rios:<\/strong> 50-150 N-m (recomenda-se a utiliza\u00e7\u00e3o de um berbequim sem escovas)<\/p>\n<p data-start=\"332\" data-end=\"415\"><strong data-start=\"332\" data-end=\"345\">Material:<\/strong> Alum\u00ednio de alta resist\u00eancia + a\u00e7o inoxid\u00e1vel<br data-start=\"386\" data-end=\"389\" \/><strong data-start=\"389\" data-end=\"402\">Padr\u00e3o:<\/strong> XF494-2023<\/p>\n<p data-start=\"417\" data-end=\"480\"><strong data-start=\"417\" data-end=\"446\">Di\u00e2metro do cabo aplic\u00e1vel:<\/strong> 10,5-11 mm<br data-start=\"457\" data-end=\"460\" \/><strong data-start=\"460\" data-end=\"471\">Peso:<\/strong> 2163 g<\/p>\n<p data-start=\"482\" data-end=\"533\"><strong data-start=\"482\" data-end=\"504\">\u00c2mbito de aplica\u00e7\u00e3o:<\/strong> Trabalho a\u00e9reo, eleva\u00e7\u00e3o de cargas pesadas<\/p>\n<hr data-start=\"535\" data-end=\"538\" \/>\n<p data-start=\"540\" data-end=\"623\"><strong data-start=\"540\" data-end=\"557\">Nota especial:<\/strong><br data-start=\"557\" data-end=\"560\" \/>Este produto <strong data-start=\"573\" data-end=\"620\">deve ser utilizado com um para-quedas ligado<\/strong>.<\/p>","protected":false},"excerpt":{"rendered":"<p>XINDA Conjunto de Drag\u00e3o Ascensor El\u00e9trico para Trabalhos A\u00e9reos, M\u00e1quina El\u00e9ctrica de Trepar por Corda para Subir e Descer, Eleva\u00e7\u00e3o e Descida de Ar Condicionado<\/p>","protected":false},"featured_media":4190,"template":"","meta":{"_acf_changed":false},"product_brand":[],"product_cat":[101],"product_tag":[247],"class_list":{"0":"post-4195","1":"product","2":"type-product","3":"status-publish","4":"has-post-thumbnail","6":"product_cat-asender-generation-3","7":"product_tag-electric-ascender","9":"first","10":"instock","11":"shipping-taxable","12":"product-type-simple"},"acf":[],"_links":{"self":[{"href":"https:\/\/xindasafety.com\/pt\/wp-json\/wp\/v2\/product\/4195","targetHints":{"allow":["GET"]}}],"collection":[{"href":"https:\/\/xindasafety.com\/pt\/wp-json\/wp\/v2\/product"}],"about":[{"href":"https:\/\/xindasafety.com\/pt\/wp-json\/wp\/v2\/types\/product"}],"version-history":[{"count":3,"href":"https:\/\/xindasafety.com\/pt\/wp-json\/wp\/v2\/product\/4195\/revisions"}],"predecessor-version":[{"id":7047,"href":"https:\/\/xindasafety.com\/pt\/wp-json\/wp\/v2\/product\/4195\/revisions\/7047"}],"wp:featuredmedia":[{"embeddable":true,"href":"https:\/\/xindasafety.com\/pt\/wp-json\/wp\/v2\/media\/4190"}],"wp:attachment":[{"href":"https:\/\/xindasafety.com\/pt\/wp-json\/wp\/v2\/media?parent=4195"}],"wp:term":[{"taxonomy":"product_brand","embeddable":true,"href":"https:\/\/xindasafety.com\/pt\/wp-json\/wp\/v2\/product_brand?post=4195"},{"taxonomy":"product_cat","embeddable":true,"href":"https:\/\/xindasafety.com\/pt\/wp-json\/wp\/v2\/product_cat?post=4195"},{"taxonomy":"product_tag","embeddable":true,"href":"https:\/\/xindasafety.com\/pt\/wp-json\/wp\/v2\/product_tag?post=4195"}],"curies":[{"name":"wp","href":"https:\/\/api.w.org\/{rel}","templated":true}]}}