{"id":4160,"date":"2025-08-26T02:18:53","date_gmt":"2025-08-26T02:18:53","guid":{"rendered":"https:\/\/xindasafety.com\/?post_type=product&#038;p=4160"},"modified":"2026-04-21T01:36:28","modified_gmt":"2026-04-21T01:36:28","slug":"polia-redonda","status":"publish","type":"product","link":"https:\/\/xindasafety.com\/pt\/product\/round-pulley\/","title":{"rendered":"HH8646GG"},"content":{"rendered":"<p data-start=\"56\" data-end=\"107\"><strong data-start=\"56\" data-end=\"73\">Nome do produto:<\/strong> Polia redonda<br data-start=\"86\" data-end=\"89\" \/><strong data-start=\"89\" data-end=\"99\">Marca:<\/strong> Xinda<\/p>\n<p data-start=\"109\" data-end=\"213\"><strong data-start=\"109\" data-end=\"123\">Modelo n.\u00ba:<\/strong> HH-8646<br data-start=\"131\" data-end=\"134\" \/><strong data-start=\"134\" data-end=\"155\">Resist\u00eancia \u00e0 tra\u00e7\u00e3o:<\/strong> Carga est\u00e1tica 36 kN \/ Carga din\u00e2mica 18 kN (1 kN \u2248 100 kgf)<\/p>\n<p data-start=\"215\" data-end=\"295\"><strong data-start=\"215\" data-end=\"228\">Material:<\/strong> Alum\u00ednio de alta resist\u00eancia + liga de a\u00e7o<br data-start=\"265\" data-end=\"268\" \/><strong data-start=\"268\" data-end=\"281\">Padr\u00e3o:<\/strong> XF 494-2004<\/p>\n<p data-start=\"297\" data-end=\"357\"><strong data-start=\"297\" data-end=\"326\">Di\u00e2metro do cabo aplic\u00e1vel:<\/strong> \u2264 11,5 mm<br data-start=\"336\" data-end=\"339\" \/><strong data-start=\"339\" data-end=\"350\">Peso:<\/strong> 94 g<\/p>\n<p data-start=\"359\" data-end=\"376\"><strong data-start=\"359\" data-end=\"374\">Dimens\u00f5es:<\/strong><\/p>\n<ul data-start=\"377\" data-end=\"437\">\n<li data-start=\"377\" data-end=\"396\">\n<p data-start=\"379\" data-end=\"396\">Altura: 7,48 cm<\/p>\n<\/li>\n<li data-start=\"397\" data-end=\"415\">\n<p data-start=\"399\" data-end=\"415\">Largura: 7,48 cm<\/p>\n<\/li>\n<li data-start=\"416\" data-end=\"437\">\n<p data-start=\"418\" data-end=\"437\">Espessura: 1,9 cm<\/p>\n<\/li>\n<\/ul>\n<p data-start=\"439\" data-end=\"618\"><strong data-start=\"439\" data-end=\"461\">\u00c2mbito de aplica\u00e7\u00e3o:<\/strong><br data-start=\"461\" data-end=\"464\" \/>Travessia Tirolesa, Transporte A\u00e9reo, Transporte de Carga, Escalada em Rocha, Rapel, Treino de Expans\u00e3o, Prote\u00e7\u00e3o de Resgate, Eleva\u00e7\u00e3o, Sistemas de Polias, etc.<\/p>","protected":false},"excerpt":{"rendered":"<p>Polia redonda da s\u00e9rie H de 3\u00aa gera\u00e7\u00e3o da XINDA, conjunto de polia pequena de alta efici\u00eancia para escalada e rapel com travessia tirolesa bidirecional da tirolesa<\/p>","protected":false},"featured_media":4161,"template":"","meta":{"_acf_changed":false},"product_brand":[],"product_cat":[128],"product_tag":[169,245],"class_list":{"0":"post-4160","1":"product","2":"type-product","3":"status-publish","4":"has-post-thumbnail","6":"product_cat-pulley-gen3","7":"product_tag-pulley","8":"product_tag-round-pulley","10":"first","11":"instock","12":"shipping-taxable","13":"product-type-simple"},"acf":[],"_links":{"self":[{"href":"https:\/\/xindasafety.com\/pt\/wp-json\/wp\/v2\/product\/4160","targetHints":{"allow":["GET"]}}],"collection":[{"href":"https:\/\/xindasafety.com\/pt\/wp-json\/wp\/v2\/product"}],"about":[{"href":"https:\/\/xindasafety.com\/pt\/wp-json\/wp\/v2\/types\/product"}],"version-history":[{"count":3,"href":"https:\/\/xindasafety.com\/pt\/wp-json\/wp\/v2\/product\/4160\/revisions"}],"predecessor-version":[{"id":7233,"href":"https:\/\/xindasafety.com\/pt\/wp-json\/wp\/v2\/product\/4160\/revisions\/7233"}],"wp:featuredmedia":[{"embeddable":true,"href":"https:\/\/xindasafety.com\/pt\/wp-json\/wp\/v2\/media\/4161"}],"wp:attachment":[{"href":"https:\/\/xindasafety.com\/pt\/wp-json\/wp\/v2\/media?parent=4160"}],"wp:term":[{"taxonomy":"product_brand","embeddable":true,"href":"https:\/\/xindasafety.com\/pt\/wp-json\/wp\/v2\/product_brand?post=4160"},{"taxonomy":"product_cat","embeddable":true,"href":"https:\/\/xindasafety.com\/pt\/wp-json\/wp\/v2\/product_cat?post=4160"},{"taxonomy":"product_tag","embeddable":true,"href":"https:\/\/xindasafety.com\/pt\/wp-json\/wp\/v2\/product_tag?post=4160"}],"curies":[{"name":"wp","href":"https:\/\/api.w.org\/{rel}","templated":true}]}}