{"id":4107,"date":"2025-08-26T01:42:42","date_gmt":"2025-08-26T01:42:42","guid":{"rendered":"https:\/\/xindasafety.com\/?post_type=product&#038;p=4107"},"modified":"2026-01-19T05:31:00","modified_gmt":"2026-01-19T05:31:00","slug":"mosquetao-de-ligacao-rapida","status":"publish","type":"product","link":"https:\/\/xindasafety.com\/pt\/product\/quick-link-carabiner\/","title":{"rendered":"HH9371"},"content":{"rendered":"<hr data-start=\"44\" data-end=\"47\" \/>\n<p data-start=\"49\" data-end=\"115\"><strong data-start=\"49\" data-end=\"66\">Nome do produto:<\/strong> La\u00e7o de funda curto de liga\u00e7\u00e3o r\u00e1pida<br data-start=\"94\" data-end=\"97\" \/><strong data-start=\"97\" data-end=\"107\">Marca:<\/strong> Xinda<\/p>\n<p data-start=\"117\" data-end=\"167\"><strong data-start=\"117\" data-end=\"131\">Modelo n.\u00ba:<\/strong> HH-9371<br data-start=\"139\" data-end=\"142\" \/><strong data-start=\"142\" data-end=\"155\">Material:<\/strong> Poli\u00e9ster<\/p>\n<p data-start=\"169\" data-end=\"235\"><strong data-start=\"169\" data-end=\"178\">Tamanho:<\/strong> 11 cm \/ 17 cm \/ 25 cm<br data-start=\"200\" data-end=\"203\" \/><strong data-start=\"203\" data-end=\"214\">Peso:<\/strong> 20 g \/ 26 g \/ 38 g<\/p>\n<p data-start=\"237\" data-end=\"302\"><strong data-start=\"237\" data-end=\"258\">Resist\u00eancia \u00e0 tra\u00e7\u00e3o:<\/strong> 22 kN<br data-start=\"264\" data-end=\"267\" \/><strong data-start=\"267\" data-end=\"280\">Padr\u00e3o:<\/strong> CE1019, EN566, UIAA<\/p>\n<p data-start=\"304\" data-end=\"428\"><strong data-start=\"304\" data-end=\"321\">Carater\u00edsticas principais:<\/strong><br data-start=\"321\" data-end=\"324\" \/>Design leve e resistente \u00e0 abras\u00e3o, forma ergon\u00f3mica para melhor adapta\u00e7\u00e3o \u00e0 m\u00e3o, maior for\u00e7a de preens\u00e3o<\/p>","protected":false},"excerpt":{"rendered":"<p>XINDA 3rd Generation H-Series Outdoor Climbing Sling Loop com mosquet\u00e3o de bloqueio principal, conetor de liga\u00e7\u00e3o r\u00e1pida e correia de posicionamento resistente \u00e0 abras\u00e3o<\/p>","protected":false},"featured_media":4108,"template":"","meta":{"_acf_changed":false},"product_brand":[],"product_cat":[65],"product_tag":[249],"class_list":{"0":"post-4107","1":"product","2":"type-product","3":"status-publish","4":"has-post-thumbnail","6":"product_cat-slings","7":"product_tag-short-sling-loop","9":"first","10":"instock","11":"shipping-taxable","12":"product-type-variable"},"acf":[],"_links":{"self":[{"href":"https:\/\/xindasafety.com\/pt\/wp-json\/wp\/v2\/product\/4107","targetHints":{"allow":["GET"]}}],"collection":[{"href":"https:\/\/xindasafety.com\/pt\/wp-json\/wp\/v2\/product"}],"about":[{"href":"https:\/\/xindasafety.com\/pt\/wp-json\/wp\/v2\/types\/product"}],"version-history":[{"count":4,"href":"https:\/\/xindasafety.com\/pt\/wp-json\/wp\/v2\/product\/4107\/revisions"}],"predecessor-version":[{"id":6884,"href":"https:\/\/xindasafety.com\/pt\/wp-json\/wp\/v2\/product\/4107\/revisions\/6884"}],"wp:featuredmedia":[{"embeddable":true,"href":"https:\/\/xindasafety.com\/pt\/wp-json\/wp\/v2\/media\/4108"}],"wp:attachment":[{"href":"https:\/\/xindasafety.com\/pt\/wp-json\/wp\/v2\/media?parent=4107"}],"wp:term":[{"taxonomy":"product_brand","embeddable":true,"href":"https:\/\/xindasafety.com\/pt\/wp-json\/wp\/v2\/product_brand?post=4107"},{"taxonomy":"product_cat","embeddable":true,"href":"https:\/\/xindasafety.com\/pt\/wp-json\/wp\/v2\/product_cat?post=4107"},{"taxonomy":"product_tag","embeddable":true,"href":"https:\/\/xindasafety.com\/pt\/wp-json\/wp\/v2\/product_tag?post=4107"}],"curies":[{"name":"wp","href":"https:\/\/api.w.org\/{rel}","templated":true}]}}