{"id":4023,"date":"2025-08-25T08:56:40","date_gmt":"2025-08-25T08:56:40","guid":{"rendered":"https:\/\/xindasafety.com\/?post_type=product&#038;p=4023"},"modified":"2026-01-19T05:40:02","modified_gmt":"2026-01-19T05:40:02","slug":"corda-mista-de-alta-resistencia","status":"publish","type":"product","link":"https:\/\/xindasafety.com\/pt\/product\/high-strength-blended-rope\/","title":{"rendered":"HH9864"},"content":{"rendered":"<p data-start=\"46\" data-end=\"232\"><strong data-start=\"46\" data-end=\"63\">Nome do produto:<\/strong> Cabos mistos Dyneema\u00ae superest\u00e1ticos<br data-start=\"98\" data-end=\"101\" \/><strong data-start=\"101\" data-end=\"111\">Marca:<\/strong> Xinda<br data-start=\"117\" data-end=\"120\" \/><strong data-start=\"120\" data-end=\"134\">Modelo n.\u00ba:<\/strong> HH-9864<br data-start=\"142\" data-end=\"145\" \/><strong data-start=\"145\" data-end=\"158\">Material:<\/strong> Mistura de Technora\u00ae \/ Kevlar\u00ae \/ Dyneema<br data-start=\"195\" data-end=\"198\" \/><strong data-start=\"198\" data-end=\"208\">Cor:<\/strong> -<br data-start=\"210\" data-end=\"213\" \/><strong data-start=\"213\" data-end=\"224\">Origem:<\/strong> China<\/p>\n<p data-start=\"234\" data-end=\"265\"><strong data-start=\"234\" data-end=\"263\">Di\u00e2metro e carga de rutura:<\/strong><\/p>\n<ul data-start=\"266\" data-end=\"307\">\n<li data-start=\"266\" data-end=\"286\">\n<p data-start=\"268\" data-end=\"286\">\u00d8 7,5 mm - 22 kN<\/p>\n<\/li>\n<li data-start=\"287\" data-end=\"307\">\n<p data-start=\"289\" data-end=\"307\">\u00d8 8,5 mm - 27 kN<\/p>\n<\/li>\n<\/ul>\n<p data-start=\"309\" data-end=\"322\"><strong data-start=\"309\" data-end=\"320\">Peso:<\/strong><\/p>\n<ul data-start=\"323\" data-end=\"366\">\n<li data-start=\"323\" data-end=\"344\">\n<p data-start=\"325\" data-end=\"344\">\u00d8 7,5 mm - 34 g\/m<\/p>\n<\/li>\n<li data-start=\"345\" data-end=\"366\">\n<p data-start=\"347\" data-end=\"366\">\u00d8 8,5 mm - 42 g\/m<\/p>\n<\/li>\n<\/ul>\n<p data-start=\"368\" data-end=\"426\"><strong data-start=\"368\" data-end=\"382\">Estrutura:<\/strong> Bainha de 32 fios<br data-start=\"399\" data-end=\"402\" \/><strong data-start=\"402\" data-end=\"424\">Rela\u00e7\u00e3o bainha\/n\u00facleo:<\/strong><\/p>\n<ul data-start=\"427\" data-end=\"508\">\n<li data-start=\"427\" data-end=\"467\">\n<p data-start=\"429\" data-end=\"467\">\u00d8 7,5 mm - Bainha 61,2% \/ N\u00facleo 38,8%<\/p>\n<\/li>\n<li data-start=\"468\" data-end=\"508\">\n<p data-start=\"470\" data-end=\"508\">\u00d8 8,5 mm - Bainha 59,8% \/ N\u00facleo 40,2%<\/p>\n<\/li>\n<\/ul>\n<p data-start=\"510\" data-end=\"593\"><strong data-start=\"510\" data-end=\"525\">Alongamento:<\/strong> 0% (corda est\u00e1tica, sem alongamento din\u00e2mico)<br data-start=\"562\" data-end=\"565\" \/><strong data-start=\"565\" data-end=\"591\">Capacidade de n\u00f3 (valor K):<\/strong><\/p>\n<ul data-start=\"594\" data-end=\"636\">\n<li data-start=\"594\" data-end=\"614\">\n<p data-start=\"596\" data-end=\"614\">\u00d8 7,5 mm - K=1,0<\/p>\n<\/li>\n<li data-start=\"615\" data-end=\"636\">\n<p data-start=\"617\" data-end=\"636\">\u00d8 8,5 mm - K=1,05<\/p>\n<\/li>\n<\/ul>\n<p data-start=\"638\" data-end=\"661\"><strong data-start=\"638\" data-end=\"659\">Outras propriedades:<\/strong><\/p>\n<ul data-start=\"662\" data-end=\"721\">\n<li data-start=\"662\" data-end=\"685\">\n<p data-start=\"664\" data-end=\"685\">Deslizamento da bainha: 0%<\/p>\n<\/li>\n<li data-start=\"686\" data-end=\"721\">\n<p data-start=\"688\" data-end=\"721\">Extens\u00e3o sob carga: ~1,0-1,3%<\/p>\n<\/li>\n<\/ul>\n<p data-start=\"723\" data-end=\"925\"><strong data-start=\"723\" data-end=\"745\">\u00c2mbito de aplica\u00e7\u00e3o:<\/strong><br data-start=\"745\" data-end=\"748\" \/>Espeleologia, montanhismo, corda auxiliar para aparelhamento e transporte.<br data-start=\"809\" data-end=\"812\" \/>N\u00e3o deve ser utilizado como corda principal em situa\u00e7\u00f5es de queda (proibido em ambientes com potencial de queda livre).<\/p>\n<p data-start=\"927\" data-end=\"1059\"><strong data-start=\"927\" data-end=\"939\">Aviso:<\/strong> Esta corda tem <strong data-start=\"954\" data-end=\"978\">0 alongamento din\u00e2mico<\/strong>. Apenas para utiliza\u00e7\u00e3o auxiliar. <strong data-start=\"1004\" data-end=\"1057\">N\u00e3o utilizar como corda principal para prote\u00e7\u00e3o contra quedas.<\/strong><\/p>","protected":false},"excerpt":{"rendered":"<p>Xinda 3rd Gen H-Series Multifunctional Accessory Rope Kevlar-Blended Dyneema Rope for Climbing &amp; Caving<\/p>","protected":false},"featured_media":4015,"template":"","meta":{"_acf_changed":false},"product_brand":[],"product_cat":[134],"product_tag":[212],"class_list":{"0":"post-4023","1":"product","2":"type-product","3":"status-publish","4":"has-post-thumbnail","6":"product_cat-rope-gen3","7":"product_tag-rope","9":"first","10":"instock","11":"shipping-taxable","12":"product-type-variable"},"acf":[],"_links":{"self":[{"href":"https:\/\/xindasafety.com\/pt\/wp-json\/wp\/v2\/product\/4023","targetHints":{"allow":["GET"]}}],"collection":[{"href":"https:\/\/xindasafety.com\/pt\/wp-json\/wp\/v2\/product"}],"about":[{"href":"https:\/\/xindasafety.com\/pt\/wp-json\/wp\/v2\/types\/product"}],"version-history":[{"count":2,"href":"https:\/\/xindasafety.com\/pt\/wp-json\/wp\/v2\/product\/4023\/revisions"}],"predecessor-version":[{"id":6896,"href":"https:\/\/xindasafety.com\/pt\/wp-json\/wp\/v2\/product\/4023\/revisions\/6896"}],"wp:featuredmedia":[{"embeddable":true,"href":"https:\/\/xindasafety.com\/pt\/wp-json\/wp\/v2\/media\/4015"}],"wp:attachment":[{"href":"https:\/\/xindasafety.com\/pt\/wp-json\/wp\/v2\/media?parent=4023"}],"wp:term":[{"taxonomy":"product_brand","embeddable":true,"href":"https:\/\/xindasafety.com\/pt\/wp-json\/wp\/v2\/product_brand?post=4023"},{"taxonomy":"product_cat","embeddable":true,"href":"https:\/\/xindasafety.com\/pt\/wp-json\/wp\/v2\/product_cat?post=4023"},{"taxonomy":"product_tag","embeddable":true,"href":"https:\/\/xindasafety.com\/pt\/wp-json\/wp\/v2\/product_tag?post=4023"}],"curies":[{"name":"wp","href":"https:\/\/api.w.org\/{rel}","templated":true}]}}