{"id":3988,"date":"2025-08-25T08:38:14","date_gmt":"2025-08-25T08:38:14","guid":{"rendered":"https:\/\/xindasafety.com\/?post_type=product&#038;p=3988"},"modified":"2026-01-18T08:56:51","modified_gmt":"2026-01-18T08:56:51","slug":"corda-de-alta-resistencia-2","status":"publish","type":"product","link":"https:\/\/xindasafety.com\/pt\/product\/high-strength-rope-2\/","title":{"rendered":"HH986710OJ"},"content":{"rendered":"<p data-start=\"95\" data-end=\"428\"><strong data-start=\"95\" data-end=\"112\">Nome do produto:<\/strong> Cabo auxiliar super est\u00e1tico Dyneema<br data-start=\"148\" data-end=\"151\" \/><strong data-start=\"151\" data-end=\"161\">Marca:<\/strong> Xinda<br data-start=\"167\" data-end=\"170\" \/><strong data-start=\"170\" data-end=\"184\">Modelo n.\u00ba:<\/strong> HH-9867<br data-start=\"192\" data-end=\"195\" \/><strong data-start=\"195\" data-end=\"208\" data-is-only-node=\"\">Material:<\/strong> N\u00facleo - Dyneema, bainha - Technora<br data-start=\"242\" data-end=\"245\" \/><strong data-start=\"245\" data-end=\"274\">Di\u00e2metro e carga de rutura:<\/strong> \u00d810 mm (36 kN)<br data-start=\"289\" data-end=\"292\" \/><strong data-start=\"292\" data-end=\"314\">Propor\u00e7\u00e3o da bainha:<\/strong> 57%<br data-start=\"318\" data-end=\"321\" \/><strong data-start=\"321\" data-end=\"341\">Propor\u00e7\u00e3o do n\u00facleo:<\/strong> 43%<br data-start=\"345\" data-end=\"348\" \/><strong data-start=\"348\" data-end=\"379\">Taxa de alongamento (0-150 kg):<\/strong> 0.90%<br data-start=\"385\" data-end=\"388\" \/><strong data-start=\"388\" data-end=\"400\">Fios:<\/strong> 32<br data-start=\"403\" data-end=\"406\" \/><strong data-start=\"406\" data-end=\"417\">Peso:<\/strong> 57,8 g\/m<\/p>\n<p data-start=\"430\" data-end=\"542\"><strong data-start=\"430\" data-end=\"452\">\u00c2mbito de aplica\u00e7\u00e3o:<\/strong> Corda auxiliar de escalada, n\u00e3o deve ser utilizada como corda principal. Deve evitar-se qualquer queda durante a utiliza\u00e7\u00e3o.<\/p>\n<p data-start=\"544\" data-end=\"641\">\u26a0\ufe0f <strong data-start=\"547\" data-end=\"559\">Aviso:<\/strong> Proibida a utiliza\u00e7\u00e3o como corda principal! Evitar as quedas durante a utiliza\u00e7\u00e3o!<\/p>","protected":false},"excerpt":{"rendered":"<p>Xinda 3\u00aa Gera\u00e7\u00e3o H-Series Super Static Dyneema Auxiliary Rope Safety Line para Escalada em Rocha ao Ar Livre, Espeleologia, Prote\u00e7\u00e3o de \u00c2ncoras e Montanhismo<\/p>","protected":false},"featured_media":3992,"template":"","meta":{"_acf_changed":false},"product_brand":[],"product_cat":[134],"product_tag":[212],"class_list":{"0":"post-3988","1":"product","2":"type-product","3":"status-publish","4":"has-post-thumbnail","6":"product_cat-rope-gen3","7":"product_tag-rope","9":"first","10":"instock","11":"shipping-taxable","12":"product-type-simple"},"acf":[],"_links":{"self":[{"href":"https:\/\/xindasafety.com\/pt\/wp-json\/wp\/v2\/product\/3988","targetHints":{"allow":["GET"]}}],"collection":[{"href":"https:\/\/xindasafety.com\/pt\/wp-json\/wp\/v2\/product"}],"about":[{"href":"https:\/\/xindasafety.com\/pt\/wp-json\/wp\/v2\/types\/product"}],"version-history":[{"count":2,"href":"https:\/\/xindasafety.com\/pt\/wp-json\/wp\/v2\/product\/3988\/revisions"}],"predecessor-version":[{"id":6799,"href":"https:\/\/xindasafety.com\/pt\/wp-json\/wp\/v2\/product\/3988\/revisions\/6799"}],"wp:featuredmedia":[{"embeddable":true,"href":"https:\/\/xindasafety.com\/pt\/wp-json\/wp\/v2\/media\/3992"}],"wp:attachment":[{"href":"https:\/\/xindasafety.com\/pt\/wp-json\/wp\/v2\/media?parent=3988"}],"wp:term":[{"taxonomy":"product_brand","embeddable":true,"href":"https:\/\/xindasafety.com\/pt\/wp-json\/wp\/v2\/product_brand?post=3988"},{"taxonomy":"product_cat","embeddable":true,"href":"https:\/\/xindasafety.com\/pt\/wp-json\/wp\/v2\/product_cat?post=3988"},{"taxonomy":"product_tag","embeddable":true,"href":"https:\/\/xindasafety.com\/pt\/wp-json\/wp\/v2\/product_tag?post=3988"}],"curies":[{"name":"wp","href":"https:\/\/api.w.org\/{rel}","templated":true}]}}