{"id":3908,"date":"2025-08-25T07:29:12","date_gmt":"2025-08-25T07:29:12","guid":{"rendered":"https:\/\/xindasafety.com\/?post_type=product&#038;p=3908"},"modified":"2026-04-18T05:56:32","modified_gmt":"2026-04-18T05:56:32","slug":"3908","status":"publish","type":"product","link":"https:\/\/xindasafety.com\/pt\/product\/3908\/","title":{"rendered":"HH9589"},"content":{"rendered":"<p data-start=\"97\" data-end=\"369\"><strong data-start=\"97\" data-end=\"114\">Nome do produto:<\/strong> Arn\u00eas de seguran\u00e7a de corpo inteiro Longteng Pro<br data-start=\"152\" data-end=\"155\" \/><strong data-start=\"155\" data-end=\"165\">Marca:<\/strong> Xinda<br data-start=\"171\" data-end=\"174\" \/><strong data-start=\"174\" data-end=\"188\">Modelo n.\u00ba:<\/strong> -<br data-start=\"190\" data-end=\"193\" \/><strong data-start=\"193\" data-end=\"206\">Material:<\/strong> Cinta, liga de alum\u00ednio, espuma EVA, nylon, a\u00e7o, etc.<br data-start=\"260\" data-end=\"263\" \/><strong data-start=\"263\" data-end=\"289\">Especifica\u00e7\u00e3o da cinta:<\/strong> Largura 45 mm, Espessura 1,95 mm<br data-start=\"320\" data-end=\"323\" data-is-only-node=\"\" \/><strong data-start=\"323\" data-end=\"336\">Padr\u00e3o:<\/strong> XF494-2023<br data-start=\"347\" data-end=\"350\" \/><strong data-start=\"350\" data-end=\"361\">Origem:<\/strong> China<\/p>\n<p data-start=\"371\" data-end=\"390\"><strong data-start=\"371\" data-end=\"388\">Op\u00e7\u00f5es de tamanho:<\/strong><\/p>\n<ul data-start=\"391\" data-end=\"537\">\n<li data-start=\"391\" data-end=\"464\">\n<p data-start=\"393\" data-end=\"464\"><strong data-start=\"393\" data-end=\"408\">M\u00e9dio (M):<\/strong> Cintura 80-120 cm | Peso 50-80 kg | Altura 165-185 cm<\/p>\n<\/li>\n<li data-start=\"465\" data-end=\"537\">\n<p data-start=\"467\" data-end=\"537\"><strong data-start=\"467\" data-end=\"481\">Grande (L):<\/strong> Cintura 95-135 cm | Peso 60-90 kg | Altura 170-190 cm<\/p>\n<\/li>\n<\/ul>\n<p data-start=\"539\" data-end=\"552\"><strong data-start=\"539\" data-end=\"550\">Peso:<\/strong><\/p>\n<ul data-start=\"553\" data-end=\"599\">\n<li data-start=\"553\" data-end=\"576\">\n<p data-start=\"555\" data-end=\"576\">Tamanho m\u00e9dio: 1715 g<\/p>\n<\/li>\n<li data-start=\"577\" data-end=\"599\">\n<p data-start=\"579\" data-end=\"599\">Tamanho grande: 1910 g<\/p>\n<\/li>\n<\/ul>\n<p data-start=\"601\" data-end=\"739\"><strong data-start=\"601\" data-end=\"623\">\u00c2mbito de aplica\u00e7\u00e3o:<\/strong> Montanhismo, espeleologia, escalada, treino de expans\u00e3o, salvamento, trabalho a\u00e9reo, prote\u00e7\u00e3o contra quedas, rapel, etc.<\/p>","protected":false},"excerpt":{"rendered":"<p>Xinda 3\u00aa Gera\u00e7\u00e3o H-Series Longteng Pro Arn\u00eas de Seguran\u00e7a de Corpo Inteiro com Ascensor de Peito Destac\u00e1vel para Escalada, Montanhismo e Prote\u00e7\u00e3o de Trabalho A\u00e9reo<\/p>","protected":false},"featured_media":3917,"template":"","meta":{"_acf_changed":false},"product_brand":[],"product_cat":[116],"product_tag":[211,80],"class_list":{"0":"post-3908","1":"product","2":"type-product","3":"status-publish","4":"has-post-thumbnail","6":"product_cat-harness-gen3","7":"product_tag-full-body-safety-harness","8":"product_tag-harness","10":"first","11":"instock","12":"shipping-taxable","13":"product-type-variable"},"acf":[],"_links":{"self":[{"href":"https:\/\/xindasafety.com\/pt\/wp-json\/wp\/v2\/product\/3908","targetHints":{"allow":["GET"]}}],"collection":[{"href":"https:\/\/xindasafety.com\/pt\/wp-json\/wp\/v2\/product"}],"about":[{"href":"https:\/\/xindasafety.com\/pt\/wp-json\/wp\/v2\/types\/product"}],"version-history":[{"count":5,"href":"https:\/\/xindasafety.com\/pt\/wp-json\/wp\/v2\/product\/3908\/revisions"}],"predecessor-version":[{"id":7059,"href":"https:\/\/xindasafety.com\/pt\/wp-json\/wp\/v2\/product\/3908\/revisions\/7059"}],"wp:featuredmedia":[{"embeddable":true,"href":"https:\/\/xindasafety.com\/pt\/wp-json\/wp\/v2\/media\/3917"}],"wp:attachment":[{"href":"https:\/\/xindasafety.com\/pt\/wp-json\/wp\/v2\/media?parent=3908"}],"wp:term":[{"taxonomy":"product_brand","embeddable":true,"href":"https:\/\/xindasafety.com\/pt\/wp-json\/wp\/v2\/product_brand?post=3908"},{"taxonomy":"product_cat","embeddable":true,"href":"https:\/\/xindasafety.com\/pt\/wp-json\/wp\/v2\/product_cat?post=3908"},{"taxonomy":"product_tag","embeddable":true,"href":"https:\/\/xindasafety.com\/pt\/wp-json\/wp\/v2\/product_tag?post=3908"}],"curies":[{"name":"wp","href":"https:\/\/api.w.org\/{rel}","templated":true}]}}