{"id":3901,"date":"2025-10-05T07:20:47","date_gmt":"2025-10-05T07:20:47","guid":{"rendered":"https:\/\/xindasafety.com\/?post_type=product&#038;p=3901"},"modified":"2026-01-18T08:10:47","modified_gmt":"2026-01-18T08:10:47","slug":"ascensor-de-peito-h7","status":"publish","type":"product","link":"https:\/\/xindasafety.com\/pt\/product\/h7-chest-ascender\/","title":{"rendered":"HHXS07"},"content":{"rendered":"<p><strong data-start=\"36\" data-end=\"53\">Nome do produto:<\/strong> Ascensor de peito H7<br data-start=\"71\" data-end=\"74\" \/><strong data-start=\"74\" data-end=\"84\">Marca:<\/strong> Xinda<br data-start=\"90\" data-end=\"93\" \/><strong data-start=\"93\" data-end=\"107\" data-is-only-node=\"\">Modelo n.\u00ba:<\/strong> HH-XS07<br data-start=\"115\" data-end=\"118\" \/><strong data-start=\"118\" data-end=\"128\">Cor:<\/strong> Cinzento + Verde<br data-start=\"141\" data-end=\"144\" \/><strong data-start=\"144\" data-end=\"157\">Material:<\/strong> Liga de alum\u00ednio, a\u00e7o<br data-start=\"179\" data-end=\"182\" \/><strong data-start=\"182\" data-end=\"191\">Tamanho:<\/strong> 102 \u00d7 80 mm<br data-start=\"203\" data-end=\"206\" \/><strong data-start=\"206\" data-end=\"235\">Di\u00e2metro do cabo aplic\u00e1vel:<\/strong> 10-13 mm<br data-start=\"244\" data-end=\"247\" \/><strong data-start=\"247\" data-end=\"264\">Carga de trabalho:<\/strong> 140 kg<br data-start=\"271\" data-end=\"274\" \/><strong data-start=\"274\" data-end=\"296\">\u00c2mbito de aplica\u00e7\u00e3o:<\/strong> Montanhismo, Escalada, Treino de Expans\u00e3o, Espeleologia, SRT, Resgate, Trabalho A\u00e9reo, etc.<\/p>","protected":false},"excerpt":{"rendered":"<p>Xinda 3\u00aa Gera\u00e7\u00e3o H-Series H7 Chest Ascender Outdoor Mountaineering Rock Climbing Fall Arrester Climbing Device Caving SRT Gear<\/p>","protected":false},"featured_media":3902,"template":"","meta":{"_acf_changed":false},"product_brand":[],"product_cat":[101],"product_tag":[198,210],"class_list":{"0":"post-3901","1":"product","2":"type-product","3":"status-publish","4":"has-post-thumbnail","6":"product_cat-asender-generation-3","7":"product_tag-ascender","8":"product_tag-chest-ascender","10":"first","11":"instock","12":"shipping-taxable","13":"product-type-simple"},"acf":[],"_links":{"self":[{"href":"https:\/\/xindasafety.com\/pt\/wp-json\/wp\/v2\/product\/3901","targetHints":{"allow":["GET"]}}],"collection":[{"href":"https:\/\/xindasafety.com\/pt\/wp-json\/wp\/v2\/product"}],"about":[{"href":"https:\/\/xindasafety.com\/pt\/wp-json\/wp\/v2\/types\/product"}],"version-history":[{"count":5,"href":"https:\/\/xindasafety.com\/pt\/wp-json\/wp\/v2\/product\/3901\/revisions"}],"predecessor-version":[{"id":6936,"href":"https:\/\/xindasafety.com\/pt\/wp-json\/wp\/v2\/product\/3901\/revisions\/6936"}],"wp:featuredmedia":[{"embeddable":true,"href":"https:\/\/xindasafety.com\/pt\/wp-json\/wp\/v2\/media\/3902"}],"wp:attachment":[{"href":"https:\/\/xindasafety.com\/pt\/wp-json\/wp\/v2\/media?parent=3901"}],"wp:term":[{"taxonomy":"product_brand","embeddable":true,"href":"https:\/\/xindasafety.com\/pt\/wp-json\/wp\/v2\/product_brand?post=3901"},{"taxonomy":"product_cat","embeddable":true,"href":"https:\/\/xindasafety.com\/pt\/wp-json\/wp\/v2\/product_cat?post=3901"},{"taxonomy":"product_tag","embeddable":true,"href":"https:\/\/xindasafety.com\/pt\/wp-json\/wp\/v2\/product_tag?post=3901"}],"curies":[{"name":"wp","href":"https:\/\/api.w.org\/{rel}","templated":true}]}}