{"id":3886,"date":"2025-08-25T07:10:04","date_gmt":"2025-08-25T07:10:04","guid":{"rendered":"https:\/\/xindasafety.com\/?post_type=product&#038;p=3886"},"modified":"2026-04-21T02:19:24","modified_gmt":"2026-04-21T02:19:24","slug":"absorvedor-de-energia","status":"publish","type":"product","link":"https:\/\/xindasafety.com\/pt\/product\/energy-absorber\/","title":{"rendered":"HH9375"},"content":{"rendered":"<p data-start=\"87\" data-end=\"269\"><strong data-start=\"87\" data-end=\"104\">Nome do produto:<\/strong> Absorvedor de energia<br data-start=\"120\" data-end=\"123\" \/><strong data-start=\"123\" data-end=\"133\">Marca:<\/strong> Xinda<br data-start=\"139\" data-end=\"142\" \/><strong data-start=\"142\" data-end=\"156\">Modelo n.\u00ba:<\/strong> HH-9375 \/ HH-9376<br data-start=\"174\" data-end=\"177\" \/><strong data-start=\"177\" data-end=\"190\">Material:<\/strong> Cinta, Dyneema, etc.<br data-start=\"213\" data-end=\"216\" data-is-only-node=\"\" \/><strong data-start=\"216\" data-end=\"226\">Cor:<\/strong> Verde + Cinzento<br data-start=\"239\" data-end=\"242\" \/><strong data-start=\"242\" data-end=\"255\">Padr\u00e3o:<\/strong> XF 494-2023<\/p>\n<p data-start=\"271\" data-end=\"292\"><strong data-start=\"271\" data-end=\"290\">Especifica\u00e7\u00f5es:<\/strong><\/p>\n<div class=\"_tableContainer_sk2ct_1\">\n<div class=\"_tableWrapper_sk2ct_13 group flex w-fit flex-col-reverse\" tabindex=\"-1\">\n<table class=\"w-fit min-w-(--thread-content-width)\" data-start=\"294\" data-end=\"909\">\n<thead data-start=\"294\" data-end=\"395\">\n<tr data-start=\"294\" data-end=\"395\">\n<th data-start=\"294\" data-end=\"304\" data-col-size=\"sm\">Vers\u00e3o<\/th>\n<th data-start=\"304\" data-end=\"312\" data-col-size=\"sm\">Utiliza\u00e7\u00e3o<\/th>\n<th data-start=\"312\" data-end=\"329\" data-col-size=\"sm\">Tamanho (cm)<\/th>\n<th data-start=\"329\" data-end=\"338\" data-col-size=\"sm\">Peso<\/th>\n<th data-start=\"338\" data-end=\"354\" data-col-size=\"sm\">Dist\u00e2ncia de seguran\u00e7a<\/th>\n<th data-start=\"354\" data-end=\"369\" data-col-size=\"sm\">For\u00e7a de impacto<\/th>\n<th data-start=\"369\" data-end=\"383\" data-col-size=\"sm\">Comprimento do rasgo<\/th>\n<th data-start=\"383\" data-end=\"395\" data-col-size=\"sm\">Carga m\u00e1xima<\/th>\n<\/tr>\n<\/thead>\n<tbody data-start=\"498\" data-end=\"909\">\n<tr data-start=\"498\" data-end=\"600\">\n<td data-start=\"498\" data-end=\"508\" data-col-size=\"sm\">Tipo 1<\/td>\n<td data-start=\"508\" data-end=\"517\" data-col-size=\"sm\">Duplo<\/td>\n<td data-start=\"517\" data-end=\"534\" data-col-size=\"sm\">40 \u00d7 2.8 \u00d7 3.5<\/td>\n<td data-start=\"534\" data-end=\"543\" data-col-size=\"sm\">168 g<\/td>\n<td data-start=\"543\" data-end=\"559\" data-col-size=\"sm\">&gt; 4 m<\/td>\n<td data-start=\"559\" data-end=\"574\" data-col-size=\"sm\">&lt; 6 kN<\/td>\n<td data-start=\"574\" data-end=\"588\" data-col-size=\"sm\">252 cm<\/td>\n<td data-start=\"588\" data-end=\"600\" data-col-size=\"sm\">250 kg<\/td>\n<\/tr>\n<tr data-start=\"601\" data-end=\"703\">\n<td data-start=\"601\" data-end=\"611\" data-col-size=\"sm\">Tipo 2<\/td>\n<td data-start=\"611\" data-end=\"620\" data-col-size=\"sm\">Duplo<\/td>\n<td data-start=\"620\" data-end=\"637\" data-col-size=\"sm\">30 \u00d7 2.8 \u00d7 3.5<\/td>\n<td data-start=\"637\" data-end=\"646\" data-col-size=\"sm\">138 g<\/td>\n<td data-start=\"646\" data-end=\"662\" data-col-size=\"sm\">&gt; 3 m<\/td>\n<td data-start=\"662\" data-end=\"677\" data-col-size=\"sm\">&lt; 6 kN<\/td>\n<td data-start=\"677\" data-end=\"691\" data-col-size=\"sm\">242 cm<\/td>\n<td data-start=\"691\" data-end=\"703\" data-col-size=\"sm\">250 kg<\/td>\n<\/tr>\n<tr data-start=\"704\" data-end=\"806\">\n<td data-start=\"704\" data-end=\"714\" data-col-size=\"sm\">Tipo 3<\/td>\n<td data-start=\"714\" data-end=\"723\" data-col-size=\"sm\">Individual<\/td>\n<td data-start=\"723\" data-end=\"740\" data-col-size=\"sm\">40 \u00d7 2.8 \u00d7 5.5<\/td>\n<td data-start=\"740\" data-end=\"749\" data-col-size=\"sm\">138 g<\/td>\n<td data-start=\"749\" data-end=\"765\" data-col-size=\"sm\">&gt; 3 m<\/td>\n<td data-start=\"765\" data-end=\"780\" data-col-size=\"sm\">&lt; 6 kN<\/td>\n<td data-start=\"780\" data-end=\"794\" data-col-size=\"sm\">200 cm<\/td>\n<td data-start=\"794\" data-end=\"806\" data-col-size=\"sm\">130 kg<\/td>\n<\/tr>\n<tr data-start=\"807\" data-end=\"909\">\n<td data-start=\"807\" data-end=\"817\" data-col-size=\"sm\">Tipo 4<\/td>\n<td data-start=\"817\" data-end=\"826\" data-col-size=\"sm\">Individual<\/td>\n<td data-start=\"826\" data-end=\"843\" data-col-size=\"sm\">20 \u00d7 2.8 \u00d7 5.5<\/td>\n<td data-start=\"843\" data-end=\"852\" data-col-size=\"sm\">117 g<\/td>\n<td data-start=\"852\" data-end=\"868\" data-col-size=\"sm\">&gt; 2.3 m<\/td>\n<td data-start=\"868\" data-end=\"883\" data-col-size=\"sm\">&lt; 6 kN<\/td>\n<td data-col-size=\"sm\" data-start=\"883\" data-end=\"897\">180 cm<\/td>\n<td data-col-size=\"sm\" data-start=\"897\" data-end=\"909\">130 kg<\/td>\n<\/tr>\n<\/tbody>\n<\/table>\n<\/div>\n<\/div>\n<p data-start=\"911\" data-end=\"1049\"><strong data-start=\"911\" data-end=\"933\">\u00c2mbito de aplica\u00e7\u00e3o:<\/strong> Montanhismo, espeleologia, escalada, treino de expans\u00e3o, salvamento, trabalho a\u00e9reo, prote\u00e7\u00e3o contra quedas, rapel, etc.<\/p>","protected":false},"excerpt":{"rendered":"<p>Xinda 3\u00aa Gera\u00e7\u00e3o H-Series Energy Absorber - Talabarte de Resgate com Absor\u00e7\u00e3o de Choque para Trabalho A\u00e9reo, Trava-Quedas e Rapel<\/p>","protected":false},"featured_media":3880,"template":"","meta":{"_acf_changed":false},"product_brand":[],"product_cat":[68],"product_tag":[208],"class_list":{"0":"post-3886","1":"product","2":"type-product","3":"status-publish","4":"has-post-thumbnail","6":"product_cat-auxiliary-tools","7":"product_tag-energy-absorber","9":"first","10":"instock","11":"shipping-taxable","12":"product-type-variable"},"acf":[],"_links":{"self":[{"href":"https:\/\/xindasafety.com\/pt\/wp-json\/wp\/v2\/product\/3886","targetHints":{"allow":["GET"]}}],"collection":[{"href":"https:\/\/xindasafety.com\/pt\/wp-json\/wp\/v2\/product"}],"about":[{"href":"https:\/\/xindasafety.com\/pt\/wp-json\/wp\/v2\/types\/product"}],"version-history":[{"count":4,"href":"https:\/\/xindasafety.com\/pt\/wp-json\/wp\/v2\/product\/3886\/revisions"}],"predecessor-version":[{"id":7267,"href":"https:\/\/xindasafety.com\/pt\/wp-json\/wp\/v2\/product\/3886\/revisions\/7267"}],"wp:featuredmedia":[{"embeddable":true,"href":"https:\/\/xindasafety.com\/pt\/wp-json\/wp\/v2\/media\/3880"}],"wp:attachment":[{"href":"https:\/\/xindasafety.com\/pt\/wp-json\/wp\/v2\/media?parent=3886"}],"wp:term":[{"taxonomy":"product_brand","embeddable":true,"href":"https:\/\/xindasafety.com\/pt\/wp-json\/wp\/v2\/product_brand?post=3886"},{"taxonomy":"product_cat","embeddable":true,"href":"https:\/\/xindasafety.com\/pt\/wp-json\/wp\/v2\/product_cat?post=3886"},{"taxonomy":"product_tag","embeddable":true,"href":"https:\/\/xindasafety.com\/pt\/wp-json\/wp\/v2\/product_tag?post=3886"}],"curies":[{"name":"wp","href":"https:\/\/api.w.org\/{rel}","templated":true}]}}