{"id":3783,"date":"2025-10-06T05:42:22","date_gmt":"2025-10-06T05:42:22","guid":{"rendered":"https:\/\/xindasafety.com\/?post_type=product&#038;p=3783"},"modified":"2026-04-21T01:44:47","modified_gmt":"2026-04-21T01:44:47","slug":"polia-tripla","status":"publish","type":"product","link":"https:\/\/xindasafety.com\/pt\/product\/triple-pulley\/","title":{"rendered":"HHPU03"},"content":{"rendered":"<p data-start=\"63\" data-end=\"295\"><strong data-start=\"63\" data-end=\"80\">Nome do produto:<\/strong> Polia tripla<br data-start=\"94\" data-end=\"97\" \/><strong data-start=\"97\" data-end=\"107\">Marca:<\/strong> Xinda<br data-start=\"113\" data-end=\"116\" \/><strong data-start=\"116\" data-end=\"130\">Modelo n.\u00ba:<\/strong> HH-PU03<br data-start=\"138\" data-end=\"141\" \/><strong data-start=\"141\" data-end=\"154\">Material:<\/strong> Liga de alum\u00ednio de alta resist\u00eancia + a\u00e7o<br data-start=\"191\" data-end=\"194\" \/><strong data-start=\"194\" data-end=\"212\" data-is-only-node=\"\">Carga de rutura:<\/strong> 22 kN (aprox. 2200 kgf)<br data-start=\"237\" data-end=\"240\" \/><strong data-start=\"240\" data-end=\"269\">Di\u00e2metro do cabo aplic\u00e1vel:<\/strong> \u00d8 7-11 mm<br data-start=\"279\" data-end=\"282\" \/><strong data-start=\"282\" data-end=\"293\">Peso:<\/strong><\/p>\n<ul data-start=\"296\" data-end=\"358\">\n<li data-start=\"296\" data-end=\"328\">\n<p data-start=\"298\" data-end=\"328\">160 g (sem ponto de ancoragem)<\/p>\n<\/li>\n<li data-start=\"329\" data-end=\"358\">\n<p data-start=\"331\" data-end=\"358\">174 g (com ponto de ancoragem)<\/p>\n<\/li>\n<\/ul>\n<p data-start=\"360\" data-end=\"371\"><strong data-start=\"360\" data-end=\"369\">Tamanho:<\/strong><\/p>\n<ul data-start=\"372\" data-end=\"452\">\n<li data-start=\"372\" data-end=\"412\">\n<p data-start=\"374\" data-end=\"412\">Sem ponto de ancoragem: 7 \u00d7 5 \u00d7 5,9 cm<\/p>\n<\/li>\n<li data-start=\"413\" data-end=\"452\">\n<p data-start=\"415\" data-end=\"452\">Com ponto de ancoragem: 9,6 \u00d7 5 \u00d7 5,9 cm<\/p>\n<\/li>\n<\/ul>\n<p data-start=\"454\" data-end=\"615\"><strong data-start=\"454\" data-end=\"467\">Padr\u00e3o:<\/strong> XF 494-2023<br data-start=\"479\" data-end=\"482\" \/><strong data-start=\"482\" data-end=\"504\">\u00c2mbito de aplica\u00e7\u00e3o:<\/strong> Travessia, telef\u00e9rico a\u00e9reo, transporte de carga, escalada, prote\u00e7\u00e3o e salvamento, sistemas de polias de eleva\u00e7\u00e3o, etc.<\/p>","protected":false},"excerpt":{"rendered":"<p>Xinda 3\u00aa Gera\u00e7\u00e3o H-Series Polia Tripla para Montanhismo, Escalada em Rocha, Zipline, Travessia, I\u00e7amento, Transporte de Carga e Efici\u00eancia de Carga Pesada<\/p>","protected":false},"featured_media":3784,"template":"","meta":{"_acf_changed":false},"product_brand":[],"product_cat":[128],"product_tag":[169],"class_list":{"0":"post-3783","1":"product","2":"type-product","3":"status-publish","4":"has-post-thumbnail","6":"product_cat-pulley-gen3","7":"product_tag-pulley","9":"first","10":"instock","11":"shipping-taxable","12":"product-type-variable"},"acf":[],"_links":{"self":[{"href":"https:\/\/xindasafety.com\/pt\/wp-json\/wp\/v2\/product\/3783","targetHints":{"allow":["GET"]}}],"collection":[{"href":"https:\/\/xindasafety.com\/pt\/wp-json\/wp\/v2\/product"}],"about":[{"href":"https:\/\/xindasafety.com\/pt\/wp-json\/wp\/v2\/types\/product"}],"version-history":[{"count":3,"href":"https:\/\/xindasafety.com\/pt\/wp-json\/wp\/v2\/product\/3783\/revisions"}],"predecessor-version":[{"id":7244,"href":"https:\/\/xindasafety.com\/pt\/wp-json\/wp\/v2\/product\/3783\/revisions\/7244"}],"wp:featuredmedia":[{"embeddable":true,"href":"https:\/\/xindasafety.com\/pt\/wp-json\/wp\/v2\/media\/3784"}],"wp:attachment":[{"href":"https:\/\/xindasafety.com\/pt\/wp-json\/wp\/v2\/media?parent=3783"}],"wp:term":[{"taxonomy":"product_brand","embeddable":true,"href":"https:\/\/xindasafety.com\/pt\/wp-json\/wp\/v2\/product_brand?post=3783"},{"taxonomy":"product_cat","embeddable":true,"href":"https:\/\/xindasafety.com\/pt\/wp-json\/wp\/v2\/product_cat?post=3783"},{"taxonomy":"product_tag","embeddable":true,"href":"https:\/\/xindasafety.com\/pt\/wp-json\/wp\/v2\/product_tag?post=3783"}],"curies":[{"name":"wp","href":"https:\/\/api.w.org\/{rel}","templated":true}]}}