{"id":3750,"date":"2025-10-06T05:17:49","date_gmt":"2025-10-06T05:17:49","guid":{"rendered":"https:\/\/xindasafety.com\/?post_type=product&#038;p=3750"},"modified":"2026-01-18T08:10:17","modified_gmt":"2026-01-18T08:10:17","slug":"polia-para-tirolesa-recreativa","status":"publish","type":"product","link":"https:\/\/xindasafety.com\/pt\/product\/recreational-zipline-pulley\/","title":{"rendered":"HH9796"},"content":{"rendered":"<p><strong data-start=\"44\" data-end=\"61\">Nome do produto:<\/strong> Polia dupla \"Eagle\"<br data-start=\"83\" data-end=\"86\" \/><strong data-start=\"86\" data-end=\"96\">Marca:<\/strong> Xinda<br data-start=\"102\" data-end=\"105\" \/><strong data-start=\"105\" data-end=\"119\" data-is-only-node=\"\">Modelo n.\u00ba:<\/strong> HH-9796<br data-start=\"127\" data-end=\"130\" \/><strong data-start=\"130\" data-end=\"143\">Material:<\/strong> Liga de alum\u00ednio, a\u00e7o<br data-start=\"165\" data-end=\"168\" \/><strong data-start=\"168\" data-end=\"178\">Cor:<\/strong> Verde-cinza<br data-start=\"189\" data-end=\"192\" \/><strong data-start=\"192\" data-end=\"201\">Tamanho:<\/strong> 145 \u00d7 80 \u00d7 96 mm<br data-start=\"218\" data-end=\"221\" \/><strong data-start=\"221\" data-end=\"238\">Abertura do port\u00e3o:<\/strong> 26 mm<br data-start=\"244\" data-end=\"247\" \/><strong data-start=\"247\" data-end=\"258\">Peso:<\/strong> 432 g<br data-start=\"264\" data-end=\"267\" \/><strong data-start=\"267\" data-end=\"296\">Di\u00e2metro do cabo compat\u00edvel:<\/strong> 9-13 mm<br data-start=\"304\" data-end=\"307\" \/><strong data-start=\"307\" data-end=\"329\">Resist\u00eancia \u00e0 rutura:<\/strong> 20 kN<br data-start=\"335\" data-end=\"338\" \/><strong data-start=\"338\" data-end=\"351\">Padr\u00e3o:<\/strong> XF 494-2023<br data-start=\"363\" data-end=\"366\" \/><strong data-start=\"366\" data-end=\"380\">Embalagem:<\/strong> Caixa de papel<br data-start=\"390\" data-end=\"393\" \/><strong data-start=\"393\" data-end=\"415\">\u00c2mbito de aplica\u00e7\u00e3o:<\/strong> Montanhismo, espeleologia, escalada, treino de expans\u00e3o, salvamento, trabalho a\u00e9reo, instala\u00e7\u00f5es de parques de divers\u00f5es ao ar livre, etc.<\/p>","protected":false},"excerpt":{"rendered":"<p>Xinda 3\u00aa Gera\u00e7\u00e3o H-Series Polia Dupla com Rolamentos Duplos de Esferas - Travessia de Cabo, Zipline, Aventura na Selva, Espeleologia, Resgate e Trabalho A\u00e9reo<\/p>","protected":false},"featured_media":3751,"template":"","meta":{"_acf_changed":false},"product_brand":[],"product_cat":[128],"product_tag":[169],"class_list":{"0":"post-3750","1":"product","2":"type-product","3":"status-publish","4":"has-post-thumbnail","6":"product_cat-pulley-gen3","7":"product_tag-pulley","9":"first","10":"instock","11":"shipping-taxable","12":"product-type-simple"},"acf":[],"_links":{"self":[{"href":"https:\/\/xindasafety.com\/pt\/wp-json\/wp\/v2\/product\/3750","targetHints":{"allow":["GET"]}}],"collection":[{"href":"https:\/\/xindasafety.com\/pt\/wp-json\/wp\/v2\/product"}],"about":[{"href":"https:\/\/xindasafety.com\/pt\/wp-json\/wp\/v2\/types\/product"}],"version-history":[{"count":2,"href":"https:\/\/xindasafety.com\/pt\/wp-json\/wp\/v2\/product\/3750\/revisions"}],"predecessor-version":[{"id":6728,"href":"https:\/\/xindasafety.com\/pt\/wp-json\/wp\/v2\/product\/3750\/revisions\/6728"}],"wp:featuredmedia":[{"embeddable":true,"href":"https:\/\/xindasafety.com\/pt\/wp-json\/wp\/v2\/media\/3751"}],"wp:attachment":[{"href":"https:\/\/xindasafety.com\/pt\/wp-json\/wp\/v2\/media?parent=3750"}],"wp:term":[{"taxonomy":"product_brand","embeddable":true,"href":"https:\/\/xindasafety.com\/pt\/wp-json\/wp\/v2\/product_brand?post=3750"},{"taxonomy":"product_cat","embeddable":true,"href":"https:\/\/xindasafety.com\/pt\/wp-json\/wp\/v2\/product_cat?post=3750"},{"taxonomy":"product_tag","embeddable":true,"href":"https:\/\/xindasafety.com\/pt\/wp-json\/wp\/v2\/product_tag?post=3750"}],"curies":[{"name":"wp","href":"https:\/\/api.w.org\/{rel}","templated":true}]}}