{"id":3679,"date":"2025-10-05T01:13:11","date_gmt":"2025-10-05T01:13:11","guid":{"rendered":"https:\/\/xindasafety.com\/?post_type=product&#038;p=3679"},"modified":"2026-01-18T08:13:30","modified_gmt":"2026-01-18T08:13:30","slug":"mochila-para-equipamento","status":"publish","type":"product","link":"https:\/\/xindasafety.com\/pt\/product\/equipment-backpack\/","title":{"rendered":"HHBAG20"},"content":{"rendered":"<p data-start=\"42\" data-end=\"305\"><strong data-start=\"42\" data-end=\"59\">Nome do produto:<\/strong> Mochila de 3\u00aa gera\u00e7\u00e3o para equipamento de exterior<br data-start=\"96\" data-end=\"99\" \/><strong data-start=\"99\" data-end=\"109\">Marca:<\/strong> Xinda<br data-start=\"115\" data-end=\"118\" \/><strong data-start=\"118\" data-end=\"132\">Modelo n.\u00ba:<\/strong> HH-BAG20<br data-start=\"141\" data-end=\"144\" data-is-only-node=\"\" \/><strong data-start=\"144\" data-end=\"157\">Material:<\/strong> PVC, TPU, XPE, cintas, etc.<br data-start=\"186\" data-end=\"189\" \/><strong data-start=\"189\" data-end=\"199\">Artesanato:<\/strong> Soldadura de alta frequ\u00eancia<br data-start=\"222\" data-end=\"225\" \/><strong data-start=\"225\" data-end=\"235\">Cor:<\/strong> Preto + Verde<br data-start=\"249\" data-end=\"252\" \/><strong data-start=\"252\" data-end=\"273\">Op\u00e7\u00f5es de capacidade:<\/strong> 32L \/ 38L \/ 45L<br data-start=\"289\" data-end=\"292\" \/><strong data-start=\"292\" data-end=\"303\">Peso:<\/strong><\/p>\n<ul data-start=\"306\" data-end=\"700\">\n<li data-start=\"306\" data-end=\"321\">\n<p data-start=\"308\" data-end=\"321\">32L: 1815 g<\/p>\n<\/li>\n<li data-start=\"322\" data-end=\"337\">\n<p data-start=\"324\" data-end=\"337\">38L: 1930 g<\/p>\n<\/li>\n<li data-start=\"338\" data-end=\"365\">\n<p data-start=\"340\" data-end=\"365\">45L: 1995 g<br data-start=\"351\" data-end=\"354\" \/><strong data-start=\"354\" data-end=\"363\">Tamanho:<\/strong><\/p>\n<\/li>\n<li data-start=\"366\" data-end=\"390\">\n<p data-start=\"368\" data-end=\"390\">32L: 32 \u00d7 22 \u00d7 65 cm<\/p>\n<\/li>\n<li data-start=\"391\" data-end=\"415\">\n<p data-start=\"393\" data-end=\"415\">38L: 34 \u00d7 23 \u00d7 63 cm<\/p>\n<\/li>\n<li data-start=\"416\" data-end=\"469\">\n<p data-start=\"418\" data-end=\"469\">45L: 35 \u00d7 25 \u00d7 64 cm<br data-start=\"438\" data-end=\"441\" \/><strong data-start=\"441\" data-end=\"467\">Capacidade de armazenamento da corda:<\/strong><\/p>\n<\/li>\n<li data-start=\"470\" data-end=\"505\">\n<p data-start=\"472\" data-end=\"505\">32L: Suporta 100 m \u00d7 corda de 10,5 mm<\/p>\n<\/li>\n<li data-start=\"506\" data-end=\"541\">\n<p data-start=\"508\" data-end=\"541\">38L: Suporta 150 m \u00d7 corda de 10,5 mm<\/p>\n<\/li>\n<li data-start=\"542\" data-end=\"700\">\n<p data-start=\"544\" data-end=\"700\">45L: Capacidade para 200 m \u00d7 corda de 10,5 mm<br data-start=\"575\" data-end=\"578\" \/><strong data-start=\"578\" data-end=\"600\">\u00c2mbito de aplica\u00e7\u00e3o:<\/strong> Gest\u00e3o de equipamentos para trabalhos a\u00e9reos, escalada ao ar livre, viagens, passeios em auto-condu\u00e7\u00e3o, ciclismo, etc.<\/p>\n<\/li>\n<\/ul>","protected":false},"excerpt":{"rendered":"<div class=\"text-base my-auto mx-auto pb-10 [--thread-content-margin:--spacing(4)] @[37rem]:[--thread-content-margin:--spacing(6)] @[72rem]:[--thread-content-margin:--spacing(16)] px-(--thread-content-margin)\">\n<div class=\"[--thread-content-max-width:32rem] @[34rem]:[--thread-content-max-width:40rem] @[64rem]:[--thread-content-max-width:48rem] mx-auto max-w-(--thread-content-max-width) flex-1 group\/turn-messages focus-visible:outline-hidden relative flex w-full min-w-0 flex-col agent-turn\" tabindex=\"-1\">\n<div class=\"flex max-w-full flex-col grow\">\n<div class=\"min-h-8 text-message relative flex w-full flex-col items-end gap-2 text-start break-words whitespace-normal [.text-message+&amp;]:mt-5\" dir=\"auto\" data-message-author-role=\"assistant\" data-message-id=\"70a181a7-2133-4dcd-a37c-71ff6344cc2b\" data-message-model-slug=\"gpt-5\">\n<div class=\"flex w-full flex-col gap-1 empty:hidden first:pt-[3px]\">\n<div class=\"markdown prose dark:prose-invert w-full break-words light markdown-new-styling\">\n<p data-start=\"0\" data-end=\"140\" data-is-last-node=\"\" data-is-only-node=\"\"><strong data-start=\"0\" data-end=\"140\" data-is-last-node=\"\" data-is-only-node=\"\">Xinda Outdoor Waterproof Backpack \u2013 Canyoning Pack, River Tracing Bag, Rafting Rucksack, Travel Dry Bag, Waterproof Hiking Gear Backpack<\/strong><\/p>\n<\/div>\n<\/div>\n<\/div>\n<\/div>\n<\/div>\n<\/div>\n","protected":false},"featured_media":3672,"template":"","meta":{"_acf_changed":false},"product_brand":[],"product_cat":[125],"product_tag":[],"class_list":{"0":"post-3679","1":"product","2":"type-product","3":"status-publish","4":"has-post-thumbnail","6":"product_cat-packs-gen3","8":"first","9":"instock","10":"shipping-taxable","11":"product-type-variable"},"acf":[],"_links":{"self":[{"href":"https:\/\/xindasafety.com\/pt\/wp-json\/wp\/v2\/product\/3679","targetHints":{"allow":["GET"]}}],"collection":[{"href":"https:\/\/xindasafety.com\/pt\/wp-json\/wp\/v2\/product"}],"about":[{"href":"https:\/\/xindasafety.com\/pt\/wp-json\/wp\/v2\/types\/product"}],"version-history":[{"count":3,"href":"https:\/\/xindasafety.com\/pt\/wp-json\/wp\/v2\/product\/3679\/revisions"}],"predecessor-version":[{"id":6740,"href":"https:\/\/xindasafety.com\/pt\/wp-json\/wp\/v2\/product\/3679\/revisions\/6740"}],"wp:featuredmedia":[{"embeddable":true,"href":"https:\/\/xindasafety.com\/pt\/wp-json\/wp\/v2\/media\/3672"}],"wp:attachment":[{"href":"https:\/\/xindasafety.com\/pt\/wp-json\/wp\/v2\/media?parent=3679"}],"wp:term":[{"taxonomy":"product_brand","embeddable":true,"href":"https:\/\/xindasafety.com\/pt\/wp-json\/wp\/v2\/product_brand?post=3679"},{"taxonomy":"product_cat","embeddable":true,"href":"https:\/\/xindasafety.com\/pt\/wp-json\/wp\/v2\/product_cat?post=3679"},{"taxonomy":"product_tag","embeddable":true,"href":"https:\/\/xindasafety.com\/pt\/wp-json\/wp\/v2\/product_tag?post=3679"}],"curies":[{"name":"wp","href":"https:\/\/api.w.org\/{rel}","templated":true}]}}