{"id":3528,"date":"2025-08-23T07:00:20","date_gmt":"2025-08-23T07:00:20","guid":{"rendered":"https:\/\/xindasafety.com\/?post_type=product&#038;p=3528"},"modified":"2026-01-18T08:54:33","modified_gmt":"2026-01-18T08:54:33","slug":"saco-de-ferramentas-para-equipamento","status":"publish","type":"product","link":"https:\/\/xindasafety.com\/pt\/product\/equipment-tool-bag\/","title":{"rendered":"HHBAG27GL"},"content":{"rendered":"<p><strong data-start=\"49\" data-end=\"66\">Nome do produto:<\/strong> Saco de ferramentas para equipamento<br data-start=\"85\" data-end=\"88\" \/><strong data-start=\"88\" data-end=\"98\">Marca:<\/strong> Xinda<br data-start=\"104\" data-end=\"107\" \/><strong data-start=\"107\" data-end=\"121\" data-is-only-node=\"\">Modelo n.\u00ba:<\/strong> XD-BAG27<br data-start=\"130\" data-end=\"133\" \/><strong data-start=\"133\" data-end=\"146\">Material:<\/strong> Nylon<br data-start=\"152\" data-end=\"155\" \/><strong data-start=\"155\" data-end=\"168\">Capacidade:<\/strong> 2 L<br data-start=\"172\" data-end=\"175\" \/><strong data-start=\"175\" data-end=\"186\">Peso:<\/strong> 80 g<br data-start=\"191\" data-end=\"194\" \/><strong data-start=\"194\" data-end=\"203\">Tamanho:<\/strong> 14,5 \u00d7 7 \u00d7 21,5 cm<br data-start=\"222\" data-end=\"225\" \/><strong data-start=\"225\" data-end=\"246\">Norma do produto:<\/strong> QB\/T1333-2018<br data-start=\"260\" data-end=\"263\" \/><strong data-start=\"263\" data-end=\"285\">\u00c2mbito de aplica\u00e7\u00e3o:<\/strong> Armazenamento de cordas ou equipamento durante o montanhismo ao ar livre, a escalada em rocha, o treino e o trabalho a\u00e9reo<\/p>","protected":false},"excerpt":{"rendered":"<p>Bolsa de cintura para trabalho a\u00e9reo Xinda - Bolsa de perna para ferramentas leve, compacta e resistente ao desgaste para equipamento de alpinismo, escalada e espeleologia<\/p>","protected":false},"featured_media":3523,"template":"","meta":{"_acf_changed":false},"product_brand":[],"product_cat":[125],"product_tag":[],"class_list":{"0":"post-3528","1":"product","2":"type-product","3":"status-publish","4":"has-post-thumbnail","6":"product_cat-packs-gen3","8":"first","9":"instock","10":"shipping-taxable","11":"product-type-simple"},"acf":[],"_links":{"self":[{"href":"https:\/\/xindasafety.com\/pt\/wp-json\/wp\/v2\/product\/3528","targetHints":{"allow":["GET"]}}],"collection":[{"href":"https:\/\/xindasafety.com\/pt\/wp-json\/wp\/v2\/product"}],"about":[{"href":"https:\/\/xindasafety.com\/pt\/wp-json\/wp\/v2\/types\/product"}],"version-history":[{"count":2,"href":"https:\/\/xindasafety.com\/pt\/wp-json\/wp\/v2\/product\/3528\/revisions"}],"predecessor-version":[{"id":6783,"href":"https:\/\/xindasafety.com\/pt\/wp-json\/wp\/v2\/product\/3528\/revisions\/6783"}],"wp:featuredmedia":[{"embeddable":true,"href":"https:\/\/xindasafety.com\/pt\/wp-json\/wp\/v2\/media\/3523"}],"wp:attachment":[{"href":"https:\/\/xindasafety.com\/pt\/wp-json\/wp\/v2\/media?parent=3528"}],"wp:term":[{"taxonomy":"product_brand","embeddable":true,"href":"https:\/\/xindasafety.com\/pt\/wp-json\/wp\/v2\/product_brand?post=3528"},{"taxonomy":"product_cat","embeddable":true,"href":"https:\/\/xindasafety.com\/pt\/wp-json\/wp\/v2\/product_cat?post=3528"},{"taxonomy":"product_tag","embeddable":true,"href":"https:\/\/xindasafety.com\/pt\/wp-json\/wp\/v2\/product_tag?post=3528"}],"curies":[{"name":"wp","href":"https:\/\/api.w.org\/{rel}","templated":true}]}}