{"id":3511,"date":"2025-08-23T06:55:32","date_gmt":"2025-08-23T06:55:32","guid":{"rendered":"https:\/\/xindasafety.com\/?post_type=product&#038;p=3511"},"modified":"2026-01-18T08:54:41","modified_gmt":"2026-01-18T08:54:41","slug":"bolsa-de-ferramentas-portatil","status":"publish","type":"product","link":"https:\/\/xindasafety.com\/pt\/product\/portable-tool-pouch\/","title":{"rendered":"HHBAG29GL"},"content":{"rendered":"<p><strong data-start=\"48\" data-end=\"65\">Nome do produto:<\/strong> Saco de corda para equipamento de exterior<br data-start=\"87\" data-end=\"90\" \/><strong data-start=\"90\" data-end=\"100\">Marca:<\/strong> Xinda<br data-start=\"106\" data-end=\"109\" \/><strong data-start=\"109\" data-end=\"123\" data-is-only-node=\"\">Modelo n.\u00ba:<\/strong> XD-BAG29<br data-start=\"132\" data-end=\"135\" \/><strong data-start=\"135\" data-end=\"148\">Material:<\/strong> Tecido de malha de PVC, poli\u00e9ster, etc.<br data-start=\"181\" data-end=\"184\" \/><strong data-start=\"184\" data-end=\"197\">Capacidade:<\/strong> 4 L<br data-start=\"201\" data-end=\"204\" \/><strong data-start=\"204\" data-end=\"215\">Peso:<\/strong> 200 g<br data-start=\"221\" data-end=\"224\" \/><strong data-start=\"224\" data-end=\"234\">Cor:<\/strong> Verde<br data-start=\"240\" data-end=\"243\" \/><strong data-start=\"243\" data-end=\"252\">Tamanho:<\/strong> 17 \u00d7 9 \u00d7 23,5 cm<br data-start=\"269\" data-end=\"272\" \/><strong data-start=\"272\" data-end=\"293\">Norma do produto:<\/strong> QB\/T1333-2018<br data-start=\"307\" data-end=\"310\" \/><strong data-start=\"310\" data-end=\"332\">\u00c2mbito de aplica\u00e7\u00e3o:<\/strong> Escalada em rocha, escalada em \u00e1rvores, trabalho a\u00e9reo<\/p>","protected":false},"excerpt":{"rendered":"<p>Bolsa de Ferramentas para Escalada e Montanhismo Xinda - Espeleologia, Perfura\u00e7\u00e3o de Parafusos, Armazenamento de Cordas, Bolsa de Utilidade para Trabalho A\u00e9reo<\/p>","protected":false},"featured_media":3499,"template":"","meta":{"_acf_changed":false},"product_brand":[],"product_cat":[125],"product_tag":[162],"class_list":{"0":"post-3511","1":"product","2":"type-product","3":"status-publish","4":"has-post-thumbnail","6":"product_cat-packs-gen3","7":"product_tag-tool-bag","9":"first","10":"instock","11":"shipping-taxable","12":"product-type-simple"},"acf":[],"_links":{"self":[{"href":"https:\/\/xindasafety.com\/pt\/wp-json\/wp\/v2\/product\/3511","targetHints":{"allow":["GET"]}}],"collection":[{"href":"https:\/\/xindasafety.com\/pt\/wp-json\/wp\/v2\/product"}],"about":[{"href":"https:\/\/xindasafety.com\/pt\/wp-json\/wp\/v2\/types\/product"}],"version-history":[{"count":2,"href":"https:\/\/xindasafety.com\/pt\/wp-json\/wp\/v2\/product\/3511\/revisions"}],"predecessor-version":[{"id":6784,"href":"https:\/\/xindasafety.com\/pt\/wp-json\/wp\/v2\/product\/3511\/revisions\/6784"}],"wp:featuredmedia":[{"embeddable":true,"href":"https:\/\/xindasafety.com\/pt\/wp-json\/wp\/v2\/media\/3499"}],"wp:attachment":[{"href":"https:\/\/xindasafety.com\/pt\/wp-json\/wp\/v2\/media?parent=3511"}],"wp:term":[{"taxonomy":"product_brand","embeddable":true,"href":"https:\/\/xindasafety.com\/pt\/wp-json\/wp\/v2\/product_brand?post=3511"},{"taxonomy":"product_cat","embeddable":true,"href":"https:\/\/xindasafety.com\/pt\/wp-json\/wp\/v2\/product_cat?post=3511"},{"taxonomy":"product_tag","embeddable":true,"href":"https:\/\/xindasafety.com\/pt\/wp-json\/wp\/v2\/product_tag?post=3511"}],"curies":[{"name":"wp","href":"https:\/\/api.w.org\/{rel}","templated":true}]}}