{"id":3392,"date":"2025-08-23T05:23:12","date_gmt":"2025-08-23T05:23:12","guid":{"rendered":"https:\/\/xindasafety.com\/?post_type=product&#038;p=3392"},"modified":"2026-01-19T05:35:43","modified_gmt":"2026-01-19T05:35:43","slug":"arnes-laranja-de-seguranca-para-criancas-de-meio-corpo","status":"publish","type":"product","link":"https:\/\/xindasafety.com\/pt\/product\/orange-child-safety-half-body-harness\/","title":{"rendered":"HHA9597"},"content":{"rendered":"<p data-start=\"49\" data-end=\"356\"><strong data-start=\"49\" data-end=\"66\">Nome do produto:<\/strong> Arn\u00eas de seguran\u00e7a semi-corporal para crian\u00e7as<br data-start=\"97\" data-end=\"100\" \/><strong data-start=\"100\" data-end=\"110\">Marca:<\/strong> Xinda<br data-start=\"116\" data-end=\"119\" \/><strong data-start=\"119\" data-end=\"133\">Modelo n.\u00ba:<\/strong> HH-A9597<br data-start=\"142\" data-end=\"145\" \/><strong data-start=\"145\" data-end=\"166\" data-is-only-node=\"\">Norma do produto:<\/strong> XF494-2023<br data-start=\"177\" data-end=\"180\" \/><strong data-start=\"180\" data-end=\"193\">Material:<\/strong> Poli\u00e9ster, alum\u00ednio, a\u00e7o, etc.<br data-start=\"226\" data-end=\"229\" \/><strong data-start=\"229\" data-end=\"240\">Peso:<\/strong> S: 273 g \/ L: 279 g<br data-start=\"260\" data-end=\"263\" \/><strong data-start=\"263\" data-end=\"274\">Origem:<\/strong> China<br data-start=\"280\" data-end=\"283\" \/><strong data-start=\"283\" data-end=\"305\">\u00c2mbito de aplica\u00e7\u00e3o:<\/strong> Treino ao ar livre, prote\u00e7\u00e3o em escalada, etc.<\/p>\n<p data-start=\"49\" data-end=\"356\"><strong data-start=\"358\" data-end=\"373\">Tabela de tamanhos:<\/strong><\/p>\n<ul data-start=\"376\" data-end=\"467\">\n<li data-start=\"376\" data-end=\"421\">\n<p data-start=\"378\" data-end=\"421\"><strong data-start=\"378\" data-end=\"389\">Tamanho S:<\/strong> Cintura 55-65 cm \/ Perna 35-40 cm<\/p>\n<\/li>\n<li data-start=\"422\" data-end=\"467\">\n<p data-start=\"424\" data-end=\"467\"><strong data-start=\"424\" data-end=\"435\">Tamanho L:<\/strong> Cintura 60-70 cm \/ Perna 40-45 cm<\/p>\n<\/li>\n<\/ul>","protected":false},"excerpt":{"rendered":"<p>Xinda Outdoor Child Half-Body Safety Harness - Aventura, Escalada, Rapel, Treino de Expans\u00e3o, Cinto de Seguran\u00e7a Multi-Funcional<\/p>","protected":false},"featured_media":3381,"template":"","meta":{"_acf_changed":false},"product_brand":[],"product_cat":[116],"product_tag":[80],"class_list":{"0":"post-3392","1":"product","2":"type-product","3":"status-publish","4":"has-post-thumbnail","6":"product_cat-harness-gen3","7":"product_tag-harness","9":"first","10":"instock","11":"shipping-taxable","12":"product-type-variable"},"acf":[],"_links":{"self":[{"href":"https:\/\/xindasafety.com\/pt\/wp-json\/wp\/v2\/product\/3392","targetHints":{"allow":["GET"]}}],"collection":[{"href":"https:\/\/xindasafety.com\/pt\/wp-json\/wp\/v2\/product"}],"about":[{"href":"https:\/\/xindasafety.com\/pt\/wp-json\/wp\/v2\/types\/product"}],"version-history":[{"count":2,"href":"https:\/\/xindasafety.com\/pt\/wp-json\/wp\/v2\/product\/3392\/revisions"}],"predecessor-version":[{"id":6891,"href":"https:\/\/xindasafety.com\/pt\/wp-json\/wp\/v2\/product\/3392\/revisions\/6891"}],"wp:featuredmedia":[{"embeddable":true,"href":"https:\/\/xindasafety.com\/pt\/wp-json\/wp\/v2\/media\/3381"}],"wp:attachment":[{"href":"https:\/\/xindasafety.com\/pt\/wp-json\/wp\/v2\/media?parent=3392"}],"wp:term":[{"taxonomy":"product_brand","embeddable":true,"href":"https:\/\/xindasafety.com\/pt\/wp-json\/wp\/v2\/product_brand?post=3392"},{"taxonomy":"product_cat","embeddable":true,"href":"https:\/\/xindasafety.com\/pt\/wp-json\/wp\/v2\/product_cat?post=3392"},{"taxonomy":"product_tag","embeddable":true,"href":"https:\/\/xindasafety.com\/pt\/wp-json\/wp\/v2\/product_tag?post=3392"}],"curies":[{"name":"wp","href":"https:\/\/api.w.org\/{rel}","templated":true}]}}