{"id":7423,"date":"2026-04-22T08:05:13","date_gmt":"2026-04-22T08:05:13","guid":{"rendered":"https:\/\/xindasafety.com\/?post_type=product&#038;p=7423"},"modified":"2026-04-22T08:05:14","modified_gmt":"2026-04-22T08:05:14","slug":"xdq9692","status":"publish","type":"product","link":"https:\/\/xindasafety.com\/fr\/product\/xdq9692\/","title":{"rendered":"XDQ9692"},"content":{"rendered":"<p class=\"ds-markdown-paragraph\"><strong>Nom du produit :<\/strong>\u00a0Jungle Crossing Special Main Lock<br \/>\n<strong>Marque :<\/strong>\u00a0XINDA<br \/>\n<strong>Num\u00e9ro de mod\u00e8le :<\/strong>\u00a0XD-Q9692<br \/>\n<strong>Mat\u00e9riau :<\/strong>\u00a0Acier inoxydable 420<br \/>\n<strong>Charge de rupture :<\/strong>\u00a015 kN<br \/>\n<strong>Standard :<\/strong>\u00a0Norme nationale (Chine)<br \/>\n<strong>Ouverture de la porte :<\/strong>\u00a06 mm<br \/>\n<strong>Taille :<\/strong>\u00a014 \u00d7 8 cm<br \/>\n<strong>Couleur :<\/strong>\u00a0(Non sp\u00e9cifi\u00e9)<br \/>\n<strong>Poids :<\/strong>\u00a0388 g<\/p>\n<h3>Niveau d'intensit\u00e9 :<\/h3>\n<ul>\n<li>\n<p class=\"ds-markdown-paragraph\">Axe principal : 15 kN<\/p>\n<\/li>\n<li>\n<p class=\"ds-markdown-paragraph\">(Axe mineur et porte ouverte non sp\u00e9cifi\u00e9s)<\/p>\n<\/li>\n<\/ul>\n<p class=\"ds-markdown-paragraph\"><strong>Champ d'application :<\/strong>\u00a0Expansion en plein air, exploration de la jungle, travers\u00e9e d'arbres, Via Ferrata, divers parcs \u00e0 th\u00e8me d'aventure, projets d'attractions en haute altitude, etc.<\/p>","protected":false},"excerpt":{"rendered":"<p><strong>Mousqueton principal en acier inoxydable Xinda pour la travers\u00e9e de la jungle, la Via Ferrata, l'entra\u00eenement \u00e0 l'expansion, l'aventure dans les arbres - Protection continue, non d\u00e9tachable<\/strong><\/p>","protected":false},"featured_media":7424,"template":"","meta":{"_acf_changed":false},"product_brand":[],"product_cat":[58,102],"product_tag":[69,338,340,345,376,326,343],"class_list":{"0":"post-7423","1":"product","2":"type-product","3":"status-publish","4":"has-post-thumbnail","6":"product_cat-carabiner","7":"product_cat-carabiner-generation-1","8":"product_tag-carabiner","9":"product_tag-ropeaccess","10":"product_tag-ropedevice-ropeequipment","11":"product_tag-ropeequipment","12":"product_tag-workatheight","13":"product_tag-xinda","14":"product_tag-xinda-equipment","16":"first","17":"instock","18":"shipping-taxable","19":"product-type-simple"},"acf":[],"_links":{"self":[{"href":"https:\/\/xindasafety.com\/fr\/wp-json\/wp\/v2\/product\/7423","targetHints":{"allow":["GET"]}}],"collection":[{"href":"https:\/\/xindasafety.com\/fr\/wp-json\/wp\/v2\/product"}],"about":[{"href":"https:\/\/xindasafety.com\/fr\/wp-json\/wp\/v2\/types\/product"}],"version-history":[{"count":1,"href":"https:\/\/xindasafety.com\/fr\/wp-json\/wp\/v2\/product\/7423\/revisions"}],"predecessor-version":[{"id":7428,"href":"https:\/\/xindasafety.com\/fr\/wp-json\/wp\/v2\/product\/7423\/revisions\/7428"}],"wp:featuredmedia":[{"embeddable":true,"href":"https:\/\/xindasafety.com\/fr\/wp-json\/wp\/v2\/media\/7424"}],"wp:attachment":[{"href":"https:\/\/xindasafety.com\/fr\/wp-json\/wp\/v2\/media?parent=7423"}],"wp:term":[{"taxonomy":"product_brand","embeddable":true,"href":"https:\/\/xindasafety.com\/fr\/wp-json\/wp\/v2\/product_brand?post=7423"},{"taxonomy":"product_cat","embeddable":true,"href":"https:\/\/xindasafety.com\/fr\/wp-json\/wp\/v2\/product_cat?post=7423"},{"taxonomy":"product_tag","embeddable":true,"href":"https:\/\/xindasafety.com\/fr\/wp-json\/wp\/v2\/product_tag?post=7423"}],"curies":[{"name":"wp","href":"https:\/\/api.w.org\/{rel}","templated":true}]}}