{"id":7377,"date":"2026-04-22T05:07:09","date_gmt":"2026-04-22T05:07:09","guid":{"rendered":"https:\/\/xindasafety.com\/?post_type=product&#038;p=7377"},"modified":"2026-04-22T05:07:09","modified_gmt":"2026-04-22T05:07:09","slug":"xdq9676","status":"publish","type":"product","link":"https:\/\/xindasafety.com\/fr\/product\/xdq9676\/","title":{"rendered":"XDQ9676"},"content":{"rendered":"<p><strong>Marque :<\/strong> XINDA<br \/>\n<strong>Num\u00e9ro de mod\u00e8le :<\/strong>\u00a0XD-Q9676<br \/>\n<strong>Nom du produit :<\/strong>\u00a0Poulie double \u00e0 double axe<br \/>\n<strong>Charge de rupture :<\/strong>\u00a025kN<br \/>\n<strong>Mat\u00e9riau du corps principal :<\/strong>\u00a0Alliage d'aluminium \u00e0 haute r\u00e9sistance<br \/>\n<strong>Mat\u00e9riau :<\/strong>\u00a0Acier inoxydable 316<br \/>\n<strong>Dimensions :<\/strong>\u00a0Longueur : 10,7cm \u00d7 Largeur : 8,2cm<br \/>\n<strong>Couleur :<\/strong>\u00a0Rouge, noir, gris<br \/>\n<strong>Poids :<\/strong>\u00a0289g<br \/>\n<strong>Norme d'ex\u00e9cution :<\/strong>\u00a0Norme nationale (Chine)<br \/>\n<strong>Champ d'application :<\/strong>\u00a0Travers\u00e9e par c\u00e2ble en ext\u00e9rieur, chariot \u00e0 c\u00e2ble a\u00e9rien, transport de marchandises, escalade en rappel, protection contre l'expansion, traction, levage, syst\u00e8mes de poulie, etc.<\/p>","protected":false},"excerpt":{"rendered":"<p><strong>Xinda Outdoor Double-Axle Double Pulley, Heart-Shaped Zipline Pulley, High-Altitude Steel Cable Crossing Trolley, Ropeway Pulley for Kindergarten<\/strong><\/p>","protected":false},"featured_media":7393,"template":"","meta":{"_acf_changed":false},"product_brand":[],"product_cat":[60,126],"product_tag":[169,338,340,345,326,343],"class_list":{"0":"post-7377","1":"product","2":"type-product","3":"status-publish","4":"has-post-thumbnail","6":"product_cat-pulley","7":"product_cat-pulley-gen1","8":"product_tag-pulley","9":"product_tag-ropeaccess","10":"product_tag-ropedevice-ropeequipment","11":"product_tag-ropeequipment","12":"product_tag-xinda","13":"product_tag-xinda-equipment","15":"first","16":"instock","17":"shipping-taxable","18":"product-type-variable"},"acf":[],"_links":{"self":[{"href":"https:\/\/xindasafety.com\/fr\/wp-json\/wp\/v2\/product\/7377","targetHints":{"allow":["GET"]}}],"collection":[{"href":"https:\/\/xindasafety.com\/fr\/wp-json\/wp\/v2\/product"}],"about":[{"href":"https:\/\/xindasafety.com\/fr\/wp-json\/wp\/v2\/types\/product"}],"version-history":[{"count":1,"href":"https:\/\/xindasafety.com\/fr\/wp-json\/wp\/v2\/product\/7377\/revisions"}],"predecessor-version":[{"id":7398,"href":"https:\/\/xindasafety.com\/fr\/wp-json\/wp\/v2\/product\/7377\/revisions\/7398"}],"wp:featuredmedia":[{"embeddable":true,"href":"https:\/\/xindasafety.com\/fr\/wp-json\/wp\/v2\/media\/7393"}],"wp:attachment":[{"href":"https:\/\/xindasafety.com\/fr\/wp-json\/wp\/v2\/media?parent=7377"}],"wp:term":[{"taxonomy":"product_brand","embeddable":true,"href":"https:\/\/xindasafety.com\/fr\/wp-json\/wp\/v2\/product_brand?post=7377"},{"taxonomy":"product_cat","embeddable":true,"href":"https:\/\/xindasafety.com\/fr\/wp-json\/wp\/v2\/product_cat?post=7377"},{"taxonomy":"product_tag","embeddable":true,"href":"https:\/\/xindasafety.com\/fr\/wp-json\/wp\/v2\/product_tag?post=7377"}],"curies":[{"name":"wp","href":"https:\/\/api.w.org\/{rel}","templated":true}]}}