{"id":7355,"date":"2026-04-22T01:50:29","date_gmt":"2026-04-22T01:50:29","guid":{"rendered":"https:\/\/xindasafety.com\/?post_type=product&#038;p=7355"},"modified":"2026-04-22T01:50:29","modified_gmt":"2026-04-22T01:50:29","slug":"xdd9307","status":"publish","type":"product","link":"https:\/\/xindasafety.com\/fr\/product\/xdd9307\/","title":{"rendered":"XDD9307"},"content":{"rendered":"<p><strong>Marque :<\/strong> XINDA<br \/>\n<strong>Num\u00e9ro de mod\u00e8le :<\/strong>\u00a0XD-D9307<br \/>\n<strong>Couleur :<\/strong>\u00a0Comme indiqu\u00e9 sur l'image<br \/>\n<strong>Nom du produit :<\/strong>\u00a0Harnais de poitrine Sangle d'\u00e9paule<br \/>\n<strong>Mat\u00e9riau :<\/strong>\u00a0Fil renforc\u00e9 de polyester<br \/>\n<strong>Poids :<\/strong>\u00a0101g<br \/>\n<strong>Dimensions :<\/strong>\u00a0Largeur 1,9 cm<br \/>\n<strong>Caract\u00e9ristiques :<\/strong>\u00a0La partie arri\u00e8re est reli\u00e9e au harnais par un Maillon rapide. Apr\u00e8s avoir enfil\u00e9 la sangle avant dans le trou d'attache sup\u00e9rieur de l'ascendeur de poitrine, puis dans la boucle de r\u00e9glage, la longueur peut \u00eatre ajust\u00e9e d'une seule main pour fixer solidement l'ascendeur de poitrine.<\/p>","protected":false},"excerpt":{"rendered":"<p><strong>Xinda Chest Ascender Fixing Strap, Shoulder Strap, Pre-abdominal Adjustable Rope Climbing Device Fixing Strap, Safety Belt Chest Strap<\/strong><\/p>","protected":false},"featured_media":7357,"template":"","meta":{"_acf_changed":false},"product_brand":[],"product_cat":[68],"product_tag":[338,340,345,277,326,343],"class_list":{"0":"post-7355","1":"product","2":"type-product","3":"status-publish","4":"has-post-thumbnail","6":"product_cat-auxiliary-tools","7":"product_tag-ropeaccess","8":"product_tag-ropedevice-ropeequipment","9":"product_tag-ropeequipment","10":"product_tag-shoulder-straps","11":"product_tag-xinda","12":"product_tag-xinda-equipment","14":"first","15":"instock","16":"shipping-taxable","17":"product-type-simple"},"acf":[],"_links":{"self":[{"href":"https:\/\/xindasafety.com\/fr\/wp-json\/wp\/v2\/product\/7355","targetHints":{"allow":["GET"]}}],"collection":[{"href":"https:\/\/xindasafety.com\/fr\/wp-json\/wp\/v2\/product"}],"about":[{"href":"https:\/\/xindasafety.com\/fr\/wp-json\/wp\/v2\/types\/product"}],"version-history":[{"count":1,"href":"https:\/\/xindasafety.com\/fr\/wp-json\/wp\/v2\/product\/7355\/revisions"}],"predecessor-version":[{"id":7361,"href":"https:\/\/xindasafety.com\/fr\/wp-json\/wp\/v2\/product\/7355\/revisions\/7361"}],"wp:featuredmedia":[{"embeddable":true,"href":"https:\/\/xindasafety.com\/fr\/wp-json\/wp\/v2\/media\/7357"}],"wp:attachment":[{"href":"https:\/\/xindasafety.com\/fr\/wp-json\/wp\/v2\/media?parent=7355"}],"wp:term":[{"taxonomy":"product_brand","embeddable":true,"href":"https:\/\/xindasafety.com\/fr\/wp-json\/wp\/v2\/product_brand?post=7355"},{"taxonomy":"product_cat","embeddable":true,"href":"https:\/\/xindasafety.com\/fr\/wp-json\/wp\/v2\/product_cat?post=7355"},{"taxonomy":"product_tag","embeddable":true,"href":"https:\/\/xindasafety.com\/fr\/wp-json\/wp\/v2\/product_tag?post=7355"}],"curies":[{"name":"wp","href":"https:\/\/api.w.org\/{rel}","templated":true}]}}