{"id":7319,"date":"2026-04-22T01:07:50","date_gmt":"2026-04-22T01:07:50","guid":{"rendered":"https:\/\/xindasafety.com\/?post_type=product&#038;p=7319"},"modified":"2026-04-22T01:15:10","modified_gmt":"2026-04-22T01:15:10","slug":"xdd9338","status":"publish","type":"product","link":"https:\/\/xindasafety.com\/fr\/product\/xdd9338\/","title":{"rendered":"XDD9338"},"content":{"rendered":"<p><strong>Nom du produit : Strap d'ascension r\u00e9glable avec boucle de pied<\/strong><\/p>\n<p><strong>Marque :<\/strong> XINDA<br \/>\n<strong>Num\u00e9ro de mod\u00e8le :<\/strong>\u00a0XD-D9338<br \/>\n<strong>Nom du produit :<\/strong>\u00a0Sangle d'ascension r\u00e9glable avec boucle de pied<br \/>\n<strong>Force de traction applicable :<\/strong>\u00a015kN (environ 1500 kg)<br \/>\n<strong>Mat\u00e9riau :<\/strong>\u00a0Polyester<br \/>\n<strong>Poids :<\/strong>\u00a0111g<br \/>\n<strong>Longueur :<\/strong>\u00a080~130cm<br \/>\n<strong>Champ d'application :<\/strong>\u00a0Utilis\u00e9 avec l'ascension manuelle et l'ascension thoracique pour l'escalade en ext\u00e9rieur, l'entra\u00eenement \u00e0 l'expansion, la sp\u00e9l\u00e9ologie, le SRT, le sauvetage, le travail a\u00e9rien, etc.<\/p>","protected":false},"excerpt":{"rendered":"<p><strong>Xinda Outdoor Foot Loop Ascender, Rock Climbing Foot Strap, Mountaineering Rope Ascender, Climbing Strap, Mountaineering Equipment<\/strong><\/p>","protected":false},"featured_media":7324,"template":"","meta":{"_acf_changed":false},"product_brand":[],"product_cat":[68],"product_tag":[373,212,338,340,345,326,343],"class_list":{"0":"post-7319","1":"product","2":"type-product","3":"status-publish","4":"has-post-thumbnail","6":"product_cat-auxiliary-tools","7":"product_tag-footloop","8":"product_tag-rope","9":"product_tag-ropeaccess","10":"product_tag-ropedevice-ropeequipment","11":"product_tag-ropeequipment","12":"product_tag-xinda","13":"product_tag-xinda-equipment","15":"first","16":"instock","17":"shipping-taxable","18":"product-type-simple"},"acf":[],"_links":{"self":[{"href":"https:\/\/xindasafety.com\/fr\/wp-json\/wp\/v2\/product\/7319","targetHints":{"allow":["GET"]}}],"collection":[{"href":"https:\/\/xindasafety.com\/fr\/wp-json\/wp\/v2\/product"}],"about":[{"href":"https:\/\/xindasafety.com\/fr\/wp-json\/wp\/v2\/types\/product"}],"version-history":[{"count":2,"href":"https:\/\/xindasafety.com\/fr\/wp-json\/wp\/v2\/product\/7319\/revisions"}],"predecessor-version":[{"id":7340,"href":"https:\/\/xindasafety.com\/fr\/wp-json\/wp\/v2\/product\/7319\/revisions\/7340"}],"wp:featuredmedia":[{"embeddable":true,"href":"https:\/\/xindasafety.com\/fr\/wp-json\/wp\/v2\/media\/7324"}],"wp:attachment":[{"href":"https:\/\/xindasafety.com\/fr\/wp-json\/wp\/v2\/media?parent=7319"}],"wp:term":[{"taxonomy":"product_brand","embeddable":true,"href":"https:\/\/xindasafety.com\/fr\/wp-json\/wp\/v2\/product_brand?post=7319"},{"taxonomy":"product_cat","embeddable":true,"href":"https:\/\/xindasafety.com\/fr\/wp-json\/wp\/v2\/product_cat?post=7319"},{"taxonomy":"product_tag","embeddable":true,"href":"https:\/\/xindasafety.com\/fr\/wp-json\/wp\/v2\/product_tag?post=7319"}],"curies":[{"name":"wp","href":"https:\/\/api.w.org\/{rel}","templated":true}]}}