{"id":7309,"date":"2026-04-22T00:52:14","date_gmt":"2026-04-22T00:52:14","guid":{"rendered":"https:\/\/xindasafety.com\/?post_type=product&#038;p=7309"},"modified":"2026-04-22T01:09:01","modified_gmt":"2026-04-22T01:09:01","slug":"xdq9732","status":"publish","type":"product","link":"https:\/\/xindasafety.com\/fr\/product\/xdq9732\/","title":{"rendered":"XDQ9732"},"content":{"rendered":"<p class=\"ds-markdown-paragraph\"><strong>Nom du produit :<\/strong> Figure 9 Descendeur<\/p>\n<p class=\"ds-markdown-paragraph\"><strong>Marque :<\/strong>\u00a0XINDA<\/p>\n<p class=\"ds-markdown-paragraph\"><strong>Num\u00e9ro de mod\u00e8le :<\/strong>\u00a0XDQ9732<\/p>\n<p class=\"ds-markdown-paragraph\"><strong>Mat\u00e9riau :<\/strong>\u00a0Alliage d'aluminium<\/p>\n<p class=\"ds-markdown-paragraph\"><strong>Couleur :<\/strong>\u00a0Noir \/ Noir-Rouge<\/p>\n<p class=\"ds-markdown-paragraph\"><strong>Charge de travail :<\/strong>\u00a0\u2264150kg<\/p>\n<p class=\"ds-markdown-paragraph\"><strong>Poids :<\/strong>\u00a0192g<\/p>\n<p class=\"ds-markdown-paragraph\"><strong>Fonction :<\/strong>\u00a0Descente \/ arr\u00eat en vol<\/p>\n<p class=\"ds-markdown-paragraph\"><strong>Diam\u00e8tre de corde applicable :<\/strong>\u00a08-12mm<\/p>","protected":false},"excerpt":{"rendered":"<p><strong>Xinda Outdoor Figure 9 Descender, dispositif de descente en rappel, anneau Figure-8 am\u00e9lior\u00e9 avec fonction d'arr\u00eat en vol stationnaire, Figure 9 Descendre pour l'\u00e9quipement d'alpinisme et d'escalade<\/strong><\/p>","protected":false},"featured_media":7315,"template":"","meta":{"_acf_changed":false},"product_brand":[],"product_cat":[56,105],"product_tag":[92,372,338,340,345,326,343],"class_list":{"0":"post-7309","1":"product","2":"type-product","3":"status-publish","4":"has-post-thumbnail","6":"product_cat-descebder","7":"product_cat-descender-gen-1","8":"product_tag-descender","9":"product_tag-figure-9-descender","10":"product_tag-ropeaccess","11":"product_tag-ropedevice-ropeequipment","12":"product_tag-ropeequipment","13":"product_tag-xinda","14":"product_tag-xinda-equipment","16":"first","17":"instock","18":"shipping-taxable","19":"product-type-variable"},"acf":[],"_links":{"self":[{"href":"https:\/\/xindasafety.com\/fr\/wp-json\/wp\/v2\/product\/7309","targetHints":{"allow":["GET"]}}],"collection":[{"href":"https:\/\/xindasafety.com\/fr\/wp-json\/wp\/v2\/product"}],"about":[{"href":"https:\/\/xindasafety.com\/fr\/wp-json\/wp\/v2\/types\/product"}],"version-history":[{"count":1,"href":"https:\/\/xindasafety.com\/fr\/wp-json\/wp\/v2\/product\/7309\/revisions"}],"predecessor-version":[{"id":7318,"href":"https:\/\/xindasafety.com\/fr\/wp-json\/wp\/v2\/product\/7309\/revisions\/7318"}],"wp:featuredmedia":[{"embeddable":true,"href":"https:\/\/xindasafety.com\/fr\/wp-json\/wp\/v2\/media\/7315"}],"wp:attachment":[{"href":"https:\/\/xindasafety.com\/fr\/wp-json\/wp\/v2\/media?parent=7309"}],"wp:term":[{"taxonomy":"product_brand","embeddable":true,"href":"https:\/\/xindasafety.com\/fr\/wp-json\/wp\/v2\/product_brand?post=7309"},{"taxonomy":"product_cat","embeddable":true,"href":"https:\/\/xindasafety.com\/fr\/wp-json\/wp\/v2\/product_cat?post=7309"},{"taxonomy":"product_tag","embeddable":true,"href":"https:\/\/xindasafety.com\/fr\/wp-json\/wp\/v2\/product_tag?post=7309"}],"curies":[{"name":"wp","href":"https:\/\/api.w.org\/{rel}","templated":true}]}}