{"id":7167,"date":"2026-04-20T07:04:00","date_gmt":"2026-04-20T07:04:00","guid":{"rendered":"https:\/\/xindasafety.com\/?post_type=product&#038;p=7167"},"modified":"2026-04-20T07:04:00","modified_gmt":"2026-04-20T07:04:00","slug":"xd8620","status":"publish","type":"product","link":"https:\/\/xindasafety.com\/fr\/product\/xd8620\/","title":{"rendered":"XD8620"},"content":{"rendered":"<p class=\"ds-markdown-paragraph\"><strong>Nom du produit :<\/strong>\u00a0 Poulie de levage<br \/>\n<strong>Marque :<\/strong>\u00a0Xinda<\/p>\n<p class=\"ds-markdown-paragraph\"><strong>Num\u00e9ro de mod\u00e8le :<\/strong>\u00a0XD-8620<\/p>\n<p class=\"ds-markdown-paragraph\"><strong>Mat\u00e9riau :<\/strong>\u00a0Alliage d'aluminium \u00e0 haute r\u00e9sistance<\/p>\n<p class=\"ds-markdown-paragraph\"><strong>Charge de rupture :<\/strong>\u00a0Charge statique 25 kN \/ Charge roulante 12,5 kN<\/p>\n<p class=\"ds-markdown-paragraph\"><strong>Poids :<\/strong>\u00a0390 g<\/p>\n<p class=\"ds-markdown-paragraph\"><strong>Diam\u00e8tre de corde applicable :<\/strong>\u00a08-12 mm<\/p>\n<p class=\"ds-markdown-paragraph\"><strong>Champ d'application :<\/strong><br \/>\nLevage d'objets lourds, transport de travail en altitude, transport et d\u00e9placement d'objets, levage dans les entrep\u00f4ts, installation de climatiseurs, d\u00e9placement de meubles dans les maisons, etc.<\/p>","protected":false},"excerpt":{"rendered":"<p><strong>Dispositif de levage de charges lourdes Xinda - Palan \u00e0 blocage automatique, syst\u00e8me de poulie \u00e0 \u00e9conomie d'effort, \u00e9l\u00e9vateur d'unit\u00e9 ext\u00e9rieure de climatiseur, ascendeur et \u00e9quipement de levage.<\/strong><\/p>","protected":false},"featured_media":7168,"template":"","meta":{"_acf_changed":false},"product_brand":[],"product_cat":[60,126],"product_tag":[359,169,302,338,340,345,326,343],"class_list":{"0":"post-7167","1":"product","2":"type-product","3":"status-publish","4":"has-post-thumbnail","6":"product_cat-pulley","7":"product_cat-pulley-gen1","8":"product_tag-lifting-pulley","9":"product_tag-pulley","10":"product_tag-pulley-system","11":"product_tag-ropeaccess","12":"product_tag-ropedevice-ropeequipment","13":"product_tag-ropeequipment","14":"product_tag-xinda","15":"product_tag-xinda-equipment","17":"first","18":"instock","19":"shipping-taxable","20":"product-type-variable"},"acf":[],"_links":{"self":[{"href":"https:\/\/xindasafety.com\/fr\/wp-json\/wp\/v2\/product\/7167","targetHints":{"allow":["GET"]}}],"collection":[{"href":"https:\/\/xindasafety.com\/fr\/wp-json\/wp\/v2\/product"}],"about":[{"href":"https:\/\/xindasafety.com\/fr\/wp-json\/wp\/v2\/types\/product"}],"version-history":[{"count":1,"href":"https:\/\/xindasafety.com\/fr\/wp-json\/wp\/v2\/product\/7167\/revisions"}],"predecessor-version":[{"id":7178,"href":"https:\/\/xindasafety.com\/fr\/wp-json\/wp\/v2\/product\/7167\/revisions\/7178"}],"wp:featuredmedia":[{"embeddable":true,"href":"https:\/\/xindasafety.com\/fr\/wp-json\/wp\/v2\/media\/7168"}],"wp:attachment":[{"href":"https:\/\/xindasafety.com\/fr\/wp-json\/wp\/v2\/media?parent=7167"}],"wp:term":[{"taxonomy":"product_brand","embeddable":true,"href":"https:\/\/xindasafety.com\/fr\/wp-json\/wp\/v2\/product_brand?post=7167"},{"taxonomy":"product_cat","embeddable":true,"href":"https:\/\/xindasafety.com\/fr\/wp-json\/wp\/v2\/product_cat?post=7167"},{"taxonomy":"product_tag","embeddable":true,"href":"https:\/\/xindasafety.com\/fr\/wp-json\/wp\/v2\/product_tag?post=7167"}],"curies":[{"name":"wp","href":"https:\/\/api.w.org\/{rel}","templated":true}]}}