{"id":7085,"date":"2026-04-20T03:12:37","date_gmt":"2026-04-20T03:12:37","guid":{"rendered":"https:\/\/xindasafety.com\/?post_type=product&#038;p=7085"},"modified":"2026-04-20T03:12:37","modified_gmt":"2026-04-20T03:12:37","slug":"xd8652","status":"publish","type":"product","link":"https:\/\/xindasafety.com\/fr\/product\/xd8652\/","title":{"rendered":"XD8652"},"content":{"rendered":"<p class=\"ds-markdown-paragraph\"><strong>Nom du produit :<\/strong>\u00a0Figure 8 Descendeur (asym\u00e9trique)<br \/>\n<strong>Marque :<\/strong>\u00a0Xinda<\/p>\n<p class=\"ds-markdown-paragraph\"><strong>Num\u00e9ro de mod\u00e8le :<\/strong>\u00a0XD-8652<\/p>\n<p class=\"ds-markdown-paragraph\"><strong>Mat\u00e9riau :<\/strong>\u00a0Alliage d'aluminium \u00e0 haute r\u00e9sistance<\/p>\n<p class=\"ds-markdown-paragraph\"><strong>Charge de rupture :<\/strong>\u00a030 kN (environ 3000 kg)<\/p>\n<p class=\"ds-markdown-paragraph\"><strong>Poids :<\/strong>\u00a0134 g<\/p>\n<p class=\"ds-markdown-paragraph\"><strong>Diam\u00e8tre de corde applicable :<\/strong>\u00a08-13 mm<\/p>\n<p class=\"ds-markdown-paragraph\"><strong>Standard :<\/strong>\u00a0XF 494-2023<\/p>\n<p class=\"ds-markdown-paragraph\"><strong>Taille :<\/strong>\u00a013 \u00d7 9,7 \u00d7 4,8 cm<\/p>\n<p class=\"ds-markdown-paragraph\"><strong>Champ d'application :<\/strong><br \/>\nEscalade en plein air, escalade, exp\u00e9dition, sp\u00e9l\u00e9ologie, descente en rappel, travail en haute altitude, protection industrielle et autres activit\u00e9s de plein air.<\/p>","protected":false},"excerpt":{"rendered":"<p><strong>Descendeur Xinda Figure 8 (polyvalent : escalade, descente en rappel, travail en haute altitude, descente en rappel, assurage, descente lente)<\/strong><\/p>","protected":false},"featured_media":7080,"template":"","meta":{"_acf_changed":false},"product_brand":[],"product_cat":[56,105],"product_tag":[92,315,212,338,340,345,326],"class_list":{"0":"post-7085","1":"product","2":"type-product","3":"status-publish","4":"has-post-thumbnail","6":"product_cat-descebder","7":"product_cat-descender-gen-1","8":"product_tag-descender","9":"product_tag-figure-8-descender","10":"product_tag-rope","11":"product_tag-ropeaccess","12":"product_tag-ropedevice-ropeequipment","13":"product_tag-ropeequipment","14":"product_tag-xinda","16":"first","17":"instock","18":"shipping-taxable","19":"product-type-variable"},"acf":[],"_links":{"self":[{"href":"https:\/\/xindasafety.com\/fr\/wp-json\/wp\/v2\/product\/7085","targetHints":{"allow":["GET"]}}],"collection":[{"href":"https:\/\/xindasafety.com\/fr\/wp-json\/wp\/v2\/product"}],"about":[{"href":"https:\/\/xindasafety.com\/fr\/wp-json\/wp\/v2\/types\/product"}],"version-history":[{"count":1,"href":"https:\/\/xindasafety.com\/fr\/wp-json\/wp\/v2\/product\/7085\/revisions"}],"predecessor-version":[{"id":7089,"href":"https:\/\/xindasafety.com\/fr\/wp-json\/wp\/v2\/product\/7085\/revisions\/7089"}],"wp:featuredmedia":[{"embeddable":true,"href":"https:\/\/xindasafety.com\/fr\/wp-json\/wp\/v2\/media\/7080"}],"wp:attachment":[{"href":"https:\/\/xindasafety.com\/fr\/wp-json\/wp\/v2\/media?parent=7085"}],"wp:term":[{"taxonomy":"product_brand","embeddable":true,"href":"https:\/\/xindasafety.com\/fr\/wp-json\/wp\/v2\/product_brand?post=7085"},{"taxonomy":"product_cat","embeddable":true,"href":"https:\/\/xindasafety.com\/fr\/wp-json\/wp\/v2\/product_cat?post=7085"},{"taxonomy":"product_tag","embeddable":true,"href":"https:\/\/xindasafety.com\/fr\/wp-json\/wp\/v2\/product_tag?post=7085"}],"curies":[{"name":"wp","href":"https:\/\/api.w.org\/{rel}","templated":true}]}}