{"id":6992,"date":"2026-04-17T08:32:51","date_gmt":"2026-04-17T08:32:51","guid":{"rendered":"https:\/\/xindasafety.com\/?post_type=product&#038;p=6992"},"modified":"2026-04-17T08:49:56","modified_gmt":"2026-04-17T08:49:56","slug":"xd6018bh","status":"publish","type":"product","link":"https:\/\/xindasafety.com\/fr\/product\/xd6018bh\/","title":{"rendered":"XD6018BH"},"content":{"rendered":"<p class=\"ds-markdown-paragraph\"><strong>Nom du produit :<\/strong>\u00a0R\u00e9tracteur \u00e9lectrique d'assistance \u00e0 la corde<br \/>\n<strong>Marque :<\/strong>\u00a0Xinda<br \/>\n<strong>Num\u00e9ro de mod\u00e8le :<\/strong>\u00a0XD6018BH<br \/>\n<strong>Mat\u00e9riau :<\/strong>\u00a0Alliage d'aluminium \u00e0 haute r\u00e9sistance<br \/>\n<strong>Charge de rupture (MBS) :<\/strong>\u00a025 kN (environ 2550 kg)<br \/>\n<strong>Limite de charge de travail (WLL) :<\/strong>\u00a05 kN (environ 510 kg)<br \/>\n<strong>Poids :<\/strong>\u00a0437 g<br \/>\n<strong>Diam\u00e8tre de corde applicable :<\/strong>\u00a08-13 mm<br \/>\n<strong>Standard :<\/strong>\u00a0XF 494-2023<br \/>\n<strong>Taille :<\/strong>\u00a075 \u00d7 150 \u00d7 30 mm<\/p>\n<h3>Champ d'application :<\/h3>\n<p class=\"ds-markdown-paragraph\">Travaux ext\u00e9rieurs en haute altitude, r\u00e9paration ext\u00e9rieure d'immeubles de grande hauteur, nettoyage de murs-rideaux en verre, stockage de cordes et autres applications d'acc\u00e8s par corde.<\/p>","protected":false},"excerpt":{"rendered":"<p>Xinda Universal Electric Drill Rope Retractor \/ Rope Winder, un outil \u00e9lectrique d'enroulement de corde efficace pour les travaux en haute altitude et le nettoyage des murs ext\u00e9rieurs.<\/p>","protected":false},"featured_media":6995,"template":"","meta":{"_acf_changed":false},"product_brand":[],"product_cat":[68],"product_tag":[339,338,340,326],"class_list":{"0":"post-6992","1":"product","2":"type-product","3":"status-publish","4":"has-post-thumbnail","6":"product_cat-auxiliary-tools","7":"product_tag-electric-rope-assist-retractor","8":"product_tag-ropeaccess","9":"product_tag-ropedevice-ropeequipment","10":"product_tag-xinda","12":"first","13":"instock","14":"shipping-taxable","15":"product-type-simple"},"acf":[],"_links":{"self":[{"href":"https:\/\/xindasafety.com\/fr\/wp-json\/wp\/v2\/product\/6992","targetHints":{"allow":["GET"]}}],"collection":[{"href":"https:\/\/xindasafety.com\/fr\/wp-json\/wp\/v2\/product"}],"about":[{"href":"https:\/\/xindasafety.com\/fr\/wp-json\/wp\/v2\/types\/product"}],"version-history":[{"count":2,"href":"https:\/\/xindasafety.com\/fr\/wp-json\/wp\/v2\/product\/6992\/revisions"}],"predecessor-version":[{"id":7000,"href":"https:\/\/xindasafety.com\/fr\/wp-json\/wp\/v2\/product\/6992\/revisions\/7000"}],"wp:featuredmedia":[{"embeddable":true,"href":"https:\/\/xindasafety.com\/fr\/wp-json\/wp\/v2\/media\/6995"}],"wp:attachment":[{"href":"https:\/\/xindasafety.com\/fr\/wp-json\/wp\/v2\/media?parent=6992"}],"wp:term":[{"taxonomy":"product_brand","embeddable":true,"href":"https:\/\/xindasafety.com\/fr\/wp-json\/wp\/v2\/product_brand?post=6992"},{"taxonomy":"product_cat","embeddable":true,"href":"https:\/\/xindasafety.com\/fr\/wp-json\/wp\/v2\/product_cat?post=6992"},{"taxonomy":"product_tag","embeddable":true,"href":"https:\/\/xindasafety.com\/fr\/wp-json\/wp\/v2\/product_tag?post=6992"}],"curies":[{"name":"wp","href":"https:\/\/api.w.org\/{rel}","templated":true}]}}