{"id":6690,"date":"2025-12-24T07:21:53","date_gmt":"2025-12-24T07:21:53","guid":{"rendered":"https:\/\/xindasafety.com\/?post_type=product&#038;p=6690"},"modified":"2026-04-22T02:29:12","modified_gmt":"2026-04-22T02:29:12","slug":"xinda-h6-ascendeur-sans-poignee","status":"publish","type":"product","link":"https:\/\/xindasafety.com\/fr\/product\/xinda-h6-handleless-ascender\/","title":{"rendered":"HH8649GG"},"content":{"rendered":"<p data-start=\"96\" data-end=\"391\"><strong data-start=\"96\" data-end=\"113\">Nom du produit :<\/strong> Ascenseur \u00e0 main sans poign\u00e9e<br data-start=\"138\" data-end=\"141\" \/><strong data-start=\"141\" data-end=\"151\">Marque :<\/strong> Xinda<br data-start=\"157\" data-end=\"160\" \/><strong data-start=\"160\" data-end=\"174\">Num\u00e9ro de mod\u00e8le :<\/strong> HH-8649<br data-start=\"182\" data-end=\"185\" \/><strong data-start=\"185\" data-end=\"198\" data-is-only-node=\"\">Mat\u00e9riau :<\/strong> Alliage d'aluminium \u00e0 haute r\u00e9sistance + acier inoxydable<br data-start=\"245\" data-end=\"248\" \/><strong data-start=\"248\" data-end=\"266\">Charge de rupture :<\/strong> 100 kg<br data-start=\"273\" data-end=\"276\" \/><strong data-start=\"276\" data-end=\"287\">Poids :<\/strong> 151 g<br data-start=\"293\" data-end=\"296\" \/><strong data-start=\"296\" data-end=\"325\">Diam\u00e8tre de corde applicable :<\/strong> 8-13 mm<br data-start=\"333\" data-end=\"336\" \/><strong data-start=\"336\" data-end=\"349\">Standard :<\/strong> XF 494-2023<br data-start=\"361\" data-end=\"364\" \/><strong data-start=\"364\" data-end=\"373\">Taille :<\/strong> 11,7 \u00d7 8 \u00d7 3 cm<\/p>\n<p data-start=\"393\" data-end=\"583\"><strong data-start=\"393\" data-end=\"415\">Champ d'application :<\/strong><br data-start=\"415\" data-end=\"418\" \/>Alpinisme, escalade, exp\u00e9dition, sp\u00e9l\u00e9ologie, SRT (Single Rope Technique), sauvetage en ext\u00e9rieur, formation \u00e0 l'ascension en int\u00e9rieur, acc\u00e8s par corde et autres activit\u00e9s de plein air.<\/p>","protected":false},"excerpt":{"rendered":"<p>XINDA Troisi\u00e8me g\u00e9n\u00e9ration d'ascenseurs \u00e0 main sans poign\u00e9e de la s\u00e9rie H pour l'acc\u00e8s aux cordes et l'escalade - H6 Rope Ascender<\/p>","protected":false},"featured_media":6691,"template":"","meta":{"_acf_changed":false},"product_brand":[],"product_cat":[101],"product_tag":[198,199,326],"class_list":{"0":"post-6690","1":"product","2":"type-product","3":"status-publish","4":"has-post-thumbnail","6":"product_cat-asender-generation-3","7":"product_tag-ascender","8":"product_tag-handleless-hand-ascender","9":"product_tag-xinda","11":"first","12":"instock","13":"shipping-taxable","14":"product-type-simple"},"acf":[],"_links":{"self":[{"href":"https:\/\/xindasafety.com\/fr\/wp-json\/wp\/v2\/product\/6690","targetHints":{"allow":["GET"]}}],"collection":[{"href":"https:\/\/xindasafety.com\/fr\/wp-json\/wp\/v2\/product"}],"about":[{"href":"https:\/\/xindasafety.com\/fr\/wp-json\/wp\/v2\/types\/product"}],"version-history":[{"count":4,"href":"https:\/\/xindasafety.com\/fr\/wp-json\/wp\/v2\/product\/6690\/revisions"}],"predecessor-version":[{"id":7376,"href":"https:\/\/xindasafety.com\/fr\/wp-json\/wp\/v2\/product\/6690\/revisions\/7376"}],"wp:featuredmedia":[{"embeddable":true,"href":"https:\/\/xindasafety.com\/fr\/wp-json\/wp\/v2\/media\/6691"}],"wp:attachment":[{"href":"https:\/\/xindasafety.com\/fr\/wp-json\/wp\/v2\/media?parent=6690"}],"wp:term":[{"taxonomy":"product_brand","embeddable":true,"href":"https:\/\/xindasafety.com\/fr\/wp-json\/wp\/v2\/product_brand?post=6690"},{"taxonomy":"product_cat","embeddable":true,"href":"https:\/\/xindasafety.com\/fr\/wp-json\/wp\/v2\/product_cat?post=6690"},{"taxonomy":"product_tag","embeddable":true,"href":"https:\/\/xindasafety.com\/fr\/wp-json\/wp\/v2\/product_tag?post=6690"}],"curies":[{"name":"wp","href":"https:\/\/api.w.org\/{rel}","templated":true}]}}