{"id":6667,"date":"2025-12-01T07:00:37","date_gmt":"2025-12-01T07:00:37","guid":{"rendered":"https:\/\/xindasafety.com\/?post_type=product&#038;p=6667"},"modified":"2026-01-18T08:15:36","modified_gmt":"2026-01-18T08:15:36","slug":"poulie-a-vent-et-a-feu","status":"publish","type":"product","link":"https:\/\/xindasafety.com\/fr\/product\/wind-fire-pulley\/","title":{"rendered":"XD9788"},"content":{"rendered":"<p><strong data-start=\"52\" data-end=\"69\">Nom du produit :<\/strong> Poulie de blocage automatique Wind Fire<br data-start=\"105\" data-end=\"108\" \/><strong data-start=\"108\" data-end=\"118\">Marque :<\/strong> Xinda<br data-start=\"124\" data-end=\"127\" \/><strong data-start=\"127\" data-end=\"141\" data-is-only-node=\"\">Num\u00e9ro de mod\u00e8le :<\/strong> XD-9788<br data-start=\"149\" data-end=\"152\" \/><strong data-start=\"152\" data-end=\"165\">Mat\u00e9riau :<\/strong> Acier inoxydable<br data-start=\"181\" data-end=\"184\" \/><strong data-start=\"184\" data-end=\"206\">R\u00e9sistance \u00e0 la rupture :<\/strong><br data-start=\"206\" data-end=\"209\" \/>- Poulie double : 36 kN<br data-start=\"231\" data-end=\"234\" \/>- Poulie simple : 28 kN<br data-start=\"256\" data-end=\"259\" \/><strong data-start=\"259\" data-end=\"288\">Diam\u00e8tre de corde applicable :<\/strong> 10,5-12 mm<br data-start=\"299\" data-end=\"302\" \/><strong data-start=\"302\" data-end=\"313\">Poids :<\/strong><br data-start=\"313\" data-end=\"316\" \/>- Poulie double : 913 g<br data-start=\"338\" data-end=\"341\" \/>- Poulie simple : 630 g<br data-start=\"363\" data-end=\"366\" \/><strong data-start=\"366\" data-end=\"387\">Produit standard :<\/strong> XF494-2023<br data-start=\"398\" data-end=\"401\" \/><strong data-start=\"401\" data-end=\"423\">Champ d'application :<\/strong> Travers\u00e9e en plein air, travail a\u00e9rien, transport de marchandises, descente en rappel, protection contre l'expansion, op\u00e9rations de remorquage, syst\u00e8mes de poulies et activit\u00e9s connexes<\/p>","protected":false},"excerpt":{"rendered":"<p>Xinda Wind Fire Wheel Pulley - Poulie autobloquante, Ascenseur de levage, Syst\u00e8me de poulie m\u00e9canique d\u00e9brayable pour le sauvetage, le levage et le transport de mat\u00e9riel.<\/p>","protected":false},"featured_media":6668,"template":"","meta":{"_acf_changed":false},"product_brand":[],"product_cat":[128],"product_tag":[321,169,325,326],"class_list":{"0":"post-6667","1":"product","2":"type-product","3":"status-publish","4":"has-post-thumbnail","6":"product_cat-pulley-gen3","7":"product_tag-41-pulley-system","8":"product_tag-pulley","9":"product_tag-wind-fire-pulley","10":"product_tag-xinda","12":"first","13":"instock","14":"shipping-taxable","15":"product-type-variable"},"acf":[],"_links":{"self":[{"href":"https:\/\/xindasafety.com\/fr\/wp-json\/wp\/v2\/product\/6667","targetHints":{"allow":["GET"]}}],"collection":[{"href":"https:\/\/xindasafety.com\/fr\/wp-json\/wp\/v2\/product"}],"about":[{"href":"https:\/\/xindasafety.com\/fr\/wp-json\/wp\/v2\/types\/product"}],"version-history":[{"count":2,"href":"https:\/\/xindasafety.com\/fr\/wp-json\/wp\/v2\/product\/6667\/revisions"}],"predecessor-version":[{"id":6742,"href":"https:\/\/xindasafety.com\/fr\/wp-json\/wp\/v2\/product\/6667\/revisions\/6742"}],"wp:featuredmedia":[{"embeddable":true,"href":"https:\/\/xindasafety.com\/fr\/wp-json\/wp\/v2\/media\/6668"}],"wp:attachment":[{"href":"https:\/\/xindasafety.com\/fr\/wp-json\/wp\/v2\/media?parent=6667"}],"wp:term":[{"taxonomy":"product_brand","embeddable":true,"href":"https:\/\/xindasafety.com\/fr\/wp-json\/wp\/v2\/product_brand?post=6667"},{"taxonomy":"product_cat","embeddable":true,"href":"https:\/\/xindasafety.com\/fr\/wp-json\/wp\/v2\/product_cat?post=6667"},{"taxonomy":"product_tag","embeddable":true,"href":"https:\/\/xindasafety.com\/fr\/wp-json\/wp\/v2\/product_tag?post=6667"}],"curies":[{"name":"wp","href":"https:\/\/api.w.org\/{rel}","templated":true}]}}